{"id":812,"date":"2019-02-05T16:35:14","date_gmt":"2019-02-05T15:35:14","guid":{"rendered":"https:\/\/www.gamme-anti-age-feher.com\/?post_type=product&#038;p=812"},"modified":"2022-09-04T20:40:51","modified_gmt":"2022-09-04T18:40:51","slug":"creme-radiance-acide-hyluronique-extraits-marins-homme-femme","status":"publish","type":"product","link":"https:\/\/gamme-anti-age-feher.com\/en\/vente-en-ligne\/creme-radiance-acide-hyluronique-extraits-marins-homme-femme\/","title":{"rendered":"CR\u00c8ME RADIANCE"},"content":{"rendered":"<p>Une cr\u00e8me de jour et de nuit anti-oxydante et anti-radicalaire, pour homme et femme.<br \/>\nPuissamment concentr\u00e9 en principes actifs performants comme l&rsquo;acide hyaluronique, et des extraits marins.<br \/>\nCette cr\u00e8me assure un v\u00e9ritable soin complet anti-rides \u00e0 elle seule, avec un effet repulpant et botox like.<br \/>\nElle poss\u00e8de \u00e9galement des propri\u00e9t\u00e9s \u00e9claircissantes gr\u00e2ce \u00e0 l\u2019extrait de landidum flore.<\/p>","protected":false},"excerpt":{"rendered":"<p>Une cr\u00e8me de jour et de nuit anti-oxydante et anti-rides, pour homme et femme.<\/p>\n<p>Riches en acide hyaluronique et en extraits marins, un\u00a0v\u00e9ritable soin complet anti-rides, effet repulpant et botox like.<\/p>","protected":false},"featured_media":7387,"comment_status":"open","ping_status":"closed","template":"","meta":[],"product_brand":[],"product_cat":[104],"product_tag":[92,95,97,96,81,89,91,90,99,93,87,86,88,94],"class_list":{"0":"post-812","1":"product","2":"type-product","3":"status-publish","4":"has-post-thumbnail","6":"product_cat-de-jour-et-de-nuit","7":"product_tag-acide-hyaluronique","8":"product_tag-anti-age","9":"product_tag-anti-rides","10":"product_tag-botox","11":"product_tag-creme","12":"product_tag-de-jour","13":"product_tag-de-jour-et-de-nuit","14":"product_tag-nuit","15":"product_tag-eclaircissante","16":"product_tag-extraits-marins","17":"product_tag-femme","18":"product_tag-homme","19":"product_tag-mixte","20":"product_tag-radiance","22":"first","23":"instock","24":"shipping-taxable","25":"purchasable","26":"product-type-simple"},"yoast_head":"<!-- This site is optimized with the Yoast SEO plugin v27.2 - https:\/\/yoast.com\/product\/yoast-seo-wordpress\/ -->\n<title>CR\u00c8ME RADIANCE - Gamme Dermocosm\u00e9tique Catherine FEHER<\/title>\n<meta name=\"description\" content=\"Une cr\u00e8me de jour et de nuit anti-oxydante, pour homme et femme. Concentr\u00e9e et riche en principes actifs comme l&#039;acide hyaluronique, et des extraits marins.\" \/>\n<meta name=\"robots\" content=\"index, follow, max-snippet:-1, max-image-preview:large, max-video-preview:-1\" \/>\n<link rel=\"canonical\" href=\"https:\/\/gamme-anti-age-feher.com\/en\/vente-en-ligne\/creme-radiance-acide-hyluronique-extraits-marins-homme-femme\/\" \/>\n<meta property=\"og:locale\" content=\"en_US\" \/>\n<meta property=\"og:type\" content=\"article\" \/>\n<meta property=\"og:title\" content=\"CR\u00c8ME RADIANCE - Gamme Dermocosm\u00e9tique Catherine FEHER\" \/>\n<meta property=\"og:description\" content=\"Une cr\u00e8me de jour et de nuit anti-oxydante, pour homme et femme. Concentr\u00e9e et riche en principes actifs comme l&#039;acide hyaluronique, et des extraits marins.\" \/>\n<meta property=\"og:url\" content=\"https:\/\/gamme-anti-age-feher.com\/en\/vente-en-ligne\/creme-radiance-acide-hyluronique-extraits-marins-homme-femme\/\" \/>\n<meta property=\"og:site_name\" content=\"Gamme Dermocosm\u00e9tique Catherine FEHER\" \/>\n<meta property=\"article:modified_time\" content=\"2022-09-04T18:40:51+00:00\" \/>\n<meta property=\"og:image\" content=\"https:\/\/gamme-anti-age-feher.com\/wp-content\/uploads\/2022\/09\/B1.jpg\" \/>\n\t<meta property=\"og:image:width\" content=\"600\" \/>\n\t<meta property=\"og:image:height\" content=\"600\" \/>\n\t<meta property=\"og:image:type\" content=\"image\/jpeg\" \/>\n<meta name=\"twitter:card\" content=\"summary_large_image\" \/>\n<script type=\"application\/ld+json\" class=\"yoast-schema-graph\">{\"@context\":\"https:\/\/schema.org\",\"@graph\":[{\"@type\":\"WebPage\",\"@id\":\"https:\/\/gamme-anti-age-feher.com\/vente-en-ligne\/creme-radiance-acide-hyluronique-extraits-marins-homme-femme\/\",\"url\":\"https:\/\/gamme-anti-age-feher.com\/vente-en-ligne\/creme-radiance-acide-hyluronique-extraits-marins-homme-femme\/\",\"name\":\"CR\u00c8ME RADIANCE - Gamme Dermocosm\u00e9tique Catherine FEHER\",\"isPartOf\":{\"@id\":\"https:\/\/gamme-anti-age-feher.com\/#website\"},\"primaryImageOfPage\":{\"@id\":\"https:\/\/gamme-anti-age-feher.com\/vente-en-ligne\/creme-radiance-acide-hyluronique-extraits-marins-homme-femme\/#primaryimage\"},\"image\":{\"@id\":\"https:\/\/gamme-anti-age-feher.com\/vente-en-ligne\/creme-radiance-acide-hyluronique-extraits-marins-homme-femme\/#primaryimage\"},\"thumbnailUrl\":\"https:\/\/gamme-anti-age-feher.com\/wp-content\/uploads\/2022\/09\/B1.jpg\",\"datePublished\":\"2019-02-05T15:35:14+00:00\",\"dateModified\":\"2022-09-04T18:40:51+00:00\",\"description\":\"Une cr\u00e8me de jour et de nuit anti-oxydante, pour homme et femme. Concentr\u00e9e et riche en principes actifs comme l'acide hyaluronique, et des extraits marins.\",\"breadcrumb\":{\"@id\":\"https:\/\/gamme-anti-age-feher.com\/vente-en-ligne\/creme-radiance-acide-hyluronique-extraits-marins-homme-femme\/#breadcrumb\"},\"inLanguage\":\"en-US\",\"potentialAction\":[{\"@type\":\"ReadAction\",\"target\":[\"https:\/\/gamme-anti-age-feher.com\/vente-en-ligne\/creme-radiance-acide-hyluronique-extraits-marins-homme-femme\/\"]}]},{\"@type\":\"ImageObject\",\"inLanguage\":\"en-US\",\"@id\":\"https:\/\/gamme-anti-age-feher.com\/vente-en-ligne\/creme-radiance-acide-hyluronique-extraits-marins-homme-femme\/#primaryimage\",\"url\":\"https:\/\/gamme-anti-age-feher.com\/wp-content\/uploads\/2022\/09\/B1.jpg\",\"contentUrl\":\"https:\/\/gamme-anti-age-feher.com\/wp-content\/uploads\/2022\/09\/B1.jpg\",\"width\":600,\"height\":600},{\"@type\":\"BreadcrumbList\",\"@id\":\"https:\/\/gamme-anti-age-feher.com\/vente-en-ligne\/creme-radiance-acide-hyluronique-extraits-marins-homme-femme\/#breadcrumb\",\"itemListElement\":[{\"@type\":\"ListItem\",\"position\":1,\"name\":\"Accueil\",\"item\":\"https:\/\/gamme-anti-age-feher.com\/\"},{\"@type\":\"ListItem\",\"position\":2,\"name\":\"Boutique\",\"item\":\"https:\/\/gamme-anti-age-feher.com\/boutique\/\"},{\"@type\":\"ListItem\",\"position\":3,\"name\":\"CR\u00c8ME RADIANCE\"}]},{\"@type\":\"WebSite\",\"@id\":\"https:\/\/gamme-anti-age-feher.com\/#website\",\"url\":\"https:\/\/gamme-anti-age-feher.com\/\",\"name\":\"Gamme Dermocosm\u00e9tique Catherine FEHER\",\"description\":\"L&#039;excellence \u00e0 la fran\u00e7aise avec des produits 100% fran\u00e7ais !\",\"potentialAction\":[{\"@type\":\"SearchAction\",\"target\":{\"@type\":\"EntryPoint\",\"urlTemplate\":\"https:\/\/gamme-anti-age-feher.com\/?s={search_term_string}\"},\"query-input\":{\"@type\":\"PropertyValueSpecification\",\"valueRequired\":true,\"valueName\":\"search_term_string\"}}],\"inLanguage\":\"en-US\"}]}<\/script>\n<!-- \/ Yoast SEO plugin. -->","yoast_head_json":{"title":"CR\u00c8ME RADIANCE - Gamme Dermocosm\u00e9tique Catherine FEHER","description":"Une cr\u00e8me de jour et de nuit anti-oxydante, pour homme et femme. Concentr\u00e9e et riche en principes actifs comme l'acide hyaluronique, et des extraits marins.","robots":{"index":"index","follow":"follow","max-snippet":"max-snippet:-1","max-image-preview":"max-image-preview:large","max-video-preview":"max-video-preview:-1"},"canonical":"https:\/\/gamme-anti-age-feher.com\/en\/vente-en-ligne\/creme-radiance-acide-hyluronique-extraits-marins-homme-femme\/","og_locale":"en_US","og_type":"article","og_title":"CR\u00c8ME RADIANCE - Gamme Dermocosm\u00e9tique Catherine FEHER","og_description":"Une cr\u00e8me de jour et de nuit anti-oxydante, pour homme et femme. Concentr\u00e9e et riche en principes actifs comme l'acide hyaluronique, et des extraits marins.","og_url":"https:\/\/gamme-anti-age-feher.com\/en\/vente-en-ligne\/creme-radiance-acide-hyluronique-extraits-marins-homme-femme\/","og_site_name":"Gamme Dermocosm\u00e9tique Catherine FEHER","article_modified_time":"2022-09-04T18:40:51+00:00","og_image":[{"width":600,"height":600,"url":"https:\/\/gamme-anti-age-feher.com\/wp-content\/uploads\/2022\/09\/B1.jpg","type":"image\/jpeg"}],"twitter_card":"summary_large_image","schema":{"@context":"https:\/\/schema.org","@graph":[{"@type":"WebPage","@id":"https:\/\/gamme-anti-age-feher.com\/vente-en-ligne\/creme-radiance-acide-hyluronique-extraits-marins-homme-femme\/","url":"https:\/\/gamme-anti-age-feher.com\/vente-en-ligne\/creme-radiance-acide-hyluronique-extraits-marins-homme-femme\/","name":"CR\u00c8ME RADIANCE - Gamme Dermocosm\u00e9tique Catherine FEHER","isPartOf":{"@id":"https:\/\/gamme-anti-age-feher.com\/#website"},"primaryImageOfPage":{"@id":"https:\/\/gamme-anti-age-feher.com\/vente-en-ligne\/creme-radiance-acide-hyluronique-extraits-marins-homme-femme\/#primaryimage"},"image":{"@id":"https:\/\/gamme-anti-age-feher.com\/vente-en-ligne\/creme-radiance-acide-hyluronique-extraits-marins-homme-femme\/#primaryimage"},"thumbnailUrl":"https:\/\/gamme-anti-age-feher.com\/wp-content\/uploads\/2022\/09\/B1.jpg","datePublished":"2019-02-05T15:35:14+00:00","dateModified":"2022-09-04T18:40:51+00:00","description":"Une cr\u00e8me de jour et de nuit anti-oxydante, pour homme et femme. Concentr\u00e9e et riche en principes actifs comme l'acide hyaluronique, et des extraits marins.","breadcrumb":{"@id":"https:\/\/gamme-anti-age-feher.com\/vente-en-ligne\/creme-radiance-acide-hyluronique-extraits-marins-homme-femme\/#breadcrumb"},"inLanguage":"en-US","potentialAction":[{"@type":"ReadAction","target":["https:\/\/gamme-anti-age-feher.com\/vente-en-ligne\/creme-radiance-acide-hyluronique-extraits-marins-homme-femme\/"]}]},{"@type":"ImageObject","inLanguage":"en-US","@id":"https:\/\/gamme-anti-age-feher.com\/vente-en-ligne\/creme-radiance-acide-hyluronique-extraits-marins-homme-femme\/#primaryimage","url":"https:\/\/gamme-anti-age-feher.com\/wp-content\/uploads\/2022\/09\/B1.jpg","contentUrl":"https:\/\/gamme-anti-age-feher.com\/wp-content\/uploads\/2022\/09\/B1.jpg","width":600,"height":600},{"@type":"BreadcrumbList","@id":"https:\/\/gamme-anti-age-feher.com\/vente-en-ligne\/creme-radiance-acide-hyluronique-extraits-marins-homme-femme\/#breadcrumb","itemListElement":[{"@type":"ListItem","position":1,"name":"Accueil","item":"https:\/\/gamme-anti-age-feher.com\/"},{"@type":"ListItem","position":2,"name":"Boutique","item":"https:\/\/gamme-anti-age-feher.com\/boutique\/"},{"@type":"ListItem","position":3,"name":"CR\u00c8ME RADIANCE"}]},{"@type":"WebSite","@id":"https:\/\/gamme-anti-age-feher.com\/#website","url":"https:\/\/gamme-anti-age-feher.com\/","name":"Gamme Dermocosm\u00e9tique Catherine FEHER","description":"L&#039;excellence \u00e0 la fran\u00e7aise avec des produits 100% fran\u00e7ais !","potentialAction":[{"@type":"SearchAction","target":{"@type":"EntryPoint","urlTemplate":"https:\/\/gamme-anti-age-feher.com\/?s={search_term_string}"},"query-input":{"@type":"PropertyValueSpecification","valueRequired":true,"valueName":"search_term_string"}}],"inLanguage":"en-US"}]}},"_links":{"self":[{"href":"https:\/\/gamme-anti-age-feher.com\/en\/wp-json\/wp\/v2\/product\/812","targetHints":{"allow":["GET"]}}],"collection":[{"href":"https:\/\/gamme-anti-age-feher.com\/en\/wp-json\/wp\/v2\/product"}],"about":[{"href":"https:\/\/gamme-anti-age-feher.com\/en\/wp-json\/wp\/v2\/types\/product"}],"replies":[{"embeddable":true,"href":"https:\/\/gamme-anti-age-feher.com\/en\/wp-json\/wp\/v2\/comments?post=812"}],"wp:featuredmedia":[{"embeddable":true,"href":"https:\/\/gamme-anti-age-feher.com\/en\/wp-json\/wp\/v2\/media\/7387"}],"wp:attachment":[{"href":"https:\/\/gamme-anti-age-feher.com\/en\/wp-json\/wp\/v2\/media?parent=812"}],"wp:term":[{"taxonomy":"product_brand","embeddable":true,"href":"https:\/\/gamme-anti-age-feher.com\/en\/wp-json\/wp\/v2\/product_brand?post=812"},{"taxonomy":"product_cat","embeddable":true,"href":"https:\/\/gamme-anti-age-feher.com\/en\/wp-json\/wp\/v2\/product_cat?post=812"},{"taxonomy":"product_tag","embeddable":true,"href":"https:\/\/gamme-anti-age-feher.com\/en\/wp-json\/wp\/v2\/product_tag?post=812"}],"curies":[{"name":"wp","href":"https:\/\/api.w.org\/{rel}","templated":true}]}}