{"id":7558,"date":"2026-03-25T18:21:57","date_gmt":"2026-03-25T17:21:57","guid":{"rendered":"https:\/\/gamme-anti-age-feher.com\/?post_type=product&#038;p=7558"},"modified":"2026-03-25T18:26:26","modified_gmt":"2026-03-25T17:26:26","slug":"huile-merveilleuse-200ml","status":"publish","type":"product","link":"https:\/\/gamme-anti-age-feher.com\/en\/vente-en-ligne\/huile-merveilleuse-200ml\/","title":{"rendered":"Huile merveilleuse 200ml"},"content":{"rendered":"<p>Huile 100% naturelle \u00e0 base d&rsquo;huile de pamplemousse, de jojoba, d&rsquo;argan et de musc.<\/p>\n<p>Ne t\u00e2che pas les v\u00eatements \u00e0 l&rsquo;application.<\/p>","protected":false},"excerpt":{"rendered":"<p>Huile 100% naturelle \u00e0 base d&rsquo;huile de pamplemousse, de jojoba, d&rsquo;argan et de musc.<\/p>\n<p>Ne t\u00e2che pas les v\u00eatements \u00e0 l&rsquo;application.<\/p>","protected":false},"featured_media":7559,"comment_status":"open","ping_status":"closed","template":"","meta":[],"product_brand":[],"product_cat":[149],"product_tag":[],"class_list":{"0":"post-7558","1":"product","2":"type-product","3":"status-publish","4":"has-post-thumbnail","6":"product_cat-huile-visage-corps-cheveux","8":"first","9":"instock","10":"shipping-taxable","11":"purchasable","12":"product-type-simple"},"yoast_head":"<!-- This site is optimized with the Yoast SEO plugin v27.2 - https:\/\/yoast.com\/product\/yoast-seo-wordpress\/ -->\n<title>Huile merveilleuse 200ml - Gamme Dermocosm\u00e9tique Catherine FEHER<\/title>\n<meta name=\"description\" content=\"Huile 100% naturelle \u00e0 base d&#039;huile de pamplemousse, de jojoba, d&#039;argan et de musc. Ne t\u00e2che pas les v\u00eatements \u00e0 l&#039;application.\" \/>\n<meta name=\"robots\" content=\"index, follow, max-snippet:-1, max-image-preview:large, max-video-preview:-1\" \/>\n<link rel=\"canonical\" href=\"https:\/\/gamme-anti-age-feher.com\/en\/vente-en-ligne\/huile-merveilleuse-200ml\/\" \/>\n<meta property=\"og:locale\" content=\"en_US\" \/>\n<meta property=\"og:type\" content=\"article\" \/>\n<meta property=\"og:title\" content=\"Huile merveilleuse 200ml - Gamme Dermocosm\u00e9tique Catherine FEHER\" \/>\n<meta property=\"og:description\" content=\"Huile 100% naturelle \u00e0 base d&#039;huile de pamplemousse, de jojoba, d&#039;argan et de musc. Ne t\u00e2che pas les v\u00eatements \u00e0 l&#039;application.\" \/>\n<meta property=\"og:url\" content=\"https:\/\/gamme-anti-age-feher.com\/en\/vente-en-ligne\/huile-merveilleuse-200ml\/\" \/>\n<meta property=\"og:site_name\" content=\"Gamme Dermocosm\u00e9tique Catherine FEHER\" \/>\n<meta property=\"article:modified_time\" content=\"2026-03-25T17:26:26+00:00\" \/>\n<meta property=\"og:image\" content=\"https:\/\/gamme-anti-age-feher.com\/wp-content\/uploads\/2026\/03\/febe0147-5ed6-49a5-bbbe-744d1399fde5.jpg\" \/>\n\t<meta property=\"og:image:width\" content=\"1024\" \/>\n\t<meta property=\"og:image:height\" content=\"1536\" \/>\n\t<meta property=\"og:image:type\" content=\"image\/jpeg\" \/>\n<meta name=\"twitter:card\" content=\"summary_large_image\" \/>\n<meta name=\"twitter:label1\" content=\"Est. reading time\" \/>\n\t<meta name=\"twitter:data1\" content=\"1 minute\" \/>\n<script type=\"application\/ld+json\" class=\"yoast-schema-graph\">{\"@context\":\"https:\/\/schema.org\",\"@graph\":[{\"@type\":\"WebPage\",\"@id\":\"https:\/\/gamme-anti-age-feher.com\/vente-en-ligne\/huile-merveilleuse-200ml\/\",\"url\":\"https:\/\/gamme-anti-age-feher.com\/vente-en-ligne\/huile-merveilleuse-200ml\/\",\"name\":\"Huile merveilleuse 200ml - Gamme Dermocosm\u00e9tique Catherine FEHER\",\"isPartOf\":{\"@id\":\"https:\/\/gamme-anti-age-feher.com\/#website\"},\"primaryImageOfPage\":{\"@id\":\"https:\/\/gamme-anti-age-feher.com\/vente-en-ligne\/huile-merveilleuse-200ml\/#primaryimage\"},\"image\":{\"@id\":\"https:\/\/gamme-anti-age-feher.com\/vente-en-ligne\/huile-merveilleuse-200ml\/#primaryimage\"},\"thumbnailUrl\":\"https:\/\/gamme-anti-age-feher.com\/wp-content\/uploads\/2026\/03\/febe0147-5ed6-49a5-bbbe-744d1399fde5.jpg\",\"datePublished\":\"2026-03-25T17:21:57+00:00\",\"dateModified\":\"2026-03-25T17:26:26+00:00\",\"description\":\"Huile 100% naturelle \u00e0 base d'huile de pamplemousse, de jojoba, d'argan et de musc. Ne t\u00e2che pas les v\u00eatements \u00e0 l'application.\",\"breadcrumb\":{\"@id\":\"https:\/\/gamme-anti-age-feher.com\/vente-en-ligne\/huile-merveilleuse-200ml\/#breadcrumb\"},\"inLanguage\":\"en-US\",\"potentialAction\":[{\"@type\":\"ReadAction\",\"target\":[\"https:\/\/gamme-anti-age-feher.com\/vente-en-ligne\/huile-merveilleuse-200ml\/\"]}]},{\"@type\":\"ImageObject\",\"inLanguage\":\"en-US\",\"@id\":\"https:\/\/gamme-anti-age-feher.com\/vente-en-ligne\/huile-merveilleuse-200ml\/#primaryimage\",\"url\":\"https:\/\/gamme-anti-age-feher.com\/wp-content\/uploads\/2026\/03\/febe0147-5ed6-49a5-bbbe-744d1399fde5.jpg\",\"contentUrl\":\"https:\/\/gamme-anti-age-feher.com\/wp-content\/uploads\/2026\/03\/febe0147-5ed6-49a5-bbbe-744d1399fde5.jpg\",\"width\":1024,\"height\":1536},{\"@type\":\"BreadcrumbList\",\"@id\":\"https:\/\/gamme-anti-age-feher.com\/vente-en-ligne\/huile-merveilleuse-200ml\/#breadcrumb\",\"itemListElement\":[{\"@type\":\"ListItem\",\"position\":1,\"name\":\"Accueil\",\"item\":\"https:\/\/gamme-anti-age-feher.com\/\"},{\"@type\":\"ListItem\",\"position\":2,\"name\":\"Boutique\",\"item\":\"https:\/\/gamme-anti-age-feher.com\/boutique\/\"},{\"@type\":\"ListItem\",\"position\":3,\"name\":\"Huile merveilleuse 200ml\"}]},{\"@type\":\"WebSite\",\"@id\":\"https:\/\/gamme-anti-age-feher.com\/#website\",\"url\":\"https:\/\/gamme-anti-age-feher.com\/\",\"name\":\"Gamme Dermocosm\u00e9tique Catherine FEHER\",\"description\":\"L&#039;excellence \u00e0 la fran\u00e7aise avec des produits 100% fran\u00e7ais !\",\"potentialAction\":[{\"@type\":\"SearchAction\",\"target\":{\"@type\":\"EntryPoint\",\"urlTemplate\":\"https:\/\/gamme-anti-age-feher.com\/?s={search_term_string}\"},\"query-input\":{\"@type\":\"PropertyValueSpecification\",\"valueRequired\":true,\"valueName\":\"search_term_string\"}}],\"inLanguage\":\"en-US\"}]}<\/script>\n<!-- \/ Yoast SEO plugin. -->","yoast_head_json":{"title":"Huile merveilleuse 200ml - Gamme Dermocosm\u00e9tique Catherine FEHER","description":"Huile 100% naturelle \u00e0 base d'huile de pamplemousse, de jojoba, d'argan et de musc. Ne t\u00e2che pas les v\u00eatements \u00e0 l'application.","robots":{"index":"index","follow":"follow","max-snippet":"max-snippet:-1","max-image-preview":"max-image-preview:large","max-video-preview":"max-video-preview:-1"},"canonical":"https:\/\/gamme-anti-age-feher.com\/en\/vente-en-ligne\/huile-merveilleuse-200ml\/","og_locale":"en_US","og_type":"article","og_title":"Huile merveilleuse 200ml - Gamme Dermocosm\u00e9tique Catherine FEHER","og_description":"Huile 100% naturelle \u00e0 base d'huile de pamplemousse, de jojoba, d'argan et de musc. Ne t\u00e2che pas les v\u00eatements \u00e0 l'application.","og_url":"https:\/\/gamme-anti-age-feher.com\/en\/vente-en-ligne\/huile-merveilleuse-200ml\/","og_site_name":"Gamme Dermocosm\u00e9tique Catherine FEHER","article_modified_time":"2026-03-25T17:26:26+00:00","og_image":[{"width":1024,"height":1536,"url":"https:\/\/gamme-anti-age-feher.com\/wp-content\/uploads\/2026\/03\/febe0147-5ed6-49a5-bbbe-744d1399fde5.jpg","type":"image\/jpeg"}],"twitter_card":"summary_large_image","twitter_misc":{"Est. reading time":"1 minute"},"schema":{"@context":"https:\/\/schema.org","@graph":[{"@type":"WebPage","@id":"https:\/\/gamme-anti-age-feher.com\/vente-en-ligne\/huile-merveilleuse-200ml\/","url":"https:\/\/gamme-anti-age-feher.com\/vente-en-ligne\/huile-merveilleuse-200ml\/","name":"Huile merveilleuse 200ml - Gamme Dermocosm\u00e9tique Catherine FEHER","isPartOf":{"@id":"https:\/\/gamme-anti-age-feher.com\/#website"},"primaryImageOfPage":{"@id":"https:\/\/gamme-anti-age-feher.com\/vente-en-ligne\/huile-merveilleuse-200ml\/#primaryimage"},"image":{"@id":"https:\/\/gamme-anti-age-feher.com\/vente-en-ligne\/huile-merveilleuse-200ml\/#primaryimage"},"thumbnailUrl":"https:\/\/gamme-anti-age-feher.com\/wp-content\/uploads\/2026\/03\/febe0147-5ed6-49a5-bbbe-744d1399fde5.jpg","datePublished":"2026-03-25T17:21:57+00:00","dateModified":"2026-03-25T17:26:26+00:00","description":"Huile 100% naturelle \u00e0 base d'huile de pamplemousse, de jojoba, d'argan et de musc. Ne t\u00e2che pas les v\u00eatements \u00e0 l'application.","breadcrumb":{"@id":"https:\/\/gamme-anti-age-feher.com\/vente-en-ligne\/huile-merveilleuse-200ml\/#breadcrumb"},"inLanguage":"en-US","potentialAction":[{"@type":"ReadAction","target":["https:\/\/gamme-anti-age-feher.com\/vente-en-ligne\/huile-merveilleuse-200ml\/"]}]},{"@type":"ImageObject","inLanguage":"en-US","@id":"https:\/\/gamme-anti-age-feher.com\/vente-en-ligne\/huile-merveilleuse-200ml\/#primaryimage","url":"https:\/\/gamme-anti-age-feher.com\/wp-content\/uploads\/2026\/03\/febe0147-5ed6-49a5-bbbe-744d1399fde5.jpg","contentUrl":"https:\/\/gamme-anti-age-feher.com\/wp-content\/uploads\/2026\/03\/febe0147-5ed6-49a5-bbbe-744d1399fde5.jpg","width":1024,"height":1536},{"@type":"BreadcrumbList","@id":"https:\/\/gamme-anti-age-feher.com\/vente-en-ligne\/huile-merveilleuse-200ml\/#breadcrumb","itemListElement":[{"@type":"ListItem","position":1,"name":"Accueil","item":"https:\/\/gamme-anti-age-feher.com\/"},{"@type":"ListItem","position":2,"name":"Boutique","item":"https:\/\/gamme-anti-age-feher.com\/boutique\/"},{"@type":"ListItem","position":3,"name":"Huile merveilleuse 200ml"}]},{"@type":"WebSite","@id":"https:\/\/gamme-anti-age-feher.com\/#website","url":"https:\/\/gamme-anti-age-feher.com\/","name":"Gamme Dermocosm\u00e9tique Catherine FEHER","description":"L&#039;excellence \u00e0 la fran\u00e7aise avec des produits 100% fran\u00e7ais !","potentialAction":[{"@type":"SearchAction","target":{"@type":"EntryPoint","urlTemplate":"https:\/\/gamme-anti-age-feher.com\/?s={search_term_string}"},"query-input":{"@type":"PropertyValueSpecification","valueRequired":true,"valueName":"search_term_string"}}],"inLanguage":"en-US"}]}},"_links":{"self":[{"href":"https:\/\/gamme-anti-age-feher.com\/en\/wp-json\/wp\/v2\/product\/7558","targetHints":{"allow":["GET"]}}],"collection":[{"href":"https:\/\/gamme-anti-age-feher.com\/en\/wp-json\/wp\/v2\/product"}],"about":[{"href":"https:\/\/gamme-anti-age-feher.com\/en\/wp-json\/wp\/v2\/types\/product"}],"replies":[{"embeddable":true,"href":"https:\/\/gamme-anti-age-feher.com\/en\/wp-json\/wp\/v2\/comments?post=7558"}],"wp:featuredmedia":[{"embeddable":true,"href":"https:\/\/gamme-anti-age-feher.com\/en\/wp-json\/wp\/v2\/media\/7559"}],"wp:attachment":[{"href":"https:\/\/gamme-anti-age-feher.com\/en\/wp-json\/wp\/v2\/media?parent=7558"}],"wp:term":[{"taxonomy":"product_brand","embeddable":true,"href":"https:\/\/gamme-anti-age-feher.com\/en\/wp-json\/wp\/v2\/product_brand?post=7558"},{"taxonomy":"product_cat","embeddable":true,"href":"https:\/\/gamme-anti-age-feher.com\/en\/wp-json\/wp\/v2\/product_cat?post=7558"},{"taxonomy":"product_tag","embeddable":true,"href":"https:\/\/gamme-anti-age-feher.com\/en\/wp-json\/wp\/v2\/product_tag?post=7558"}],"curies":[{"name":"wp","href":"https:\/\/api.w.org\/{rel}","templated":true}]}}