{"id":7414,"date":"2022-09-04T20:54:18","date_gmt":"2022-09-04T18:54:18","guid":{"rendered":"https:\/\/www.gamme-anti-age-feher.com\/?post_type=product&#038;p=7414"},"modified":"2022-09-04T20:54:18","modified_gmt":"2022-09-04T18:54:18","slug":"serum-elixir-precieux-au-champagne-30ml","status":"publish","type":"product","link":"https:\/\/gamme-anti-age-feher.com\/en\/vente-en-ligne\/serum-elixir-precieux-au-champagne-30ml\/","title":{"rendered":"S\u00e9rum &#8211; \u00c9lixir pr\u00e9cieux au champagne &#8211; 30ml"},"content":{"rendered":"<p>Les 2 \u00e9lixirs sont les derniers n\u00e9s de la gamme dermocosm\u00e9tique Catherine FEHER.<\/p>\n<p>Le champagne v\u00e9gan associ\u00e9 \u00e0 l&rsquo;acide hyaluronique BIO et \u00e0 la vitamine E constituent l&rsquo;anti-oxydant le plus puissant actuellement sur le march\u00e9.<\/p>\n<p>De plus, ce complexe est un anti-inflammatoire cutan\u00e9 donc destin\u00e9 aussi aux peaux tr\u00e8s sensibles.<\/p>\n<p>&nbsp;<\/p>\n<p><em>Utilisation (matin et soir sur peau parfaitement nettoy\u00e9e) :\u00a0<\/em><\/p>\n<p><em>Application du s\u00e9rum \u00e9lixir puis a<span style=\"color: #333333;\">pplication de la cr\u00e8me \u00e9lixir<\/span><\/em><\/p>","protected":false},"excerpt":{"rendered":"<p>Les 2 \u00e9lixirs sont les derniers n\u00e9s de la gamme dermocosm\u00e9tique Catherine FEHER.<\/p>\n<p>Le champagne v\u00e9gan associ\u00e9 \u00e0 l&rsquo;acide hyaluronique BIO et \u00e0 la vitamine E constituent l&rsquo;anti-oxydant le plus puissant actuellement sur le march\u00e9.<\/p>\n<p>De plus, ce complexe est un anti-inflammatoire cutan\u00e9 donc destin\u00e9 aussi aux peaux tr\u00e8s sensibles.<\/p>\n<p>&nbsp;<\/p>\n<p><em>Utilisation (matin et soir sur peau parfaitement nettoy\u00e9e) :\u00a0<\/em><\/p>\n<p><em>Application du s\u00e9rum \u00e9lixir puis a<span style=\"color: #333333;\">pplication de la cr\u00e8me \u00e9lixir<\/span><\/em><\/p>","protected":false},"featured_media":7385,"comment_status":"open","ping_status":"closed","template":"","meta":[],"product_brand":[],"product_cat":[109],"product_tag":[],"class_list":{"0":"post-7414","1":"product","2":"type-product","3":"status-publish","4":"has-post-thumbnail","6":"product_cat-serum","8":"first","9":"instock","10":"shipping-taxable","11":"purchasable","12":"product-type-simple"},"yoast_head":"<!-- This site is optimized with the Yoast SEO plugin v27.2 - https:\/\/yoast.com\/product\/yoast-seo-wordpress\/ -->\n<title>S\u00e9rum - \u00c9lixir pr\u00e9cieux au champagne - 30ml - Gamme Dermocosm\u00e9tique Catherine FEHER<\/title>\n<meta name=\"description\" content=\"Les 2 \u00e9lixirs sont les derniers n\u00e9s de la gamme dermocosm\u00e9tique Catherine FEHER. Le champagne v\u00e9gan associ\u00e9 \u00e0 l&#039;acide hyaluronique BIO et \u00e0 la vitamine E constituent l&#039;anti-oxydant le plus puissant actuellement sur le march\u00e9. De plus, ce complexe est un anti-inflammatoire cutan\u00e9 donc destin\u00e9 aussi aux peaux tr\u00e8s sensibles.\" \/>\n<meta name=\"robots\" content=\"index, follow, max-snippet:-1, max-image-preview:large, max-video-preview:-1\" \/>\n<link rel=\"canonical\" href=\"https:\/\/gamme-anti-age-feher.com\/en\/vente-en-ligne\/serum-elixir-precieux-au-champagne-30ml\/\" \/>\n<meta property=\"og:locale\" content=\"en_US\" \/>\n<meta property=\"og:type\" content=\"article\" \/>\n<meta property=\"og:title\" content=\"S\u00e9rum - \u00c9lixir pr\u00e9cieux au champagne - 30ml - Gamme Dermocosm\u00e9tique Catherine FEHER\" \/>\n<meta property=\"og:description\" content=\"Les 2 \u00e9lixirs sont les derniers n\u00e9s de la gamme dermocosm\u00e9tique Catherine FEHER. Le champagne v\u00e9gan associ\u00e9 \u00e0 l&#039;acide hyaluronique BIO et \u00e0 la vitamine E constituent l&#039;anti-oxydant le plus puissant actuellement sur le march\u00e9. De plus, ce complexe est un anti-inflammatoire cutan\u00e9 donc destin\u00e9 aussi aux peaux tr\u00e8s sensibles.\" \/>\n<meta property=\"og:url\" content=\"https:\/\/gamme-anti-age-feher.com\/en\/vente-en-ligne\/serum-elixir-precieux-au-champagne-30ml\/\" \/>\n<meta property=\"og:site_name\" content=\"Gamme Dermocosm\u00e9tique Catherine FEHER\" \/>\n<meta property=\"og:image\" content=\"https:\/\/gamme-anti-age-feher.com\/wp-content\/uploads\/2022\/09\/A3.jpg\" \/>\n\t<meta property=\"og:image:width\" content=\"600\" \/>\n\t<meta property=\"og:image:height\" content=\"600\" \/>\n\t<meta property=\"og:image:type\" content=\"image\/jpeg\" \/>\n<meta name=\"twitter:card\" content=\"summary_large_image\" \/>\n<meta name=\"twitter:label1\" content=\"Est. reading time\" \/>\n\t<meta name=\"twitter:data1\" content=\"1 minute\" \/>\n<script type=\"application\/ld+json\" class=\"yoast-schema-graph\">{\"@context\":\"https:\/\/schema.org\",\"@graph\":[{\"@type\":\"WebPage\",\"@id\":\"https:\/\/gamme-anti-age-feher.com\/vente-en-ligne\/serum-elixir-precieux-au-champagne-30ml\/\",\"url\":\"https:\/\/gamme-anti-age-feher.com\/vente-en-ligne\/serum-elixir-precieux-au-champagne-30ml\/\",\"name\":\"S\u00e9rum - \u00c9lixir pr\u00e9cieux au champagne - 30ml - Gamme Dermocosm\u00e9tique Catherine FEHER\",\"isPartOf\":{\"@id\":\"https:\/\/gamme-anti-age-feher.com\/#website\"},\"primaryImageOfPage\":{\"@id\":\"https:\/\/gamme-anti-age-feher.com\/vente-en-ligne\/serum-elixir-precieux-au-champagne-30ml\/#primaryimage\"},\"image\":{\"@id\":\"https:\/\/gamme-anti-age-feher.com\/vente-en-ligne\/serum-elixir-precieux-au-champagne-30ml\/#primaryimage\"},\"thumbnailUrl\":\"https:\/\/gamme-anti-age-feher.com\/wp-content\/uploads\/2022\/09\/A3.jpg\",\"datePublished\":\"2022-09-04T18:54:18+00:00\",\"description\":\"Les 2 \u00e9lixirs sont les derniers n\u00e9s de la gamme dermocosm\u00e9tique Catherine FEHER. Le champagne v\u00e9gan associ\u00e9 \u00e0 l'acide hyaluronique BIO et \u00e0 la vitamine E constituent l'anti-oxydant le plus puissant actuellement sur le march\u00e9. De plus, ce complexe est un anti-inflammatoire cutan\u00e9 donc destin\u00e9 aussi aux peaux tr\u00e8s sensibles.\",\"breadcrumb\":{\"@id\":\"https:\/\/gamme-anti-age-feher.com\/vente-en-ligne\/serum-elixir-precieux-au-champagne-30ml\/#breadcrumb\"},\"inLanguage\":\"en-US\",\"potentialAction\":[{\"@type\":\"ReadAction\",\"target\":[\"https:\/\/gamme-anti-age-feher.com\/vente-en-ligne\/serum-elixir-precieux-au-champagne-30ml\/\"]}]},{\"@type\":\"ImageObject\",\"inLanguage\":\"en-US\",\"@id\":\"https:\/\/gamme-anti-age-feher.com\/vente-en-ligne\/serum-elixir-precieux-au-champagne-30ml\/#primaryimage\",\"url\":\"https:\/\/gamme-anti-age-feher.com\/wp-content\/uploads\/2022\/09\/A3.jpg\",\"contentUrl\":\"https:\/\/gamme-anti-age-feher.com\/wp-content\/uploads\/2022\/09\/A3.jpg\",\"width\":600,\"height\":600},{\"@type\":\"BreadcrumbList\",\"@id\":\"https:\/\/gamme-anti-age-feher.com\/vente-en-ligne\/serum-elixir-precieux-au-champagne-30ml\/#breadcrumb\",\"itemListElement\":[{\"@type\":\"ListItem\",\"position\":1,\"name\":\"Accueil\",\"item\":\"https:\/\/gamme-anti-age-feher.com\/\"},{\"@type\":\"ListItem\",\"position\":2,\"name\":\"Boutique\",\"item\":\"https:\/\/gamme-anti-age-feher.com\/boutique\/\"},{\"@type\":\"ListItem\",\"position\":3,\"name\":\"S\u00e9rum &#8211; \u00c9lixir pr\u00e9cieux au champagne &#8211; 30ml\"}]},{\"@type\":\"WebSite\",\"@id\":\"https:\/\/gamme-anti-age-feher.com\/#website\",\"url\":\"https:\/\/gamme-anti-age-feher.com\/\",\"name\":\"Gamme Dermocosm\u00e9tique Catherine FEHER\",\"description\":\"L&#039;excellence \u00e0 la fran\u00e7aise avec des produits 100% fran\u00e7ais !\",\"potentialAction\":[{\"@type\":\"SearchAction\",\"target\":{\"@type\":\"EntryPoint\",\"urlTemplate\":\"https:\/\/gamme-anti-age-feher.com\/?s={search_term_string}\"},\"query-input\":{\"@type\":\"PropertyValueSpecification\",\"valueRequired\":true,\"valueName\":\"search_term_string\"}}],\"inLanguage\":\"en-US\"}]}<\/script>\n<!-- \/ Yoast SEO plugin. -->","yoast_head_json":{"title":"S\u00e9rum - \u00c9lixir pr\u00e9cieux au champagne - 30ml - Gamme Dermocosm\u00e9tique Catherine FEHER","description":"Les 2 \u00e9lixirs sont les derniers n\u00e9s de la gamme dermocosm\u00e9tique Catherine FEHER. Le champagne v\u00e9gan associ\u00e9 \u00e0 l'acide hyaluronique BIO et \u00e0 la vitamine E constituent l'anti-oxydant le plus puissant actuellement sur le march\u00e9. De plus, ce complexe est un anti-inflammatoire cutan\u00e9 donc destin\u00e9 aussi aux peaux tr\u00e8s sensibles.","robots":{"index":"index","follow":"follow","max-snippet":"max-snippet:-1","max-image-preview":"max-image-preview:large","max-video-preview":"max-video-preview:-1"},"canonical":"https:\/\/gamme-anti-age-feher.com\/en\/vente-en-ligne\/serum-elixir-precieux-au-champagne-30ml\/","og_locale":"en_US","og_type":"article","og_title":"S\u00e9rum - \u00c9lixir pr\u00e9cieux au champagne - 30ml - Gamme Dermocosm\u00e9tique Catherine FEHER","og_description":"Les 2 \u00e9lixirs sont les derniers n\u00e9s de la gamme dermocosm\u00e9tique Catherine FEHER. Le champagne v\u00e9gan associ\u00e9 \u00e0 l'acide hyaluronique BIO et \u00e0 la vitamine E constituent l'anti-oxydant le plus puissant actuellement sur le march\u00e9. De plus, ce complexe est un anti-inflammatoire cutan\u00e9 donc destin\u00e9 aussi aux peaux tr\u00e8s sensibles.","og_url":"https:\/\/gamme-anti-age-feher.com\/en\/vente-en-ligne\/serum-elixir-precieux-au-champagne-30ml\/","og_site_name":"Gamme Dermocosm\u00e9tique Catherine FEHER","og_image":[{"width":600,"height":600,"url":"https:\/\/gamme-anti-age-feher.com\/wp-content\/uploads\/2022\/09\/A3.jpg","type":"image\/jpeg"}],"twitter_card":"summary_large_image","twitter_misc":{"Est. reading time":"1 minute"},"schema":{"@context":"https:\/\/schema.org","@graph":[{"@type":"WebPage","@id":"https:\/\/gamme-anti-age-feher.com\/vente-en-ligne\/serum-elixir-precieux-au-champagne-30ml\/","url":"https:\/\/gamme-anti-age-feher.com\/vente-en-ligne\/serum-elixir-precieux-au-champagne-30ml\/","name":"S\u00e9rum - \u00c9lixir pr\u00e9cieux au champagne - 30ml - Gamme Dermocosm\u00e9tique Catherine FEHER","isPartOf":{"@id":"https:\/\/gamme-anti-age-feher.com\/#website"},"primaryImageOfPage":{"@id":"https:\/\/gamme-anti-age-feher.com\/vente-en-ligne\/serum-elixir-precieux-au-champagne-30ml\/#primaryimage"},"image":{"@id":"https:\/\/gamme-anti-age-feher.com\/vente-en-ligne\/serum-elixir-precieux-au-champagne-30ml\/#primaryimage"},"thumbnailUrl":"https:\/\/gamme-anti-age-feher.com\/wp-content\/uploads\/2022\/09\/A3.jpg","datePublished":"2022-09-04T18:54:18+00:00","description":"Les 2 \u00e9lixirs sont les derniers n\u00e9s de la gamme dermocosm\u00e9tique Catherine FEHER. Le champagne v\u00e9gan associ\u00e9 \u00e0 l'acide hyaluronique BIO et \u00e0 la vitamine E constituent l'anti-oxydant le plus puissant actuellement sur le march\u00e9. De plus, ce complexe est un anti-inflammatoire cutan\u00e9 donc destin\u00e9 aussi aux peaux tr\u00e8s sensibles.","breadcrumb":{"@id":"https:\/\/gamme-anti-age-feher.com\/vente-en-ligne\/serum-elixir-precieux-au-champagne-30ml\/#breadcrumb"},"inLanguage":"en-US","potentialAction":[{"@type":"ReadAction","target":["https:\/\/gamme-anti-age-feher.com\/vente-en-ligne\/serum-elixir-precieux-au-champagne-30ml\/"]}]},{"@type":"ImageObject","inLanguage":"en-US","@id":"https:\/\/gamme-anti-age-feher.com\/vente-en-ligne\/serum-elixir-precieux-au-champagne-30ml\/#primaryimage","url":"https:\/\/gamme-anti-age-feher.com\/wp-content\/uploads\/2022\/09\/A3.jpg","contentUrl":"https:\/\/gamme-anti-age-feher.com\/wp-content\/uploads\/2022\/09\/A3.jpg","width":600,"height":600},{"@type":"BreadcrumbList","@id":"https:\/\/gamme-anti-age-feher.com\/vente-en-ligne\/serum-elixir-precieux-au-champagne-30ml\/#breadcrumb","itemListElement":[{"@type":"ListItem","position":1,"name":"Accueil","item":"https:\/\/gamme-anti-age-feher.com\/"},{"@type":"ListItem","position":2,"name":"Boutique","item":"https:\/\/gamme-anti-age-feher.com\/boutique\/"},{"@type":"ListItem","position":3,"name":"S\u00e9rum &#8211; \u00c9lixir pr\u00e9cieux au champagne &#8211; 30ml"}]},{"@type":"WebSite","@id":"https:\/\/gamme-anti-age-feher.com\/#website","url":"https:\/\/gamme-anti-age-feher.com\/","name":"Gamme Dermocosm\u00e9tique Catherine FEHER","description":"L&#039;excellence \u00e0 la fran\u00e7aise avec des produits 100% fran\u00e7ais !","potentialAction":[{"@type":"SearchAction","target":{"@type":"EntryPoint","urlTemplate":"https:\/\/gamme-anti-age-feher.com\/?s={search_term_string}"},"query-input":{"@type":"PropertyValueSpecification","valueRequired":true,"valueName":"search_term_string"}}],"inLanguage":"en-US"}]}},"_links":{"self":[{"href":"https:\/\/gamme-anti-age-feher.com\/en\/wp-json\/wp\/v2\/product\/7414","targetHints":{"allow":["GET"]}}],"collection":[{"href":"https:\/\/gamme-anti-age-feher.com\/en\/wp-json\/wp\/v2\/product"}],"about":[{"href":"https:\/\/gamme-anti-age-feher.com\/en\/wp-json\/wp\/v2\/types\/product"}],"replies":[{"embeddable":true,"href":"https:\/\/gamme-anti-age-feher.com\/en\/wp-json\/wp\/v2\/comments?post=7414"}],"wp:featuredmedia":[{"embeddable":true,"href":"https:\/\/gamme-anti-age-feher.com\/en\/wp-json\/wp\/v2\/media\/7385"}],"wp:attachment":[{"href":"https:\/\/gamme-anti-age-feher.com\/en\/wp-json\/wp\/v2\/media?parent=7414"}],"wp:term":[{"taxonomy":"product_brand","embeddable":true,"href":"https:\/\/gamme-anti-age-feher.com\/en\/wp-json\/wp\/v2\/product_brand?post=7414"},{"taxonomy":"product_cat","embeddable":true,"href":"https:\/\/gamme-anti-age-feher.com\/en\/wp-json\/wp\/v2\/product_cat?post=7414"},{"taxonomy":"product_tag","embeddable":true,"href":"https:\/\/gamme-anti-age-feher.com\/en\/wp-json\/wp\/v2\/product_tag?post=7414"}],"curies":[{"name":"wp","href":"https:\/\/api.w.org\/{rel}","templated":true}]}}