{"id":716,"date":"2018-06-28T09:44:24","date_gmt":"2018-06-28T07:44:24","guid":{"rendered":"https:\/\/www.gamme-anti-age-feher.com\/?post_type=product&#038;p=716"},"modified":"2022-09-04T20:40:08","modified_gmt":"2022-09-04T18:40:08","slug":"creme-cellubody-concentre-cafeine","status":"publish","type":"product","link":"https:\/\/gamme-anti-age-feher.com\/en\/vente-en-ligne\/creme-cellubody-concentre-cafeine\/","title":{"rendered":"Cr\u00e8me Cellubody &#8211; 15% de caf\u00e9ine"},"content":{"rendered":"<p>Cr\u00e8me Anti-Cellulite la plus concentr\u00e9e actuellement sur le march\u00e9 avec 15% de caf\u00e9ine micro encapsul\u00e9.<\/p>\n<p>Active et am\u00e9liore la circulation sanguine et lymphatique avec le m\u00e9lange caf\u00e9ine et l\u00e9cithine.<\/p>\n<p>Mode d&#8217;emploi :<\/p>\n<p>Appliquer matin et soir sur les zones a cibler. Masser quelques minutes pour bien faire p\u00e9n\u00e9trer la cr\u00e8me.<\/p>","protected":false},"excerpt":{"rendered":"<p>Cr\u00e8me anti cellulite la plus concentr\u00e9e actuellement sur le march\u00e9 avec 15% de caf\u00e9ine micro encapsul\u00e9e.<\/p>\n<p>Effet sur la circulation sanguine et lymphatique d\u00fbt\u00a0\u00e0 la caf\u00e9ine et la l\u00e9cithine en forte concentration, ce qui induit la lipolyse des adipocyteset inhibent leur lipog\u00e9n\u00e9se.<\/p>\n<p>&nbsp;<\/p>","protected":false},"featured_media":7410,"comment_status":"open","ping_status":"closed","template":"","meta":[],"product_brand":[],"product_cat":[132,117,104,118,130,102,131],"product_tag":[134,133,85,81,89,91,90,87,86,24,88,126],"class_list":{"0":"post-716","1":"product","2":"type-product","3":"status-publish","4":"has-post-thumbnail","6":"product_cat-anticellulite","7":"product_cat-creme","8":"product_cat-de-jour-et-de-nuit","9":"product_cat-hydratante","10":"product_cat-lotion","11":"product_cat-produits-mixtes","12":"product_cat-raffermissant","13":"product_tag-anti-cellulite","14":"product_tag-cafeine","15":"product_tag-cream","16":"product_tag-creme","17":"product_tag-de-jour","18":"product_tag-de-jour-et-de-nuit","19":"product_tag-nuit","20":"product_tag-femme","21":"product_tag-homme","22":"product_tag-lotion","23":"product_tag-mixte","24":"product_tag-raffermissante","26":"first","27":"instock","28":"shipping-taxable","29":"purchasable","30":"product-type-simple"},"yoast_head":"<!-- This site is optimized with the Yoast SEO plugin v27.2 - https:\/\/yoast.com\/product\/yoast-seo-wordpress\/ -->\n<title>Cr\u00e8me Cellulebody concentr\u00e9 caf\u00e9ine - Gamme Dermocosm\u00e9tique Catherine FEHER<\/title>\n<meta name=\"description\" content=\"La cr\u00e8me cellulebody est un concentr\u00e9 de caf\u00e9ine micro encapsul\u00e9e \u00e0 hauteur de 15% une des plus forte sur le march\u00e9 actuellement. Une cr\u00e8me Homme et Femme.\" \/>\n<meta name=\"robots\" content=\"index, follow, max-snippet:-1, max-image-preview:large, max-video-preview:-1\" \/>\n<link rel=\"canonical\" href=\"https:\/\/gamme-anti-age-feher.com\/en\/vente-en-ligne\/creme-cellubody-concentre-cafeine\/\" \/>\n<meta property=\"og:locale\" content=\"en_US\" \/>\n<meta property=\"og:type\" content=\"article\" \/>\n<meta property=\"og:title\" content=\"Cr\u00e8me Cellulebody concentr\u00e9 caf\u00e9ine - Gamme Dermocosm\u00e9tique Catherine FEHER\" \/>\n<meta property=\"og:description\" content=\"La cr\u00e8me cellulebody est un concentr\u00e9 de caf\u00e9ine micro encapsul\u00e9e \u00e0 hauteur de 15% une des plus forte sur le march\u00e9 actuellement. Une cr\u00e8me Homme et Femme.\" \/>\n<meta property=\"og:url\" content=\"https:\/\/gamme-anti-age-feher.com\/en\/vente-en-ligne\/creme-cellubody-concentre-cafeine\/\" \/>\n<meta property=\"og:site_name\" content=\"Gamme Dermocosm\u00e9tique Catherine FEHER\" \/>\n<meta property=\"article:modified_time\" content=\"2022-09-04T18:40:08+00:00\" \/>\n<meta property=\"og:image\" content=\"https:\/\/gamme-anti-age-feher.com\/wp-content\/uploads\/2022\/09\/H3.jpg\" \/>\n\t<meta property=\"og:image:width\" content=\"600\" \/>\n\t<meta property=\"og:image:height\" content=\"600\" \/>\n\t<meta property=\"og:image:type\" content=\"image\/jpeg\" \/>\n<meta name=\"twitter:card\" content=\"summary_large_image\" \/>\n<script type=\"application\/ld+json\" class=\"yoast-schema-graph\">{\"@context\":\"https:\/\/schema.org\",\"@graph\":[{\"@type\":\"WebPage\",\"@id\":\"https:\/\/gamme-anti-age-feher.com\/vente-en-ligne\/creme-cellubody-concentre-cafeine\/\",\"url\":\"https:\/\/gamme-anti-age-feher.com\/vente-en-ligne\/creme-cellubody-concentre-cafeine\/\",\"name\":\"Cr\u00e8me Cellulebody concentr\u00e9 caf\u00e9ine - Gamme Dermocosm\u00e9tique Catherine FEHER\",\"isPartOf\":{\"@id\":\"https:\/\/gamme-anti-age-feher.com\/#website\"},\"primaryImageOfPage\":{\"@id\":\"https:\/\/gamme-anti-age-feher.com\/vente-en-ligne\/creme-cellubody-concentre-cafeine\/#primaryimage\"},\"image\":{\"@id\":\"https:\/\/gamme-anti-age-feher.com\/vente-en-ligne\/creme-cellubody-concentre-cafeine\/#primaryimage\"},\"thumbnailUrl\":\"https:\/\/gamme-anti-age-feher.com\/wp-content\/uploads\/2022\/09\/H3.jpg\",\"datePublished\":\"2018-06-28T07:44:24+00:00\",\"dateModified\":\"2022-09-04T18:40:08+00:00\",\"description\":\"La cr\u00e8me cellulebody est un concentr\u00e9 de caf\u00e9ine micro encapsul\u00e9e \u00e0 hauteur de 15% une des plus forte sur le march\u00e9 actuellement. Une cr\u00e8me Homme et Femme.\",\"breadcrumb\":{\"@id\":\"https:\/\/gamme-anti-age-feher.com\/vente-en-ligne\/creme-cellubody-concentre-cafeine\/#breadcrumb\"},\"inLanguage\":\"en-US\",\"potentialAction\":[{\"@type\":\"ReadAction\",\"target\":[\"https:\/\/gamme-anti-age-feher.com\/vente-en-ligne\/creme-cellubody-concentre-cafeine\/\"]}]},{\"@type\":\"ImageObject\",\"inLanguage\":\"en-US\",\"@id\":\"https:\/\/gamme-anti-age-feher.com\/vente-en-ligne\/creme-cellubody-concentre-cafeine\/#primaryimage\",\"url\":\"https:\/\/gamme-anti-age-feher.com\/wp-content\/uploads\/2022\/09\/H3.jpg\",\"contentUrl\":\"https:\/\/gamme-anti-age-feher.com\/wp-content\/uploads\/2022\/09\/H3.jpg\",\"width\":600,\"height\":600},{\"@type\":\"BreadcrumbList\",\"@id\":\"https:\/\/gamme-anti-age-feher.com\/vente-en-ligne\/creme-cellubody-concentre-cafeine\/#breadcrumb\",\"itemListElement\":[{\"@type\":\"ListItem\",\"position\":1,\"name\":\"Accueil\",\"item\":\"https:\/\/gamme-anti-age-feher.com\/\"},{\"@type\":\"ListItem\",\"position\":2,\"name\":\"Boutique\",\"item\":\"https:\/\/gamme-anti-age-feher.com\/boutique\/\"},{\"@type\":\"ListItem\",\"position\":3,\"name\":\"Cr\u00e8me Cellubody &#8211; 15% de caf\u00e9ine\"}]},{\"@type\":\"WebSite\",\"@id\":\"https:\/\/gamme-anti-age-feher.com\/#website\",\"url\":\"https:\/\/gamme-anti-age-feher.com\/\",\"name\":\"Gamme Dermocosm\u00e9tique Catherine FEHER\",\"description\":\"L&#039;excellence \u00e0 la fran\u00e7aise avec des produits 100% fran\u00e7ais !\",\"potentialAction\":[{\"@type\":\"SearchAction\",\"target\":{\"@type\":\"EntryPoint\",\"urlTemplate\":\"https:\/\/gamme-anti-age-feher.com\/?s={search_term_string}\"},\"query-input\":{\"@type\":\"PropertyValueSpecification\",\"valueRequired\":true,\"valueName\":\"search_term_string\"}}],\"inLanguage\":\"en-US\"}]}<\/script>\n<!-- \/ Yoast SEO plugin. -->","yoast_head_json":{"title":"Cr\u00e8me Cellulebody concentr\u00e9 caf\u00e9ine - Gamme Dermocosm\u00e9tique Catherine FEHER","description":"La cr\u00e8me cellulebody est un concentr\u00e9 de caf\u00e9ine micro encapsul\u00e9e \u00e0 hauteur de 15% une des plus forte sur le march\u00e9 actuellement. Une cr\u00e8me Homme et Femme.","robots":{"index":"index","follow":"follow","max-snippet":"max-snippet:-1","max-image-preview":"max-image-preview:large","max-video-preview":"max-video-preview:-1"},"canonical":"https:\/\/gamme-anti-age-feher.com\/en\/vente-en-ligne\/creme-cellubody-concentre-cafeine\/","og_locale":"en_US","og_type":"article","og_title":"Cr\u00e8me Cellulebody concentr\u00e9 caf\u00e9ine - Gamme Dermocosm\u00e9tique Catherine FEHER","og_description":"La cr\u00e8me cellulebody est un concentr\u00e9 de caf\u00e9ine micro encapsul\u00e9e \u00e0 hauteur de 15% une des plus forte sur le march\u00e9 actuellement. Une cr\u00e8me Homme et Femme.","og_url":"https:\/\/gamme-anti-age-feher.com\/en\/vente-en-ligne\/creme-cellubody-concentre-cafeine\/","og_site_name":"Gamme Dermocosm\u00e9tique Catherine FEHER","article_modified_time":"2022-09-04T18:40:08+00:00","og_image":[{"width":600,"height":600,"url":"https:\/\/gamme-anti-age-feher.com\/wp-content\/uploads\/2022\/09\/H3.jpg","type":"image\/jpeg"}],"twitter_card":"summary_large_image","schema":{"@context":"https:\/\/schema.org","@graph":[{"@type":"WebPage","@id":"https:\/\/gamme-anti-age-feher.com\/vente-en-ligne\/creme-cellubody-concentre-cafeine\/","url":"https:\/\/gamme-anti-age-feher.com\/vente-en-ligne\/creme-cellubody-concentre-cafeine\/","name":"Cr\u00e8me Cellulebody concentr\u00e9 caf\u00e9ine - Gamme Dermocosm\u00e9tique Catherine FEHER","isPartOf":{"@id":"https:\/\/gamme-anti-age-feher.com\/#website"},"primaryImageOfPage":{"@id":"https:\/\/gamme-anti-age-feher.com\/vente-en-ligne\/creme-cellubody-concentre-cafeine\/#primaryimage"},"image":{"@id":"https:\/\/gamme-anti-age-feher.com\/vente-en-ligne\/creme-cellubody-concentre-cafeine\/#primaryimage"},"thumbnailUrl":"https:\/\/gamme-anti-age-feher.com\/wp-content\/uploads\/2022\/09\/H3.jpg","datePublished":"2018-06-28T07:44:24+00:00","dateModified":"2022-09-04T18:40:08+00:00","description":"La cr\u00e8me cellulebody est un concentr\u00e9 de caf\u00e9ine micro encapsul\u00e9e \u00e0 hauteur de 15% une des plus forte sur le march\u00e9 actuellement. Une cr\u00e8me Homme et Femme.","breadcrumb":{"@id":"https:\/\/gamme-anti-age-feher.com\/vente-en-ligne\/creme-cellubody-concentre-cafeine\/#breadcrumb"},"inLanguage":"en-US","potentialAction":[{"@type":"ReadAction","target":["https:\/\/gamme-anti-age-feher.com\/vente-en-ligne\/creme-cellubody-concentre-cafeine\/"]}]},{"@type":"ImageObject","inLanguage":"en-US","@id":"https:\/\/gamme-anti-age-feher.com\/vente-en-ligne\/creme-cellubody-concentre-cafeine\/#primaryimage","url":"https:\/\/gamme-anti-age-feher.com\/wp-content\/uploads\/2022\/09\/H3.jpg","contentUrl":"https:\/\/gamme-anti-age-feher.com\/wp-content\/uploads\/2022\/09\/H3.jpg","width":600,"height":600},{"@type":"BreadcrumbList","@id":"https:\/\/gamme-anti-age-feher.com\/vente-en-ligne\/creme-cellubody-concentre-cafeine\/#breadcrumb","itemListElement":[{"@type":"ListItem","position":1,"name":"Accueil","item":"https:\/\/gamme-anti-age-feher.com\/"},{"@type":"ListItem","position":2,"name":"Boutique","item":"https:\/\/gamme-anti-age-feher.com\/boutique\/"},{"@type":"ListItem","position":3,"name":"Cr\u00e8me Cellubody &#8211; 15% de caf\u00e9ine"}]},{"@type":"WebSite","@id":"https:\/\/gamme-anti-age-feher.com\/#website","url":"https:\/\/gamme-anti-age-feher.com\/","name":"Gamme Dermocosm\u00e9tique Catherine FEHER","description":"L&#039;excellence \u00e0 la fran\u00e7aise avec des produits 100% fran\u00e7ais !","potentialAction":[{"@type":"SearchAction","target":{"@type":"EntryPoint","urlTemplate":"https:\/\/gamme-anti-age-feher.com\/?s={search_term_string}"},"query-input":{"@type":"PropertyValueSpecification","valueRequired":true,"valueName":"search_term_string"}}],"inLanguage":"en-US"}]}},"_links":{"self":[{"href":"https:\/\/gamme-anti-age-feher.com\/en\/wp-json\/wp\/v2\/product\/716","targetHints":{"allow":["GET"]}}],"collection":[{"href":"https:\/\/gamme-anti-age-feher.com\/en\/wp-json\/wp\/v2\/product"}],"about":[{"href":"https:\/\/gamme-anti-age-feher.com\/en\/wp-json\/wp\/v2\/types\/product"}],"replies":[{"embeddable":true,"href":"https:\/\/gamme-anti-age-feher.com\/en\/wp-json\/wp\/v2\/comments?post=716"}],"wp:featuredmedia":[{"embeddable":true,"href":"https:\/\/gamme-anti-age-feher.com\/en\/wp-json\/wp\/v2\/media\/7410"}],"wp:attachment":[{"href":"https:\/\/gamme-anti-age-feher.com\/en\/wp-json\/wp\/v2\/media?parent=716"}],"wp:term":[{"taxonomy":"product_brand","embeddable":true,"href":"https:\/\/gamme-anti-age-feher.com\/en\/wp-json\/wp\/v2\/product_brand?post=716"},{"taxonomy":"product_cat","embeddable":true,"href":"https:\/\/gamme-anti-age-feher.com\/en\/wp-json\/wp\/v2\/product_cat?post=716"},{"taxonomy":"product_tag","embeddable":true,"href":"https:\/\/gamme-anti-age-feher.com\/en\/wp-json\/wp\/v2\/product_tag?post=716"}],"curies":[{"name":"wp","href":"https:\/\/api.w.org\/{rel}","templated":true}]}}