{"id":159,"date":"2016-12-22T09:30:39","date_gmt":"2016-12-22T08:30:39","guid":{"rendered":"https:\/\/demos.artbees.net\/jupiter\/maia\/?post_type=product&#038;p=159"},"modified":"2022-09-04T20:38:42","modified_gmt":"2022-09-04T18:38:42","slug":"serum-acide-hyaluronique-hydrate","status":"publish","type":"product","link":"https:\/\/gamme-anti-age-feher.com\/en\/vente-en-ligne\/serum-acide-hyaluronique-hydrate\/","title":{"rendered":"HYAL SERUM C - Hydration and revitalization - 30ml"},"content":{"rendered":"<p>S\u00e9rum concentr\u00e9 en\u00a0acide hyaluronique de diff\u00e9rents poids mol\u00e9culaires,\u00a0il p\u00e9n\u00e8tre les couches profondes de la peau, l\u2019hydrate intens\u00e9ment. Une telle formule am\u00e9liore la fermet\u00e9, l\u2019\u00e9lasticit\u00e9 et att\u00e9nue les rides d\u2019expressions de la peau.<\/p>\n<p>Sa teneur en Vitamine C donne un effet lumineux, am\u00e9liore et unifie le teint pour vous prot\u00e9ger contre les radicaux libres.<\/p>\n<p>Ce serum convient autant aux hommes qu&rsquo;aux femmes.<\/p>\n<p>Mode d\u2019emploi :<\/p>\n<p>S\u2019utilise matin et\/ou soir sous une cr\u00e8me, telle que HYAL CREAM pour renforcer son efficacit\u00e9.<\/p>\n<p>Appliquer quelques gouttes sur les zones du visage et masser d\u00e9licatement jusqu\u2019\u00e0 la p\u00e9n\u00e9tration du produit.<\/p>\n<p>Convient \u00e0 tous types de peau, y compris sensibles.<\/p>","protected":false},"excerpt":{"rendered":"<p>La forte teneur en acide hyaluronique am\u00e9liore la fermet\u00e9, l\u2019\u00e9lasticit\u00e9 et att\u00e9nue les rides d\u2019expressions. La formule et la composition permet un profonde hydratation.<\/p>\n<p>Il contient de la Vitamine C pour un effet lumineux du teint, unifi\u00e9 et prot\u00e9g\u00e9. il s&rsquo;utilise sous une cr\u00e8me, telle que HYAL CREAM.<\/p>","protected":false},"featured_media":7402,"comment_status":"open","ping_status":"closed","template":"","meta":[],"product_brand":[],"product_cat":[100,103,104,21,102,109],"product_tag":[92,95,97,87,86,105,88,107,22,106,108],"class_list":{"0":"post-159","1":"product","2":"type-product","3":"status-publish","4":"has-post-thumbnail","6":"product_cat-acide-hyaluronique","7":"product_cat-anti-rides-apaisante","8":"product_cat-de-jour-et-de-nuit","9":"product_cat-produits-anti-age","10":"product_cat-produits-mixtes","11":"product_cat-serum","12":"product_tag-acide-hyaluronique","13":"product_tag-anti-age","14":"product_tag-anti-rides","15":"product_tag-femme","16":"product_tag-homme","17":"product_tag-hydratante","18":"product_tag-mixte","19":"product_tag-revitalisant","20":"product_tag-serum","21":"product_tag-visage","22":"product_tag-vitamine-c","24":"first","25":"instock","26":"shipping-taxable","27":"purchasable","28":"product-type-simple"},"yoast_head":"<!-- This site is optimized with the Yoast SEO plugin v27.2 - https:\/\/yoast.com\/product\/yoast-seo-wordpress\/ -->\n<title>HYAL S\u00c9RUM C - Hydratation et revitalisation - 30ml - Gamme Dermocosm\u00e9tique Catherine FEHER<\/title>\n<meta name=\"description\" content=\"S\u00e9rum en\u00a0acide hyaluronique,\u00a0il p\u00e9n\u00e8tre les couches profondes de la peau, l\u2019hydrate intens\u00e9ment, am\u00e9liore l\u2019\u00e9lasticit\u00e9 et att\u00e9nue les rides d\u2019expressions.\" \/>\n<meta name=\"robots\" content=\"index, follow, max-snippet:-1, max-image-preview:large, max-video-preview:-1\" \/>\n<link rel=\"canonical\" href=\"https:\/\/gamme-anti-age-feher.com\/en\/vente-en-ligne\/serum-acide-hyaluronique-hydrate\/\" \/>\n<meta property=\"og:locale\" content=\"en_US\" \/>\n<meta property=\"og:type\" content=\"article\" \/>\n<meta property=\"og:title\" content=\"HYAL S\u00c9RUM C - Hydratation et revitalisation - 30ml - Gamme Dermocosm\u00e9tique Catherine FEHER\" \/>\n<meta property=\"og:description\" content=\"S\u00e9rum en\u00a0acide hyaluronique,\u00a0il p\u00e9n\u00e8tre les couches profondes de la peau, l\u2019hydrate intens\u00e9ment, am\u00e9liore l\u2019\u00e9lasticit\u00e9 et att\u00e9nue les rides d\u2019expressions.\" \/>\n<meta property=\"og:url\" content=\"https:\/\/gamme-anti-age-feher.com\/en\/vente-en-ligne\/serum-acide-hyaluronique-hydrate\/\" \/>\n<meta property=\"og:site_name\" content=\"Gamme Dermocosm\u00e9tique Catherine FEHER\" \/>\n<meta property=\"article:modified_time\" content=\"2022-09-04T18:38:42+00:00\" \/>\n<meta property=\"og:image\" content=\"https:\/\/gamme-anti-age-feher.com\/wp-content\/uploads\/2022\/09\/F3.jpg\" \/>\n\t<meta property=\"og:image:width\" content=\"600\" \/>\n\t<meta property=\"og:image:height\" content=\"600\" \/>\n\t<meta property=\"og:image:type\" content=\"image\/jpeg\" \/>\n<meta name=\"twitter:card\" content=\"summary_large_image\" \/>\n<meta name=\"twitter:label1\" content=\"Est. reading time\" \/>\n\t<meta name=\"twitter:data1\" content=\"1 minute\" \/>\n<script type=\"application\/ld+json\" class=\"yoast-schema-graph\">{\"@context\":\"https:\/\/schema.org\",\"@graph\":[{\"@type\":\"WebPage\",\"@id\":\"https:\/\/gamme-anti-age-feher.com\/vente-en-ligne\/serum-acide-hyaluronique-hydrate\/\",\"url\":\"https:\/\/gamme-anti-age-feher.com\/vente-en-ligne\/serum-acide-hyaluronique-hydrate\/\",\"name\":\"HYAL S\u00c9RUM C - Hydratation et revitalisation - 30ml - Gamme Dermocosm\u00e9tique Catherine FEHER\",\"isPartOf\":{\"@id\":\"https:\/\/gamme-anti-age-feher.com\/#website\"},\"primaryImageOfPage\":{\"@id\":\"https:\/\/gamme-anti-age-feher.com\/vente-en-ligne\/serum-acide-hyaluronique-hydrate\/#primaryimage\"},\"image\":{\"@id\":\"https:\/\/gamme-anti-age-feher.com\/vente-en-ligne\/serum-acide-hyaluronique-hydrate\/#primaryimage\"},\"thumbnailUrl\":\"https:\/\/gamme-anti-age-feher.com\/wp-content\/uploads\/2022\/09\/F3.jpg\",\"datePublished\":\"2016-12-22T08:30:39+00:00\",\"dateModified\":\"2022-09-04T18:38:42+00:00\",\"description\":\"S\u00e9rum en\u00a0acide hyaluronique,\u00a0il p\u00e9n\u00e8tre les couches profondes de la peau, l\u2019hydrate intens\u00e9ment, am\u00e9liore l\u2019\u00e9lasticit\u00e9 et att\u00e9nue les rides d\u2019expressions.\",\"breadcrumb\":{\"@id\":\"https:\/\/gamme-anti-age-feher.com\/vente-en-ligne\/serum-acide-hyaluronique-hydrate\/#breadcrumb\"},\"inLanguage\":\"en-US\",\"potentialAction\":[{\"@type\":\"ReadAction\",\"target\":[\"https:\/\/gamme-anti-age-feher.com\/vente-en-ligne\/serum-acide-hyaluronique-hydrate\/\"]}]},{\"@type\":\"ImageObject\",\"inLanguage\":\"en-US\",\"@id\":\"https:\/\/gamme-anti-age-feher.com\/vente-en-ligne\/serum-acide-hyaluronique-hydrate\/#primaryimage\",\"url\":\"https:\/\/gamme-anti-age-feher.com\/wp-content\/uploads\/2022\/09\/F3.jpg\",\"contentUrl\":\"https:\/\/gamme-anti-age-feher.com\/wp-content\/uploads\/2022\/09\/F3.jpg\",\"width\":600,\"height\":600},{\"@type\":\"BreadcrumbList\",\"@id\":\"https:\/\/gamme-anti-age-feher.com\/vente-en-ligne\/serum-acide-hyaluronique-hydrate\/#breadcrumb\",\"itemListElement\":[{\"@type\":\"ListItem\",\"position\":1,\"name\":\"Accueil\",\"item\":\"https:\/\/gamme-anti-age-feher.com\/\"},{\"@type\":\"ListItem\",\"position\":2,\"name\":\"Boutique\",\"item\":\"https:\/\/gamme-anti-age-feher.com\/boutique\/\"},{\"@type\":\"ListItem\",\"position\":3,\"name\":\"HYAL S\u00c9RUM C &#8211; Hydratation et revitalisation &#8211; 30ml\"}]},{\"@type\":\"WebSite\",\"@id\":\"https:\/\/gamme-anti-age-feher.com\/#website\",\"url\":\"https:\/\/gamme-anti-age-feher.com\/\",\"name\":\"Gamme Dermocosm\u00e9tique Catherine FEHER\",\"description\":\"L&#039;excellence \u00e0 la fran\u00e7aise avec des produits 100% fran\u00e7ais !\",\"potentialAction\":[{\"@type\":\"SearchAction\",\"target\":{\"@type\":\"EntryPoint\",\"urlTemplate\":\"https:\/\/gamme-anti-age-feher.com\/?s={search_term_string}\"},\"query-input\":{\"@type\":\"PropertyValueSpecification\",\"valueRequired\":true,\"valueName\":\"search_term_string\"}}],\"inLanguage\":\"en-US\"}]}<\/script>\n<!-- \/ Yoast SEO plugin. -->","yoast_head_json":{"title":"HYAL S\u00c9RUM C - Hydratation et revitalisation - 30ml - Gamme Dermocosm\u00e9tique Catherine FEHER","description":"S\u00e9rum en\u00a0acide hyaluronique,\u00a0il p\u00e9n\u00e8tre les couches profondes de la peau, l\u2019hydrate intens\u00e9ment, am\u00e9liore l\u2019\u00e9lasticit\u00e9 et att\u00e9nue les rides d\u2019expressions.","robots":{"index":"index","follow":"follow","max-snippet":"max-snippet:-1","max-image-preview":"max-image-preview:large","max-video-preview":"max-video-preview:-1"},"canonical":"https:\/\/gamme-anti-age-feher.com\/en\/vente-en-ligne\/serum-acide-hyaluronique-hydrate\/","og_locale":"en_US","og_type":"article","og_title":"HYAL S\u00c9RUM C - Hydratation et revitalisation - 30ml - Gamme Dermocosm\u00e9tique Catherine FEHER","og_description":"S\u00e9rum en\u00a0acide hyaluronique,\u00a0il p\u00e9n\u00e8tre les couches profondes de la peau, l\u2019hydrate intens\u00e9ment, am\u00e9liore l\u2019\u00e9lasticit\u00e9 et att\u00e9nue les rides d\u2019expressions.","og_url":"https:\/\/gamme-anti-age-feher.com\/en\/vente-en-ligne\/serum-acide-hyaluronique-hydrate\/","og_site_name":"Gamme Dermocosm\u00e9tique Catherine FEHER","article_modified_time":"2022-09-04T18:38:42+00:00","og_image":[{"width":600,"height":600,"url":"https:\/\/gamme-anti-age-feher.com\/wp-content\/uploads\/2022\/09\/F3.jpg","type":"image\/jpeg"}],"twitter_card":"summary_large_image","twitter_misc":{"Est. reading time":"1 minute"},"schema":{"@context":"https:\/\/schema.org","@graph":[{"@type":"WebPage","@id":"https:\/\/gamme-anti-age-feher.com\/vente-en-ligne\/serum-acide-hyaluronique-hydrate\/","url":"https:\/\/gamme-anti-age-feher.com\/vente-en-ligne\/serum-acide-hyaluronique-hydrate\/","name":"HYAL S\u00c9RUM C - Hydratation et revitalisation - 30ml - Gamme Dermocosm\u00e9tique Catherine FEHER","isPartOf":{"@id":"https:\/\/gamme-anti-age-feher.com\/#website"},"primaryImageOfPage":{"@id":"https:\/\/gamme-anti-age-feher.com\/vente-en-ligne\/serum-acide-hyaluronique-hydrate\/#primaryimage"},"image":{"@id":"https:\/\/gamme-anti-age-feher.com\/vente-en-ligne\/serum-acide-hyaluronique-hydrate\/#primaryimage"},"thumbnailUrl":"https:\/\/gamme-anti-age-feher.com\/wp-content\/uploads\/2022\/09\/F3.jpg","datePublished":"2016-12-22T08:30:39+00:00","dateModified":"2022-09-04T18:38:42+00:00","description":"S\u00e9rum en\u00a0acide hyaluronique,\u00a0il p\u00e9n\u00e8tre les couches profondes de la peau, l\u2019hydrate intens\u00e9ment, am\u00e9liore l\u2019\u00e9lasticit\u00e9 et att\u00e9nue les rides d\u2019expressions.","breadcrumb":{"@id":"https:\/\/gamme-anti-age-feher.com\/vente-en-ligne\/serum-acide-hyaluronique-hydrate\/#breadcrumb"},"inLanguage":"en-US","potentialAction":[{"@type":"ReadAction","target":["https:\/\/gamme-anti-age-feher.com\/vente-en-ligne\/serum-acide-hyaluronique-hydrate\/"]}]},{"@type":"ImageObject","inLanguage":"en-US","@id":"https:\/\/gamme-anti-age-feher.com\/vente-en-ligne\/serum-acide-hyaluronique-hydrate\/#primaryimage","url":"https:\/\/gamme-anti-age-feher.com\/wp-content\/uploads\/2022\/09\/F3.jpg","contentUrl":"https:\/\/gamme-anti-age-feher.com\/wp-content\/uploads\/2022\/09\/F3.jpg","width":600,"height":600},{"@type":"BreadcrumbList","@id":"https:\/\/gamme-anti-age-feher.com\/vente-en-ligne\/serum-acide-hyaluronique-hydrate\/#breadcrumb","itemListElement":[{"@type":"ListItem","position":1,"name":"Accueil","item":"https:\/\/gamme-anti-age-feher.com\/"},{"@type":"ListItem","position":2,"name":"Boutique","item":"https:\/\/gamme-anti-age-feher.com\/boutique\/"},{"@type":"ListItem","position":3,"name":"HYAL S\u00c9RUM C &#8211; Hydratation et revitalisation &#8211; 30ml"}]},{"@type":"WebSite","@id":"https:\/\/gamme-anti-age-feher.com\/#website","url":"https:\/\/gamme-anti-age-feher.com\/","name":"Gamme Dermocosm\u00e9tique Catherine FEHER","description":"L&#039;excellence \u00e0 la fran\u00e7aise avec des produits 100% fran\u00e7ais !","potentialAction":[{"@type":"SearchAction","target":{"@type":"EntryPoint","urlTemplate":"https:\/\/gamme-anti-age-feher.com\/?s={search_term_string}"},"query-input":{"@type":"PropertyValueSpecification","valueRequired":true,"valueName":"search_term_string"}}],"inLanguage":"en-US"}]}},"_links":{"self":[{"href":"https:\/\/gamme-anti-age-feher.com\/en\/wp-json\/wp\/v2\/product\/159","targetHints":{"allow":["GET"]}}],"collection":[{"href":"https:\/\/gamme-anti-age-feher.com\/en\/wp-json\/wp\/v2\/product"}],"about":[{"href":"https:\/\/gamme-anti-age-feher.com\/en\/wp-json\/wp\/v2\/types\/product"}],"replies":[{"embeddable":true,"href":"https:\/\/gamme-anti-age-feher.com\/en\/wp-json\/wp\/v2\/comments?post=159"}],"wp:featuredmedia":[{"embeddable":true,"href":"https:\/\/gamme-anti-age-feher.com\/en\/wp-json\/wp\/v2\/media\/7402"}],"wp:attachment":[{"href":"https:\/\/gamme-anti-age-feher.com\/en\/wp-json\/wp\/v2\/media?parent=159"}],"wp:term":[{"taxonomy":"product_brand","embeddable":true,"href":"https:\/\/gamme-anti-age-feher.com\/en\/wp-json\/wp\/v2\/product_brand?post=159"},{"taxonomy":"product_cat","embeddable":true,"href":"https:\/\/gamme-anti-age-feher.com\/en\/wp-json\/wp\/v2\/product_cat?post=159"},{"taxonomy":"product_tag","embeddable":true,"href":"https:\/\/gamme-anti-age-feher.com\/en\/wp-json\/wp\/v2\/product_tag?post=159"}],"curies":[{"name":"wp","href":"https:\/\/api.w.org\/{rel}","templated":true}]}}