{"id":157,"date":"2016-12-22T09:28:45","date_gmt":"2016-12-22T08:28:45","guid":{"rendered":"https:\/\/demos.artbees.net\/jupiter\/maia\/?post_type=product&#038;p=157"},"modified":"2022-09-04T20:37:27","modified_gmt":"2022-09-04T18:37:27","slug":"creme-hydratante-raffermissante-karite","status":"publish","type":"product","link":"https:\/\/gamme-anti-age-feher.com\/en\/vente-en-ligne\/creme-hydratante-raffermissante-karite\/","title":{"rendered":"CR\u00c8ME HYDRA SOFT \u2013 50ml"},"content":{"rendered":"<p>Une cr\u00e8me de corps sous forme d&rsquo;\u00e9mulsion tr\u00e8s hydratante pour un pouvoir r\u00e9g\u00e9n\u00e9rant.<\/p>\n<p>Sa formule sp\u00e9ciale contient des peptides liftantes et \u00e0 la fois raffermissantes pour lisser les rides. Le beurre de Karit\u00e9 a une action adoucissante et apaisante contre les irritations.<\/p>\n<p>Adapt\u00e9e aussi bien pour les peaux matures, sensibles ou s\u00e8ches, ce produit convient aux hommes et aux femmes.<\/p>\n<p>Mode d\u2019emploi :<\/p>\n<p>S\u2019utilise le matin et\/ou le soir seul ou apr\u00e8s une s\u00e9ance, masser longuement afin de faire p\u00e9n\u00e9trer la cr\u00e8me dans la peau.<\/p>\n<p>La Cr\u00e8me Hydra Soft est tr\u00e8s apaisante en suivi d&rsquo;un soin anti-\u00e2ge pratiqu\u00e9 en cabine dans notre centre.<\/p>","protected":false},"excerpt":{"rendered":"<p>Hydra Soft<\/p>\n<p>Une cr\u00e8me sous forme d&rsquo;\u00e9mulsion tr\u00e8s hydratante et r\u00e9g\u00e9n\u00e9rante pour le corps.<\/p>\n<p>Sa formule avec des peptides au pouvoir liftants qui raffermissent, lissent les rides et les imperfections. Le beurre de Karit\u00e9 calme et apaise les irritations et agressions du quotidien.<\/p>\n<p>Un produit adapt\u00e9 a toutes les peaux et l&rsquo;avantage d&rsquo;\u00eatre pour les hommes et pour les femmes.<\/p>","protected":false},"featured_media":7391,"comment_status":"open","ping_status":"closed","template":"","meta":[],"product_brand":[],"product_cat":[103,115,117,104,118,21,102,116],"product_tag":[123,95,121,124,127,85,81,87,86,105,120,88,119,126],"class_list":{"0":"post-157","1":"product","2":"type-product","3":"status-publish","4":"has-post-thumbnail","6":"product_cat-anti-rides-apaisante","7":"product_cat-correcteur","8":"product_cat-creme","9":"product_cat-de-jour-et-de-nuit","10":"product_cat-hydratante","11":"product_cat-produits-anti-age","12":"product_cat-produits-mixtes","13":"product_cat-regenerateur","14":"product_tag-adoucissant","15":"product_tag-anti-age","16":"product_tag-beurre-de-karite","17":"product_tag-body","18":"product_tag-corps","19":"product_tag-cream","20":"product_tag-creme","21":"product_tag-femme","22":"product_tag-homme","23":"product_tag-hydratante","24":"product_tag-liftant","25":"product_tag-mixte","26":"product_tag-peptides","27":"product_tag-raffermissante","29":"first","30":"instock","31":"shipping-taxable","32":"purchasable","33":"product-type-simple"},"yoast_head":"<!-- This site is optimized with the Yoast SEO plugin v27.2 - https:\/\/yoast.com\/product\/yoast-seo-wordpress\/ -->\n<title>CR\u00c8ME HYDRA SOFT \u2013 50ml Gamme Dermocosm\u00e9tique Catherine FEHER<\/title>\n<meta name=\"description\" content=\"Une cr\u00e8me tr\u00e8s hydratante et r\u00e9g\u00e9n\u00e9rante pour le corps. Formule au beurre de Karit\u00e9 avec des peptides liftants qui raffermissent et lissent les rides.\" \/>\n<meta name=\"robots\" content=\"index, follow, max-snippet:-1, max-image-preview:large, max-video-preview:-1\" \/>\n<link rel=\"canonical\" href=\"https:\/\/gamme-anti-age-feher.com\/en\/vente-en-ligne\/creme-hydratante-raffermissante-karite\/\" \/>\n<meta property=\"og:locale\" content=\"en_US\" \/>\n<meta property=\"og:type\" content=\"article\" \/>\n<meta property=\"og:title\" content=\"CR\u00c8ME HYDRA SOFT \u2013 50ml Gamme Dermocosm\u00e9tique Catherine FEHER\" \/>\n<meta property=\"og:description\" content=\"Une cr\u00e8me tr\u00e8s hydratante et r\u00e9g\u00e9n\u00e9rante pour le corps. Formule au beurre de Karit\u00e9 avec des peptides liftants qui raffermissent et lissent les rides.\" \/>\n<meta property=\"og:url\" content=\"https:\/\/gamme-anti-age-feher.com\/en\/vente-en-ligne\/creme-hydratante-raffermissante-karite\/\" \/>\n<meta property=\"og:site_name\" content=\"Gamme Dermocosm\u00e9tique Catherine FEHER\" \/>\n<meta property=\"article:modified_time\" content=\"2022-09-04T18:37:27+00:00\" \/>\n<meta property=\"og:image\" content=\"https:\/\/gamme-anti-age-feher.com\/wp-content\/uploads\/2022\/09\/B5.jpg\" \/>\n\t<meta property=\"og:image:width\" content=\"600\" \/>\n\t<meta property=\"og:image:height\" content=\"600\" \/>\n\t<meta property=\"og:image:type\" content=\"image\/jpeg\" \/>\n<meta name=\"twitter:card\" content=\"summary_large_image\" \/>\n<meta name=\"twitter:label1\" content=\"Est. reading time\" \/>\n\t<meta name=\"twitter:data1\" content=\"1 minute\" \/>\n<script type=\"application\/ld+json\" class=\"yoast-schema-graph\">{\"@context\":\"https:\/\/schema.org\",\"@graph\":[{\"@type\":\"WebPage\",\"@id\":\"https:\/\/gamme-anti-age-feher.com\/vente-en-ligne\/creme-hydratante-raffermissante-karite\/\",\"url\":\"https:\/\/gamme-anti-age-feher.com\/vente-en-ligne\/creme-hydratante-raffermissante-karite\/\",\"name\":\"CR\u00c8ME HYDRA SOFT \u2013 50ml Gamme Dermocosm\u00e9tique Catherine FEHER\",\"isPartOf\":{\"@id\":\"https:\/\/gamme-anti-age-feher.com\/#website\"},\"primaryImageOfPage\":{\"@id\":\"https:\/\/gamme-anti-age-feher.com\/vente-en-ligne\/creme-hydratante-raffermissante-karite\/#primaryimage\"},\"image\":{\"@id\":\"https:\/\/gamme-anti-age-feher.com\/vente-en-ligne\/creme-hydratante-raffermissante-karite\/#primaryimage\"},\"thumbnailUrl\":\"https:\/\/gamme-anti-age-feher.com\/wp-content\/uploads\/2022\/09\/B5.jpg\",\"datePublished\":\"2016-12-22T08:28:45+00:00\",\"dateModified\":\"2022-09-04T18:37:27+00:00\",\"description\":\"Une cr\u00e8me tr\u00e8s hydratante et r\u00e9g\u00e9n\u00e9rante pour le corps. Formule au beurre de Karit\u00e9 avec des peptides liftants qui raffermissent et lissent les rides.\",\"breadcrumb\":{\"@id\":\"https:\/\/gamme-anti-age-feher.com\/vente-en-ligne\/creme-hydratante-raffermissante-karite\/#breadcrumb\"},\"inLanguage\":\"en-US\",\"potentialAction\":[{\"@type\":\"ReadAction\",\"target\":[\"https:\/\/gamme-anti-age-feher.com\/vente-en-ligne\/creme-hydratante-raffermissante-karite\/\"]}]},{\"@type\":\"ImageObject\",\"inLanguage\":\"en-US\",\"@id\":\"https:\/\/gamme-anti-age-feher.com\/vente-en-ligne\/creme-hydratante-raffermissante-karite\/#primaryimage\",\"url\":\"https:\/\/gamme-anti-age-feher.com\/wp-content\/uploads\/2022\/09\/B5.jpg\",\"contentUrl\":\"https:\/\/gamme-anti-age-feher.com\/wp-content\/uploads\/2022\/09\/B5.jpg\",\"width\":600,\"height\":600},{\"@type\":\"BreadcrumbList\",\"@id\":\"https:\/\/gamme-anti-age-feher.com\/vente-en-ligne\/creme-hydratante-raffermissante-karite\/#breadcrumb\",\"itemListElement\":[{\"@type\":\"ListItem\",\"position\":1,\"name\":\"Accueil\",\"item\":\"https:\/\/gamme-anti-age-feher.com\/\"},{\"@type\":\"ListItem\",\"position\":2,\"name\":\"Boutique\",\"item\":\"https:\/\/gamme-anti-age-feher.com\/boutique\/\"},{\"@type\":\"ListItem\",\"position\":3,\"name\":\"CR\u00c8ME HYDRA SOFT \u2013 50ml\"}]},{\"@type\":\"WebSite\",\"@id\":\"https:\/\/gamme-anti-age-feher.com\/#website\",\"url\":\"https:\/\/gamme-anti-age-feher.com\/\",\"name\":\"Gamme Dermocosm\u00e9tique Catherine FEHER\",\"description\":\"L&#039;excellence \u00e0 la fran\u00e7aise avec des produits 100% fran\u00e7ais !\",\"potentialAction\":[{\"@type\":\"SearchAction\",\"target\":{\"@type\":\"EntryPoint\",\"urlTemplate\":\"https:\/\/gamme-anti-age-feher.com\/?s={search_term_string}\"},\"query-input\":{\"@type\":\"PropertyValueSpecification\",\"valueRequired\":true,\"valueName\":\"search_term_string\"}}],\"inLanguage\":\"en-US\"}]}<\/script>\n<!-- \/ Yoast SEO plugin. -->","yoast_head_json":{"title":"CR\u00c8ME HYDRA SOFT \u2013 50ml Gamme Dermocosm\u00e9tique Catherine FEHER","description":"Une cr\u00e8me tr\u00e8s hydratante et r\u00e9g\u00e9n\u00e9rante pour le corps. Formule au beurre de Karit\u00e9 avec des peptides liftants qui raffermissent et lissent les rides.","robots":{"index":"index","follow":"follow","max-snippet":"max-snippet:-1","max-image-preview":"max-image-preview:large","max-video-preview":"max-video-preview:-1"},"canonical":"https:\/\/gamme-anti-age-feher.com\/en\/vente-en-ligne\/creme-hydratante-raffermissante-karite\/","og_locale":"en_US","og_type":"article","og_title":"CR\u00c8ME HYDRA SOFT \u2013 50ml Gamme Dermocosm\u00e9tique Catherine FEHER","og_description":"Une cr\u00e8me tr\u00e8s hydratante et r\u00e9g\u00e9n\u00e9rante pour le corps. Formule au beurre de Karit\u00e9 avec des peptides liftants qui raffermissent et lissent les rides.","og_url":"https:\/\/gamme-anti-age-feher.com\/en\/vente-en-ligne\/creme-hydratante-raffermissante-karite\/","og_site_name":"Gamme Dermocosm\u00e9tique Catherine FEHER","article_modified_time":"2022-09-04T18:37:27+00:00","og_image":[{"width":600,"height":600,"url":"https:\/\/gamme-anti-age-feher.com\/wp-content\/uploads\/2022\/09\/B5.jpg","type":"image\/jpeg"}],"twitter_card":"summary_large_image","twitter_misc":{"Est. reading time":"1 minute"},"schema":{"@context":"https:\/\/schema.org","@graph":[{"@type":"WebPage","@id":"https:\/\/gamme-anti-age-feher.com\/vente-en-ligne\/creme-hydratante-raffermissante-karite\/","url":"https:\/\/gamme-anti-age-feher.com\/vente-en-ligne\/creme-hydratante-raffermissante-karite\/","name":"CR\u00c8ME HYDRA SOFT \u2013 50ml Gamme Dermocosm\u00e9tique Catherine FEHER","isPartOf":{"@id":"https:\/\/gamme-anti-age-feher.com\/#website"},"primaryImageOfPage":{"@id":"https:\/\/gamme-anti-age-feher.com\/vente-en-ligne\/creme-hydratante-raffermissante-karite\/#primaryimage"},"image":{"@id":"https:\/\/gamme-anti-age-feher.com\/vente-en-ligne\/creme-hydratante-raffermissante-karite\/#primaryimage"},"thumbnailUrl":"https:\/\/gamme-anti-age-feher.com\/wp-content\/uploads\/2022\/09\/B5.jpg","datePublished":"2016-12-22T08:28:45+00:00","dateModified":"2022-09-04T18:37:27+00:00","description":"Une cr\u00e8me tr\u00e8s hydratante et r\u00e9g\u00e9n\u00e9rante pour le corps. Formule au beurre de Karit\u00e9 avec des peptides liftants qui raffermissent et lissent les rides.","breadcrumb":{"@id":"https:\/\/gamme-anti-age-feher.com\/vente-en-ligne\/creme-hydratante-raffermissante-karite\/#breadcrumb"},"inLanguage":"en-US","potentialAction":[{"@type":"ReadAction","target":["https:\/\/gamme-anti-age-feher.com\/vente-en-ligne\/creme-hydratante-raffermissante-karite\/"]}]},{"@type":"ImageObject","inLanguage":"en-US","@id":"https:\/\/gamme-anti-age-feher.com\/vente-en-ligne\/creme-hydratante-raffermissante-karite\/#primaryimage","url":"https:\/\/gamme-anti-age-feher.com\/wp-content\/uploads\/2022\/09\/B5.jpg","contentUrl":"https:\/\/gamme-anti-age-feher.com\/wp-content\/uploads\/2022\/09\/B5.jpg","width":600,"height":600},{"@type":"BreadcrumbList","@id":"https:\/\/gamme-anti-age-feher.com\/vente-en-ligne\/creme-hydratante-raffermissante-karite\/#breadcrumb","itemListElement":[{"@type":"ListItem","position":1,"name":"Accueil","item":"https:\/\/gamme-anti-age-feher.com\/"},{"@type":"ListItem","position":2,"name":"Boutique","item":"https:\/\/gamme-anti-age-feher.com\/boutique\/"},{"@type":"ListItem","position":3,"name":"CR\u00c8ME HYDRA SOFT \u2013 50ml"}]},{"@type":"WebSite","@id":"https:\/\/gamme-anti-age-feher.com\/#website","url":"https:\/\/gamme-anti-age-feher.com\/","name":"Gamme Dermocosm\u00e9tique Catherine FEHER","description":"L&#039;excellence \u00e0 la fran\u00e7aise avec des produits 100% fran\u00e7ais !","potentialAction":[{"@type":"SearchAction","target":{"@type":"EntryPoint","urlTemplate":"https:\/\/gamme-anti-age-feher.com\/?s={search_term_string}"},"query-input":{"@type":"PropertyValueSpecification","valueRequired":true,"valueName":"search_term_string"}}],"inLanguage":"en-US"}]}},"_links":{"self":[{"href":"https:\/\/gamme-anti-age-feher.com\/en\/wp-json\/wp\/v2\/product\/157","targetHints":{"allow":["GET"]}}],"collection":[{"href":"https:\/\/gamme-anti-age-feher.com\/en\/wp-json\/wp\/v2\/product"}],"about":[{"href":"https:\/\/gamme-anti-age-feher.com\/en\/wp-json\/wp\/v2\/types\/product"}],"replies":[{"embeddable":true,"href":"https:\/\/gamme-anti-age-feher.com\/en\/wp-json\/wp\/v2\/comments?post=157"}],"wp:featuredmedia":[{"embeddable":true,"href":"https:\/\/gamme-anti-age-feher.com\/en\/wp-json\/wp\/v2\/media\/7391"}],"wp:attachment":[{"href":"https:\/\/gamme-anti-age-feher.com\/en\/wp-json\/wp\/v2\/media?parent=157"}],"wp:term":[{"taxonomy":"product_brand","embeddable":true,"href":"https:\/\/gamme-anti-age-feher.com\/en\/wp-json\/wp\/v2\/product_brand?post=157"},{"taxonomy":"product_cat","embeddable":true,"href":"https:\/\/gamme-anti-age-feher.com\/en\/wp-json\/wp\/v2\/product_cat?post=157"},{"taxonomy":"product_tag","embeddable":true,"href":"https:\/\/gamme-anti-age-feher.com\/en\/wp-json\/wp\/v2\/product_tag?post=157"}],"curies":[{"name":"wp","href":"https:\/\/api.w.org\/{rel}","templated":true}]}}