{"id":154,"date":"2016-12-22T09:26:04","date_gmt":"2016-12-22T08:26:04","guid":{"rendered":"https:\/\/demos.artbees.net\/jupiter\/maia\/?post_type=product&#038;p=154"},"modified":"2022-09-04T20:35:45","modified_gmt":"2022-09-04T18:35:45","slug":"serum-lift-vegetal-30ml","status":"publish","type":"product","link":"https:\/\/gamme-anti-age-feher.com\/en\/vente-en-ligne\/serum-lift-vegetal-30ml\/","title":{"rendered":"S\u00c9RUM LIFT \u2013 V\u00e9g\u00e9tal &#8211; 30ml"},"content":{"rendered":"<p>Ce s\u00e9rum retend, raffermit l\u2019ovale du visage et le d\u00e9collet\u00e9. Il permet de tonifier le corps comme la peau de vos bras. Les propri\u00e9t\u00e9s raffermissantes et tensives du Kig\u00e9lia Africana, et celles\u00a0du Quillaja d\u2019Am\u00e9rique Latine hydratantes et protectrices .<\/p>\n<p>Mode d\u2019emploi :<\/p>\n<p>S\u2019utilise matin et\/ou soir sous une cr\u00e8me, telle que <a href=\"https:\/\/gamme-anti-age-feher.com\/en\/vente-en-ligne\/creme-acide-hyaluronique-lactique\/\">HYAL CREAM<\/a>.<\/p>\n<p>Appliquer sur le visage, d\u00e9collet\u00e9 et\/ou bras.<\/p>\n<p>Masser d\u00e9licatement jusqu\u2019\u00e0 la p\u00e9n\u00e9tration du produit.<\/p>\n<p>La texture gel permet au s\u00e9rum de p\u00e9n\u00e9trer facilement la peau.<\/p>","protected":false},"excerpt":{"rendered":"<p>Les principes actifs naturels et puissants de ce s\u00e9rum, pour un effet raffermissant et tenseur avec la Kig\u00e9lia Africana. La Quillaja d\u2019Am\u00e9rique hydrate la peau en profondeur et sa texture acc\u00e9l\u00e8re la p\u00e9n\u00e9tration dans l&rsquo;\u00e9piderme.<\/p>\n<p>Le s\u00e9rum est mixte et applicable sur plusieurs zones de votre corps. Pour faire durer les effets et l&rsquo;efficacit\u00e9 du s\u00e9rum, rajoutez une cr\u00e8me par dessus.<\/p>\n<p>&nbsp;<\/p>","protected":false},"featured_media":7404,"comment_status":"open","ping_status":"closed","template":"","meta":[],"product_brand":[],"product_cat":[141],"product_tag":[95,124,127,89,91,90,87,86,105,88,126,22],"class_list":{"0":"post-154","1":"product","2":"type-product","3":"status-publish","4":"has-post-thumbnail","6":"product_cat-effet-tenseur","7":"product_tag-anti-age","8":"product_tag-body","9":"product_tag-corps","10":"product_tag-de-jour","11":"product_tag-de-jour-et-de-nuit","12":"product_tag-nuit","13":"product_tag-femme","14":"product_tag-homme","15":"product_tag-hydratante","16":"product_tag-mixte","17":"product_tag-raffermissante","18":"product_tag-serum","20":"first","21":"instock","22":"shipping-taxable","23":"purchasable","24":"product-type-simple"},"yoast_head":"<!-- This site is optimized with the Yoast SEO plugin v27.2 - https:\/\/yoast.com\/product\/yoast-seo-wordpress\/ -->\n<title>S\u00c9RUM LIFT \u2013 V\u00e9g\u00e9tal - 30ml - Gamme Dermocosm\u00e9tique Catherine FEHER<\/title>\n<meta name=\"description\" content=\"Le s\u00e9rum Lift a des principes actifs naturels et puissants qui raffermissent et hydratent votre peau. Un concentr\u00e9 pour un effet tenseur de la peau.\" \/>\n<meta name=\"robots\" content=\"index, follow, max-snippet:-1, max-image-preview:large, max-video-preview:-1\" \/>\n<link rel=\"canonical\" href=\"https:\/\/gamme-anti-age-feher.com\/en\/vente-en-ligne\/serum-lift-vegetal-30ml\/\" \/>\n<meta property=\"og:locale\" content=\"en_US\" \/>\n<meta property=\"og:type\" content=\"article\" \/>\n<meta property=\"og:title\" content=\"S\u00c9RUM LIFT \u2013 V\u00e9g\u00e9tal - 30ml - Gamme Dermocosm\u00e9tique Catherine FEHER\" \/>\n<meta property=\"og:description\" content=\"Le s\u00e9rum Lift a des principes actifs naturels et puissants qui raffermissent et hydratent votre peau. Un concentr\u00e9 pour un effet tenseur de la peau.\" \/>\n<meta property=\"og:url\" content=\"https:\/\/gamme-anti-age-feher.com\/en\/vente-en-ligne\/serum-lift-vegetal-30ml\/\" \/>\n<meta property=\"og:site_name\" content=\"Gamme Dermocosm\u00e9tique Catherine FEHER\" \/>\n<meta property=\"article:modified_time\" content=\"2022-09-04T18:35:45+00:00\" \/>\n<meta property=\"og:image\" content=\"https:\/\/gamme-anti-age-feher.com\/wp-content\/uploads\/2022\/09\/F5.jpg\" \/>\n\t<meta property=\"og:image:width\" content=\"600\" \/>\n\t<meta property=\"og:image:height\" content=\"600\" \/>\n\t<meta property=\"og:image:type\" content=\"image\/jpeg\" \/>\n<meta name=\"twitter:card\" content=\"summary_large_image\" \/>\n<script type=\"application\/ld+json\" class=\"yoast-schema-graph\">{\"@context\":\"https:\/\/schema.org\",\"@graph\":[{\"@type\":\"WebPage\",\"@id\":\"https:\/\/gamme-anti-age-feher.com\/vente-en-ligne\/serum-lift-vegetal-30ml\/\",\"url\":\"https:\/\/gamme-anti-age-feher.com\/vente-en-ligne\/serum-lift-vegetal-30ml\/\",\"name\":\"S\u00c9RUM LIFT \u2013 V\u00e9g\u00e9tal - 30ml - Gamme Dermocosm\u00e9tique Catherine FEHER\",\"isPartOf\":{\"@id\":\"https:\/\/gamme-anti-age-feher.com\/#website\"},\"primaryImageOfPage\":{\"@id\":\"https:\/\/gamme-anti-age-feher.com\/vente-en-ligne\/serum-lift-vegetal-30ml\/#primaryimage\"},\"image\":{\"@id\":\"https:\/\/gamme-anti-age-feher.com\/vente-en-ligne\/serum-lift-vegetal-30ml\/#primaryimage\"},\"thumbnailUrl\":\"https:\/\/gamme-anti-age-feher.com\/wp-content\/uploads\/2022\/09\/F5.jpg\",\"datePublished\":\"2016-12-22T08:26:04+00:00\",\"dateModified\":\"2022-09-04T18:35:45+00:00\",\"description\":\"Le s\u00e9rum Lift a des principes actifs naturels et puissants qui raffermissent et hydratent votre peau. Un concentr\u00e9 pour un effet tenseur de la peau.\",\"breadcrumb\":{\"@id\":\"https:\/\/gamme-anti-age-feher.com\/vente-en-ligne\/serum-lift-vegetal-30ml\/#breadcrumb\"},\"inLanguage\":\"en-US\",\"potentialAction\":[{\"@type\":\"ReadAction\",\"target\":[\"https:\/\/gamme-anti-age-feher.com\/vente-en-ligne\/serum-lift-vegetal-30ml\/\"]}]},{\"@type\":\"ImageObject\",\"inLanguage\":\"en-US\",\"@id\":\"https:\/\/gamme-anti-age-feher.com\/vente-en-ligne\/serum-lift-vegetal-30ml\/#primaryimage\",\"url\":\"https:\/\/gamme-anti-age-feher.com\/wp-content\/uploads\/2022\/09\/F5.jpg\",\"contentUrl\":\"https:\/\/gamme-anti-age-feher.com\/wp-content\/uploads\/2022\/09\/F5.jpg\",\"width\":600,\"height\":600},{\"@type\":\"BreadcrumbList\",\"@id\":\"https:\/\/gamme-anti-age-feher.com\/vente-en-ligne\/serum-lift-vegetal-30ml\/#breadcrumb\",\"itemListElement\":[{\"@type\":\"ListItem\",\"position\":1,\"name\":\"Accueil\",\"item\":\"https:\/\/gamme-anti-age-feher.com\/\"},{\"@type\":\"ListItem\",\"position\":2,\"name\":\"Boutique\",\"item\":\"https:\/\/gamme-anti-age-feher.com\/boutique\/\"},{\"@type\":\"ListItem\",\"position\":3,\"name\":\"S\u00c9RUM LIFT \u2013 V\u00e9g\u00e9tal &#8211; 30ml\"}]},{\"@type\":\"WebSite\",\"@id\":\"https:\/\/gamme-anti-age-feher.com\/#website\",\"url\":\"https:\/\/gamme-anti-age-feher.com\/\",\"name\":\"Gamme Dermocosm\u00e9tique Catherine FEHER\",\"description\":\"L&#039;excellence \u00e0 la fran\u00e7aise avec des produits 100% fran\u00e7ais !\",\"potentialAction\":[{\"@type\":\"SearchAction\",\"target\":{\"@type\":\"EntryPoint\",\"urlTemplate\":\"https:\/\/gamme-anti-age-feher.com\/?s={search_term_string}\"},\"query-input\":{\"@type\":\"PropertyValueSpecification\",\"valueRequired\":true,\"valueName\":\"search_term_string\"}}],\"inLanguage\":\"en-US\"}]}<\/script>\n<!-- \/ Yoast SEO plugin. -->","yoast_head_json":{"title":"S\u00c9RUM LIFT \u2013 V\u00e9g\u00e9tal - 30ml - Gamme Dermocosm\u00e9tique Catherine FEHER","description":"Le s\u00e9rum Lift a des principes actifs naturels et puissants qui raffermissent et hydratent votre peau. Un concentr\u00e9 pour un effet tenseur de la peau.","robots":{"index":"index","follow":"follow","max-snippet":"max-snippet:-1","max-image-preview":"max-image-preview:large","max-video-preview":"max-video-preview:-1"},"canonical":"https:\/\/gamme-anti-age-feher.com\/en\/vente-en-ligne\/serum-lift-vegetal-30ml\/","og_locale":"en_US","og_type":"article","og_title":"S\u00c9RUM LIFT \u2013 V\u00e9g\u00e9tal - 30ml - Gamme Dermocosm\u00e9tique Catherine FEHER","og_description":"Le s\u00e9rum Lift a des principes actifs naturels et puissants qui raffermissent et hydratent votre peau. Un concentr\u00e9 pour un effet tenseur de la peau.","og_url":"https:\/\/gamme-anti-age-feher.com\/en\/vente-en-ligne\/serum-lift-vegetal-30ml\/","og_site_name":"Gamme Dermocosm\u00e9tique Catherine FEHER","article_modified_time":"2022-09-04T18:35:45+00:00","og_image":[{"width":600,"height":600,"url":"https:\/\/gamme-anti-age-feher.com\/wp-content\/uploads\/2022\/09\/F5.jpg","type":"image\/jpeg"}],"twitter_card":"summary_large_image","schema":{"@context":"https:\/\/schema.org","@graph":[{"@type":"WebPage","@id":"https:\/\/gamme-anti-age-feher.com\/vente-en-ligne\/serum-lift-vegetal-30ml\/","url":"https:\/\/gamme-anti-age-feher.com\/vente-en-ligne\/serum-lift-vegetal-30ml\/","name":"S\u00c9RUM LIFT \u2013 V\u00e9g\u00e9tal - 30ml - Gamme Dermocosm\u00e9tique Catherine FEHER","isPartOf":{"@id":"https:\/\/gamme-anti-age-feher.com\/#website"},"primaryImageOfPage":{"@id":"https:\/\/gamme-anti-age-feher.com\/vente-en-ligne\/serum-lift-vegetal-30ml\/#primaryimage"},"image":{"@id":"https:\/\/gamme-anti-age-feher.com\/vente-en-ligne\/serum-lift-vegetal-30ml\/#primaryimage"},"thumbnailUrl":"https:\/\/gamme-anti-age-feher.com\/wp-content\/uploads\/2022\/09\/F5.jpg","datePublished":"2016-12-22T08:26:04+00:00","dateModified":"2022-09-04T18:35:45+00:00","description":"Le s\u00e9rum Lift a des principes actifs naturels et puissants qui raffermissent et hydratent votre peau. Un concentr\u00e9 pour un effet tenseur de la peau.","breadcrumb":{"@id":"https:\/\/gamme-anti-age-feher.com\/vente-en-ligne\/serum-lift-vegetal-30ml\/#breadcrumb"},"inLanguage":"en-US","potentialAction":[{"@type":"ReadAction","target":["https:\/\/gamme-anti-age-feher.com\/vente-en-ligne\/serum-lift-vegetal-30ml\/"]}]},{"@type":"ImageObject","inLanguage":"en-US","@id":"https:\/\/gamme-anti-age-feher.com\/vente-en-ligne\/serum-lift-vegetal-30ml\/#primaryimage","url":"https:\/\/gamme-anti-age-feher.com\/wp-content\/uploads\/2022\/09\/F5.jpg","contentUrl":"https:\/\/gamme-anti-age-feher.com\/wp-content\/uploads\/2022\/09\/F5.jpg","width":600,"height":600},{"@type":"BreadcrumbList","@id":"https:\/\/gamme-anti-age-feher.com\/vente-en-ligne\/serum-lift-vegetal-30ml\/#breadcrumb","itemListElement":[{"@type":"ListItem","position":1,"name":"Accueil","item":"https:\/\/gamme-anti-age-feher.com\/"},{"@type":"ListItem","position":2,"name":"Boutique","item":"https:\/\/gamme-anti-age-feher.com\/boutique\/"},{"@type":"ListItem","position":3,"name":"S\u00c9RUM LIFT \u2013 V\u00e9g\u00e9tal &#8211; 30ml"}]},{"@type":"WebSite","@id":"https:\/\/gamme-anti-age-feher.com\/#website","url":"https:\/\/gamme-anti-age-feher.com\/","name":"Gamme Dermocosm\u00e9tique Catherine FEHER","description":"L&#039;excellence \u00e0 la fran\u00e7aise avec des produits 100% fran\u00e7ais !","potentialAction":[{"@type":"SearchAction","target":{"@type":"EntryPoint","urlTemplate":"https:\/\/gamme-anti-age-feher.com\/?s={search_term_string}"},"query-input":{"@type":"PropertyValueSpecification","valueRequired":true,"valueName":"search_term_string"}}],"inLanguage":"en-US"}]}},"_links":{"self":[{"href":"https:\/\/gamme-anti-age-feher.com\/en\/wp-json\/wp\/v2\/product\/154","targetHints":{"allow":["GET"]}}],"collection":[{"href":"https:\/\/gamme-anti-age-feher.com\/en\/wp-json\/wp\/v2\/product"}],"about":[{"href":"https:\/\/gamme-anti-age-feher.com\/en\/wp-json\/wp\/v2\/types\/product"}],"replies":[{"embeddable":true,"href":"https:\/\/gamme-anti-age-feher.com\/en\/wp-json\/wp\/v2\/comments?post=154"}],"wp:featuredmedia":[{"embeddable":true,"href":"https:\/\/gamme-anti-age-feher.com\/en\/wp-json\/wp\/v2\/media\/7404"}],"wp:attachment":[{"href":"https:\/\/gamme-anti-age-feher.com\/en\/wp-json\/wp\/v2\/media?parent=154"}],"wp:term":[{"taxonomy":"product_brand","embeddable":true,"href":"https:\/\/gamme-anti-age-feher.com\/en\/wp-json\/wp\/v2\/product_brand?post=154"},{"taxonomy":"product_cat","embeddable":true,"href":"https:\/\/gamme-anti-age-feher.com\/en\/wp-json\/wp\/v2\/product_cat?post=154"},{"taxonomy":"product_tag","embeddable":true,"href":"https:\/\/gamme-anti-age-feher.com\/en\/wp-json\/wp\/v2\/product_tag?post=154"}],"curies":[{"name":"wp","href":"https:\/\/api.w.org\/{rel}","templated":true}]}}