{"id":145,"date":"2016-12-22T09:22:58","date_gmt":"2016-12-22T08:22:58","guid":{"rendered":"https:\/\/demos.artbees.net\/jupiter\/maia\/?post_type=product&#038;p=145"},"modified":"2022-09-04T20:33:40","modified_gmt":"2022-09-04T18:33:40","slug":"serum-hydrate-raffermit-contour-yeux","status":"publish","type":"product","link":"https:\/\/gamme-anti-age-feher.com\/en\/vente-en-ligne\/serum-hydrate-raffermit-contour-yeux\/","title":{"rendered":"EYE CONTOUR SERUM"},"content":{"rendered":"<p>Le s\u00e9rum hydrate et raffermit intens\u00e9ment la peau fine du contour des yeux. Il nourrit et renforce\u00a0la barri\u00e8re de protection naturelle autour des yeux avec en plus une action d\u2019att\u00e9nuation des ridules.<\/p>\n<p>Sa formule contient de l\u2019acide hyaluronique \u00e0 faible poids mol\u00e9culaire qui am\u00e9liore l&rsquo;absorption du produit par la peau en profondeur.<\/p>\n<p>La peau hydrat\u00e9e plus efficacement et raffermie en profondeur.<\/p>\n<p>Mode d\u2019emploi :<\/p>\n<p>Il s&rsquo;utilise matin et soir, pour les hommes et pour les femmes.<\/p>\n<p>Appliquer une fine couche de s\u00e9rum sous les yeux et masser d\u00e9licatement autour des yeux.<\/p>\n<p>Convient \u00e0 toutes les peaux y compris sensibles.<\/p>","protected":false},"excerpt":{"rendered":"<p>Le s\u00e9rum hydrate et raffermit, sa texture est fluide pour p\u00e9n\u00e9trer intens\u00e9ment la peau du contour des yeux. Il nourrit, renforce la barri\u00e8re de protection naturelle autour des yeux, avec en plus une action de correction des ridules.<\/p>\n<p>Sa formule contient de l\u2019acide hyaluronique.<\/p>","protected":false},"featured_media":7400,"comment_status":"open","ping_status":"closed","template":"","meta":[],"product_brand":[],"product_cat":[140],"product_tag":[92,95,97,87,86,105,88,126,22,106],"class_list":{"0":"post-145","1":"product","2":"type-product","3":"status-publish","4":"has-post-thumbnail","6":"product_cat-cafeine","7":"product_tag-acide-hyaluronique","8":"product_tag-anti-age","9":"product_tag-anti-rides","10":"product_tag-femme","11":"product_tag-homme","12":"product_tag-hydratante","13":"product_tag-mixte","14":"product_tag-raffermissante","15":"product_tag-serum","16":"product_tag-visage","18":"first","19":"instock","20":"shipping-taxable","21":"purchasable","22":"product-type-simple"},"yoast_head":"<!-- This site is optimized with the Yoast SEO plugin v27.2 - https:\/\/yoast.com\/product\/yoast-seo-wordpress\/ -->\n<title>S\u00c9RUM CONTOUR DES YEUX - Gamme Dermocosm\u00e9tique Catherine FEHER<\/title>\n<meta name=\"description\" content=\"Un s\u00e9rum hydratant et raffermissant du contour des yeux. Diminue les ridules avec l\u2019acide hyaluronique et nourrit. Une texture pour une meilleure absortion.\" \/>\n<meta name=\"robots\" content=\"index, follow, max-snippet:-1, max-image-preview:large, max-video-preview:-1\" \/>\n<link rel=\"canonical\" href=\"https:\/\/gamme-anti-age-feher.com\/en\/vente-en-ligne\/serum-hydrate-raffermit-contour-yeux\/\" \/>\n<meta property=\"og:locale\" content=\"en_US\" \/>\n<meta property=\"og:type\" content=\"article\" \/>\n<meta property=\"og:title\" content=\"S\u00c9RUM CONTOUR DES YEUX - Gamme Dermocosm\u00e9tique Catherine FEHER\" \/>\n<meta property=\"og:description\" content=\"Un s\u00e9rum hydratant et raffermissant du contour des yeux. Diminue les ridules avec l\u2019acide hyaluronique et nourrit. Une texture pour une meilleure absortion.\" \/>\n<meta property=\"og:url\" content=\"https:\/\/gamme-anti-age-feher.com\/en\/vente-en-ligne\/serum-hydrate-raffermit-contour-yeux\/\" \/>\n<meta property=\"og:site_name\" content=\"Gamme Dermocosm\u00e9tique Catherine FEHER\" \/>\n<meta property=\"article:modified_time\" content=\"2022-09-04T18:33:40+00:00\" \/>\n<meta property=\"og:image\" content=\"https:\/\/gamme-anti-age-feher.com\/wp-content\/uploads\/2022\/09\/F1.jpg\" \/>\n\t<meta property=\"og:image:width\" content=\"600\" \/>\n\t<meta property=\"og:image:height\" content=\"600\" \/>\n\t<meta property=\"og:image:type\" content=\"image\/jpeg\" \/>\n<meta name=\"twitter:card\" content=\"summary_large_image\" \/>\n<meta name=\"twitter:label1\" content=\"Est. reading time\" \/>\n\t<meta name=\"twitter:data1\" content=\"1 minute\" \/>\n<script type=\"application\/ld+json\" class=\"yoast-schema-graph\">{\"@context\":\"https:\/\/schema.org\",\"@graph\":[{\"@type\":\"WebPage\",\"@id\":\"https:\/\/gamme-anti-age-feher.com\/vente-en-ligne\/serum-hydrate-raffermit-contour-yeux\/\",\"url\":\"https:\/\/gamme-anti-age-feher.com\/vente-en-ligne\/serum-hydrate-raffermit-contour-yeux\/\",\"name\":\"S\u00c9RUM CONTOUR DES YEUX - Gamme Dermocosm\u00e9tique Catherine FEHER\",\"isPartOf\":{\"@id\":\"https:\/\/gamme-anti-age-feher.com\/#website\"},\"primaryImageOfPage\":{\"@id\":\"https:\/\/gamme-anti-age-feher.com\/vente-en-ligne\/serum-hydrate-raffermit-contour-yeux\/#primaryimage\"},\"image\":{\"@id\":\"https:\/\/gamme-anti-age-feher.com\/vente-en-ligne\/serum-hydrate-raffermit-contour-yeux\/#primaryimage\"},\"thumbnailUrl\":\"https:\/\/gamme-anti-age-feher.com\/wp-content\/uploads\/2022\/09\/F1.jpg\",\"datePublished\":\"2016-12-22T08:22:58+00:00\",\"dateModified\":\"2022-09-04T18:33:40+00:00\",\"description\":\"Un s\u00e9rum hydratant et raffermissant du contour des yeux. Diminue les ridules avec l\u2019acide hyaluronique et nourrit. Une texture pour une meilleure absortion.\",\"breadcrumb\":{\"@id\":\"https:\/\/gamme-anti-age-feher.com\/vente-en-ligne\/serum-hydrate-raffermit-contour-yeux\/#breadcrumb\"},\"inLanguage\":\"en-US\",\"potentialAction\":[{\"@type\":\"ReadAction\",\"target\":[\"https:\/\/gamme-anti-age-feher.com\/vente-en-ligne\/serum-hydrate-raffermit-contour-yeux\/\"]}]},{\"@type\":\"ImageObject\",\"inLanguage\":\"en-US\",\"@id\":\"https:\/\/gamme-anti-age-feher.com\/vente-en-ligne\/serum-hydrate-raffermit-contour-yeux\/#primaryimage\",\"url\":\"https:\/\/gamme-anti-age-feher.com\/wp-content\/uploads\/2022\/09\/F1.jpg\",\"contentUrl\":\"https:\/\/gamme-anti-age-feher.com\/wp-content\/uploads\/2022\/09\/F1.jpg\",\"width\":600,\"height\":600},{\"@type\":\"BreadcrumbList\",\"@id\":\"https:\/\/gamme-anti-age-feher.com\/vente-en-ligne\/serum-hydrate-raffermit-contour-yeux\/#breadcrumb\",\"itemListElement\":[{\"@type\":\"ListItem\",\"position\":1,\"name\":\"Accueil\",\"item\":\"https:\/\/gamme-anti-age-feher.com\/\"},{\"@type\":\"ListItem\",\"position\":2,\"name\":\"Boutique\",\"item\":\"https:\/\/gamme-anti-age-feher.com\/boutique\/\"},{\"@type\":\"ListItem\",\"position\":3,\"name\":\"S\u00c9RUM CONTOUR DES YEUX\"}]},{\"@type\":\"WebSite\",\"@id\":\"https:\/\/gamme-anti-age-feher.com\/#website\",\"url\":\"https:\/\/gamme-anti-age-feher.com\/\",\"name\":\"Gamme Dermocosm\u00e9tique Catherine FEHER\",\"description\":\"L&#039;excellence \u00e0 la fran\u00e7aise avec des produits 100% fran\u00e7ais !\",\"potentialAction\":[{\"@type\":\"SearchAction\",\"target\":{\"@type\":\"EntryPoint\",\"urlTemplate\":\"https:\/\/gamme-anti-age-feher.com\/?s={search_term_string}\"},\"query-input\":{\"@type\":\"PropertyValueSpecification\",\"valueRequired\":true,\"valueName\":\"search_term_string\"}}],\"inLanguage\":\"en-US\"}]}<\/script>\n<!-- \/ Yoast SEO plugin. -->","yoast_head_json":{"title":"S\u00c9RUM CONTOUR DES YEUX - Gamme Dermocosm\u00e9tique Catherine FEHER","description":"Un s\u00e9rum hydratant et raffermissant du contour des yeux. Diminue les ridules avec l\u2019acide hyaluronique et nourrit. Une texture pour une meilleure absortion.","robots":{"index":"index","follow":"follow","max-snippet":"max-snippet:-1","max-image-preview":"max-image-preview:large","max-video-preview":"max-video-preview:-1"},"canonical":"https:\/\/gamme-anti-age-feher.com\/en\/vente-en-ligne\/serum-hydrate-raffermit-contour-yeux\/","og_locale":"en_US","og_type":"article","og_title":"S\u00c9RUM CONTOUR DES YEUX - Gamme Dermocosm\u00e9tique Catherine FEHER","og_description":"Un s\u00e9rum hydratant et raffermissant du contour des yeux. Diminue les ridules avec l\u2019acide hyaluronique et nourrit. Une texture pour une meilleure absortion.","og_url":"https:\/\/gamme-anti-age-feher.com\/en\/vente-en-ligne\/serum-hydrate-raffermit-contour-yeux\/","og_site_name":"Gamme Dermocosm\u00e9tique Catherine FEHER","article_modified_time":"2022-09-04T18:33:40+00:00","og_image":[{"width":600,"height":600,"url":"https:\/\/gamme-anti-age-feher.com\/wp-content\/uploads\/2022\/09\/F1.jpg","type":"image\/jpeg"}],"twitter_card":"summary_large_image","twitter_misc":{"Est. reading time":"1 minute"},"schema":{"@context":"https:\/\/schema.org","@graph":[{"@type":"WebPage","@id":"https:\/\/gamme-anti-age-feher.com\/vente-en-ligne\/serum-hydrate-raffermit-contour-yeux\/","url":"https:\/\/gamme-anti-age-feher.com\/vente-en-ligne\/serum-hydrate-raffermit-contour-yeux\/","name":"S\u00c9RUM CONTOUR DES YEUX - Gamme Dermocosm\u00e9tique Catherine FEHER","isPartOf":{"@id":"https:\/\/gamme-anti-age-feher.com\/#website"},"primaryImageOfPage":{"@id":"https:\/\/gamme-anti-age-feher.com\/vente-en-ligne\/serum-hydrate-raffermit-contour-yeux\/#primaryimage"},"image":{"@id":"https:\/\/gamme-anti-age-feher.com\/vente-en-ligne\/serum-hydrate-raffermit-contour-yeux\/#primaryimage"},"thumbnailUrl":"https:\/\/gamme-anti-age-feher.com\/wp-content\/uploads\/2022\/09\/F1.jpg","datePublished":"2016-12-22T08:22:58+00:00","dateModified":"2022-09-04T18:33:40+00:00","description":"Un s\u00e9rum hydratant et raffermissant du contour des yeux. Diminue les ridules avec l\u2019acide hyaluronique et nourrit. Une texture pour une meilleure absortion.","breadcrumb":{"@id":"https:\/\/gamme-anti-age-feher.com\/vente-en-ligne\/serum-hydrate-raffermit-contour-yeux\/#breadcrumb"},"inLanguage":"en-US","potentialAction":[{"@type":"ReadAction","target":["https:\/\/gamme-anti-age-feher.com\/vente-en-ligne\/serum-hydrate-raffermit-contour-yeux\/"]}]},{"@type":"ImageObject","inLanguage":"en-US","@id":"https:\/\/gamme-anti-age-feher.com\/vente-en-ligne\/serum-hydrate-raffermit-contour-yeux\/#primaryimage","url":"https:\/\/gamme-anti-age-feher.com\/wp-content\/uploads\/2022\/09\/F1.jpg","contentUrl":"https:\/\/gamme-anti-age-feher.com\/wp-content\/uploads\/2022\/09\/F1.jpg","width":600,"height":600},{"@type":"BreadcrumbList","@id":"https:\/\/gamme-anti-age-feher.com\/vente-en-ligne\/serum-hydrate-raffermit-contour-yeux\/#breadcrumb","itemListElement":[{"@type":"ListItem","position":1,"name":"Accueil","item":"https:\/\/gamme-anti-age-feher.com\/"},{"@type":"ListItem","position":2,"name":"Boutique","item":"https:\/\/gamme-anti-age-feher.com\/boutique\/"},{"@type":"ListItem","position":3,"name":"S\u00c9RUM CONTOUR DES YEUX"}]},{"@type":"WebSite","@id":"https:\/\/gamme-anti-age-feher.com\/#website","url":"https:\/\/gamme-anti-age-feher.com\/","name":"Gamme Dermocosm\u00e9tique Catherine FEHER","description":"L&#039;excellence \u00e0 la fran\u00e7aise avec des produits 100% fran\u00e7ais !","potentialAction":[{"@type":"SearchAction","target":{"@type":"EntryPoint","urlTemplate":"https:\/\/gamme-anti-age-feher.com\/?s={search_term_string}"},"query-input":{"@type":"PropertyValueSpecification","valueRequired":true,"valueName":"search_term_string"}}],"inLanguage":"en-US"}]}},"_links":{"self":[{"href":"https:\/\/gamme-anti-age-feher.com\/en\/wp-json\/wp\/v2\/product\/145","targetHints":{"allow":["GET"]}}],"collection":[{"href":"https:\/\/gamme-anti-age-feher.com\/en\/wp-json\/wp\/v2\/product"}],"about":[{"href":"https:\/\/gamme-anti-age-feher.com\/en\/wp-json\/wp\/v2\/types\/product"}],"replies":[{"embeddable":true,"href":"https:\/\/gamme-anti-age-feher.com\/en\/wp-json\/wp\/v2\/comments?post=145"}],"wp:featuredmedia":[{"embeddable":true,"href":"https:\/\/gamme-anti-age-feher.com\/en\/wp-json\/wp\/v2\/media\/7400"}],"wp:attachment":[{"href":"https:\/\/gamme-anti-age-feher.com\/en\/wp-json\/wp\/v2\/media?parent=145"}],"wp:term":[{"taxonomy":"product_brand","embeddable":true,"href":"https:\/\/gamme-anti-age-feher.com\/en\/wp-json\/wp\/v2\/product_brand?post=145"},{"taxonomy":"product_cat","embeddable":true,"href":"https:\/\/gamme-anti-age-feher.com\/en\/wp-json\/wp\/v2\/product_cat?post=145"},{"taxonomy":"product_tag","embeddable":true,"href":"https:\/\/gamme-anti-age-feher.com\/en\/wp-json\/wp\/v2\/product_tag?post=145"}],"curies":[{"name":"wp","href":"https:\/\/api.w.org\/{rel}","templated":true}]}}