{"id":1289,"date":"2019-04-18T16:49:50","date_gmt":"2019-04-18T14:49:50","guid":{"rendered":"https:\/\/www.gamme-anti-age-feher.com\/?post_type=product&#038;p=1289"},"modified":"2022-09-04T20:42:41","modified_gmt":"2022-09-04T18:42:41","slug":"masque-visage-protege-hydrate","status":"publish","type":"product","link":"https:\/\/gamme-anti-age-feher.com\/en\/vente-en-ligne\/masque-visage-protege-hydrate\/","title":{"rendered":"Mask Cream"},"content":{"rendered":"<p>Un masque pour le visage avec une texture a\u00e9rienne et cr\u00e9meuse qui r\u00e9volutionnera votre instant beaut\u00e9 !<\/p>\n<p>Ces composants prot\u00e8gent la peau contre les radicaux libres, responsables du vieillissement de la peau et permettent une hydratation en profondeur .<\/p>\n<p>Il contient de la figue de barbarie tenseur naturel, hydratant, raffermissant att\u00e9nue les imperfections et rides naturellement.\u00a0La fleur de lys permet d\u2019\u00e9claircir la peau en pr\u00e9venant contre l&rsquo;apparition des t\u00e2ches brunes. Cela apaise naturellement les rougeurs et les sensations d\u2019\u00e9chauffement dues au soleil.<\/p>\n<p>Mode d&#8217;emploi :<\/p>\n<p>Appliquer sur la peau du visage propre et s\u00e8che.<\/p>\n<p>Nos produits sont sans paraben et non tester sur les animaux.<\/p>","protected":false},"excerpt":{"rendered":"<p>Masque pour le visage.<\/p>\n<p>Avec sa texture a\u00e9rienne et cr\u00e9meuse le mask cr\u00e8me r\u00e9volutionnera votre instant beaut\u00e9 !<\/p>\n<p>Ces composants lui procurent sa capacit\u00e9 \u00e0 prot\u00e9ger la peau contre les radicaux libres, responsables du vieillissement de la peau et permettent une hydratation en profondeur .<\/p>\n<p>Sa composition experte vous promet des r\u00e9sultats de grande qualit\u00e9 tout en respectant votre peau et l\u2019environnement avec des principes actifs aussi rares que puissants, <em>(<strong>sans paraben et non tester sur les animaux<\/strong> )<\/em>.<\/p>\n<p>La FIGUE DE BARBARIE\u00a0offre un effet tenseur qui permet de gommer les rides, de pr\u00e9venir leur apparition et lutter contre le rel\u00e2chement de la peau mais son action hydratante, raffermissante et s\u00e9bor\u00e9gulatrice.<\/p>\n<p>La FLEUR DE LYS\u00a0permet d\u2019\u00e9claircir la peau en pr\u00e9venant l&rsquo;apparition des t\u00e2ches brunes. Apaisante naturellement, c\u2019est un ingr\u00e9dient doux qui calme les rougeurs et les sensations d\u2019\u00e9chauffement dues au soleil<\/p>","protected":false},"featured_media":7389,"comment_status":"open","ping_status":"closed","template":"","meta":[],"product_brand":[],"product_cat":[139],"product_tag":[95,82,97,85,89,91,90,87,86,105,24,84,88,106],"class_list":{"0":"post-1289","1":"product","2":"type-product","3":"status-publish","4":"has-post-thumbnail","6":"product_cat-visage-cou","7":"product_tag-anti-age","8":"product_tag-anti-oxydant","9":"product_tag-anti-rides","10":"product_tag-cream","11":"product_tag-de-jour","12":"product_tag-de-jour-et-de-nuit","13":"product_tag-nuit","14":"product_tag-femme","15":"product_tag-homme","16":"product_tag-hydratante","17":"product_tag-lotion","18":"product_tag-mask","19":"product_tag-mixte","20":"product_tag-visage","22":"first","23":"instock","24":"shipping-taxable","25":"purchasable","26":"product-type-simple"},"yoast_head":"<!-- This site is optimized with the Yoast SEO plugin v27.2 - https:\/\/yoast.com\/product\/yoast-seo-wordpress\/ -->\n<title>Masque visage - Gamme Dermocosm\u00e9tique Catherine FEHER<\/title>\n<meta name=\"description\" content=\"Masque pour le visage. Une texture a\u00e9rienne et cr\u00e9meuse qui prot\u00e8ge du vieillissement et hydrate en profondeur. Des composants naturels riches et puissants.\" \/>\n<meta name=\"robots\" content=\"index, follow, max-snippet:-1, max-image-preview:large, max-video-preview:-1\" \/>\n<link rel=\"canonical\" href=\"https:\/\/gamme-anti-age-feher.com\/en\/vente-en-ligne\/masque-visage-protege-hydrate\/\" \/>\n<meta property=\"og:locale\" content=\"en_US\" \/>\n<meta property=\"og:type\" content=\"article\" \/>\n<meta property=\"og:title\" content=\"Masque visage - Gamme Dermocosm\u00e9tique Catherine FEHER\" \/>\n<meta property=\"og:description\" content=\"Masque pour le visage. Une texture a\u00e9rienne et cr\u00e9meuse qui prot\u00e8ge du vieillissement et hydrate en profondeur. Des composants naturels riches et puissants.\" \/>\n<meta property=\"og:url\" content=\"https:\/\/gamme-anti-age-feher.com\/en\/vente-en-ligne\/masque-visage-protege-hydrate\/\" \/>\n<meta property=\"og:site_name\" content=\"Gamme Dermocosm\u00e9tique Catherine FEHER\" \/>\n<meta property=\"article:modified_time\" content=\"2022-09-04T18:42:41+00:00\" \/>\n<meta property=\"og:image\" content=\"https:\/\/gamme-anti-age-feher.com\/wp-content\/uploads\/2022\/09\/B3.jpg\" \/>\n\t<meta property=\"og:image:width\" content=\"600\" \/>\n\t<meta property=\"og:image:height\" content=\"600\" \/>\n\t<meta property=\"og:image:type\" content=\"image\/jpeg\" \/>\n<meta name=\"twitter:card\" content=\"summary_large_image\" \/>\n<meta name=\"twitter:label1\" content=\"Est. reading time\" \/>\n\t<meta name=\"twitter:data1\" content=\"1 minute\" \/>\n<script type=\"application\/ld+json\" class=\"yoast-schema-graph\">{\"@context\":\"https:\/\/schema.org\",\"@graph\":[{\"@type\":\"WebPage\",\"@id\":\"https:\/\/gamme-anti-age-feher.com\/vente-en-ligne\/masque-visage-protege-hydrate\/\",\"url\":\"https:\/\/gamme-anti-age-feher.com\/vente-en-ligne\/masque-visage-protege-hydrate\/\",\"name\":\"Masque visage - Gamme Dermocosm\u00e9tique Catherine FEHER\",\"isPartOf\":{\"@id\":\"https:\/\/gamme-anti-age-feher.com\/#website\"},\"primaryImageOfPage\":{\"@id\":\"https:\/\/gamme-anti-age-feher.com\/vente-en-ligne\/masque-visage-protege-hydrate\/#primaryimage\"},\"image\":{\"@id\":\"https:\/\/gamme-anti-age-feher.com\/vente-en-ligne\/masque-visage-protege-hydrate\/#primaryimage\"},\"thumbnailUrl\":\"https:\/\/gamme-anti-age-feher.com\/wp-content\/uploads\/2022\/09\/B3.jpg\",\"datePublished\":\"2019-04-18T14:49:50+00:00\",\"dateModified\":\"2022-09-04T18:42:41+00:00\",\"description\":\"Masque pour le visage. Une texture a\u00e9rienne et cr\u00e9meuse qui prot\u00e8ge du vieillissement et hydrate en profondeur. Des composants naturels riches et puissants.\",\"breadcrumb\":{\"@id\":\"https:\/\/gamme-anti-age-feher.com\/vente-en-ligne\/masque-visage-protege-hydrate\/#breadcrumb\"},\"inLanguage\":\"en-US\",\"potentialAction\":[{\"@type\":\"ReadAction\",\"target\":[\"https:\/\/gamme-anti-age-feher.com\/vente-en-ligne\/masque-visage-protege-hydrate\/\"]}]},{\"@type\":\"ImageObject\",\"inLanguage\":\"en-US\",\"@id\":\"https:\/\/gamme-anti-age-feher.com\/vente-en-ligne\/masque-visage-protege-hydrate\/#primaryimage\",\"url\":\"https:\/\/gamme-anti-age-feher.com\/wp-content\/uploads\/2022\/09\/B3.jpg\",\"contentUrl\":\"https:\/\/gamme-anti-age-feher.com\/wp-content\/uploads\/2022\/09\/B3.jpg\",\"width\":600,\"height\":600},{\"@type\":\"BreadcrumbList\",\"@id\":\"https:\/\/gamme-anti-age-feher.com\/vente-en-ligne\/masque-visage-protege-hydrate\/#breadcrumb\",\"itemListElement\":[{\"@type\":\"ListItem\",\"position\":1,\"name\":\"Accueil\",\"item\":\"https:\/\/gamme-anti-age-feher.com\/\"},{\"@type\":\"ListItem\",\"position\":2,\"name\":\"Boutique\",\"item\":\"https:\/\/gamme-anti-age-feher.com\/boutique\/\"},{\"@type\":\"ListItem\",\"position\":3,\"name\":\"Mask Cream\"}]},{\"@type\":\"WebSite\",\"@id\":\"https:\/\/gamme-anti-age-feher.com\/#website\",\"url\":\"https:\/\/gamme-anti-age-feher.com\/\",\"name\":\"Gamme Dermocosm\u00e9tique Catherine FEHER\",\"description\":\"L&#039;excellence \u00e0 la fran\u00e7aise avec des produits 100% fran\u00e7ais !\",\"potentialAction\":[{\"@type\":\"SearchAction\",\"target\":{\"@type\":\"EntryPoint\",\"urlTemplate\":\"https:\/\/gamme-anti-age-feher.com\/?s={search_term_string}\"},\"query-input\":{\"@type\":\"PropertyValueSpecification\",\"valueRequired\":true,\"valueName\":\"search_term_string\"}}],\"inLanguage\":\"en-US\"}]}<\/script>\n<!-- \/ Yoast SEO plugin. -->","yoast_head_json":{"title":"Masque visage - Gamme Dermocosm\u00e9tique Catherine FEHER","description":"Masque pour le visage. Une texture a\u00e9rienne et cr\u00e9meuse qui prot\u00e8ge du vieillissement et hydrate en profondeur. Des composants naturels riches et puissants.","robots":{"index":"index","follow":"follow","max-snippet":"max-snippet:-1","max-image-preview":"max-image-preview:large","max-video-preview":"max-video-preview:-1"},"canonical":"https:\/\/gamme-anti-age-feher.com\/en\/vente-en-ligne\/masque-visage-protege-hydrate\/","og_locale":"en_US","og_type":"article","og_title":"Masque visage - Gamme Dermocosm\u00e9tique Catherine FEHER","og_description":"Masque pour le visage. Une texture a\u00e9rienne et cr\u00e9meuse qui prot\u00e8ge du vieillissement et hydrate en profondeur. Des composants naturels riches et puissants.","og_url":"https:\/\/gamme-anti-age-feher.com\/en\/vente-en-ligne\/masque-visage-protege-hydrate\/","og_site_name":"Gamme Dermocosm\u00e9tique Catherine FEHER","article_modified_time":"2022-09-04T18:42:41+00:00","og_image":[{"width":600,"height":600,"url":"https:\/\/gamme-anti-age-feher.com\/wp-content\/uploads\/2022\/09\/B3.jpg","type":"image\/jpeg"}],"twitter_card":"summary_large_image","twitter_misc":{"Est. reading time":"1 minute"},"schema":{"@context":"https:\/\/schema.org","@graph":[{"@type":"WebPage","@id":"https:\/\/gamme-anti-age-feher.com\/vente-en-ligne\/masque-visage-protege-hydrate\/","url":"https:\/\/gamme-anti-age-feher.com\/vente-en-ligne\/masque-visage-protege-hydrate\/","name":"Masque visage - Gamme Dermocosm\u00e9tique Catherine FEHER","isPartOf":{"@id":"https:\/\/gamme-anti-age-feher.com\/#website"},"primaryImageOfPage":{"@id":"https:\/\/gamme-anti-age-feher.com\/vente-en-ligne\/masque-visage-protege-hydrate\/#primaryimage"},"image":{"@id":"https:\/\/gamme-anti-age-feher.com\/vente-en-ligne\/masque-visage-protege-hydrate\/#primaryimage"},"thumbnailUrl":"https:\/\/gamme-anti-age-feher.com\/wp-content\/uploads\/2022\/09\/B3.jpg","datePublished":"2019-04-18T14:49:50+00:00","dateModified":"2022-09-04T18:42:41+00:00","description":"Masque pour le visage. Une texture a\u00e9rienne et cr\u00e9meuse qui prot\u00e8ge du vieillissement et hydrate en profondeur. Des composants naturels riches et puissants.","breadcrumb":{"@id":"https:\/\/gamme-anti-age-feher.com\/vente-en-ligne\/masque-visage-protege-hydrate\/#breadcrumb"},"inLanguage":"en-US","potentialAction":[{"@type":"ReadAction","target":["https:\/\/gamme-anti-age-feher.com\/vente-en-ligne\/masque-visage-protege-hydrate\/"]}]},{"@type":"ImageObject","inLanguage":"en-US","@id":"https:\/\/gamme-anti-age-feher.com\/vente-en-ligne\/masque-visage-protege-hydrate\/#primaryimage","url":"https:\/\/gamme-anti-age-feher.com\/wp-content\/uploads\/2022\/09\/B3.jpg","contentUrl":"https:\/\/gamme-anti-age-feher.com\/wp-content\/uploads\/2022\/09\/B3.jpg","width":600,"height":600},{"@type":"BreadcrumbList","@id":"https:\/\/gamme-anti-age-feher.com\/vente-en-ligne\/masque-visage-protege-hydrate\/#breadcrumb","itemListElement":[{"@type":"ListItem","position":1,"name":"Accueil","item":"https:\/\/gamme-anti-age-feher.com\/"},{"@type":"ListItem","position":2,"name":"Boutique","item":"https:\/\/gamme-anti-age-feher.com\/boutique\/"},{"@type":"ListItem","position":3,"name":"Mask Cream"}]},{"@type":"WebSite","@id":"https:\/\/gamme-anti-age-feher.com\/#website","url":"https:\/\/gamme-anti-age-feher.com\/","name":"Gamme Dermocosm\u00e9tique Catherine FEHER","description":"L&#039;excellence \u00e0 la fran\u00e7aise avec des produits 100% fran\u00e7ais !","potentialAction":[{"@type":"SearchAction","target":{"@type":"EntryPoint","urlTemplate":"https:\/\/gamme-anti-age-feher.com\/?s={search_term_string}"},"query-input":{"@type":"PropertyValueSpecification","valueRequired":true,"valueName":"search_term_string"}}],"inLanguage":"en-US"}]}},"_links":{"self":[{"href":"https:\/\/gamme-anti-age-feher.com\/en\/wp-json\/wp\/v2\/product\/1289","targetHints":{"allow":["GET"]}}],"collection":[{"href":"https:\/\/gamme-anti-age-feher.com\/en\/wp-json\/wp\/v2\/product"}],"about":[{"href":"https:\/\/gamme-anti-age-feher.com\/en\/wp-json\/wp\/v2\/types\/product"}],"replies":[{"embeddable":true,"href":"https:\/\/gamme-anti-age-feher.com\/en\/wp-json\/wp\/v2\/comments?post=1289"}],"wp:featuredmedia":[{"embeddable":true,"href":"https:\/\/gamme-anti-age-feher.com\/en\/wp-json\/wp\/v2\/media\/7389"}],"wp:attachment":[{"href":"https:\/\/gamme-anti-age-feher.com\/en\/wp-json\/wp\/v2\/media?parent=1289"}],"wp:term":[{"taxonomy":"product_brand","embeddable":true,"href":"https:\/\/gamme-anti-age-feher.com\/en\/wp-json\/wp\/v2\/product_brand?post=1289"},{"taxonomy":"product_cat","embeddable":true,"href":"https:\/\/gamme-anti-age-feher.com\/en\/wp-json\/wp\/v2\/product_cat?post=1289"},{"taxonomy":"product_tag","embeddable":true,"href":"https:\/\/gamme-anti-age-feher.com\/en\/wp-json\/wp\/v2\/product_tag?post=1289"}],"curies":[{"name":"wp","href":"https:\/\/api.w.org\/{rel}","templated":true}]}}