{"id":1283,"date":"2019-04-18T16:07:08","date_gmt":"2019-04-18T14:07:08","guid":{"rendered":"https:\/\/www.gamme-anti-age-feher.com\/?post_type=product&#038;p=1283"},"modified":"2022-09-04T20:42:05","modified_gmt":"2022-09-04T18:42:05","slug":"body-milk-anti-age-karite","status":"publish","type":"product","link":"https:\/\/gamme-anti-age-feher.com\/en\/vente-en-ligne\/body-milk-anti-age-karite\/","title":{"rendered":"Body Milk Anti-\u00c2ge en 200 ml"},"content":{"rendered":"<p>Le body milk est un lait de corps le plus puissant sur le march\u00e9. Une haute teneur en acide hyaluronique (plus de 1%) issu de l&rsquo;agriculture biologique. Un vrai produit anti-\u00e2ge, nourrissant et hydratant.<\/p>\n<p>Pour nourrir votre peau et la prot\u00e9ger contre le temps, le beurre de karit\u00e9, li\u00e9 \u00e0 l&rsquo;acide hyaluronique biologique, l\u00e9g\u00e8rement parfum\u00e9 \u00e0 la Rose.<\/p>\n<p>Mode d&rsquo;utilisation :<\/p>\n<p>Appliquer sur une peau s\u00e8che et propre. Masser jusqu&rsquo;\u00e0 p\u00e9n\u00e9tration totale du produit et ne pas laisser de film gras sur la surface de votre peau.<\/p>\n<p>Le body milk est pour madame et monsieur.<\/p>","protected":false},"excerpt":{"rendered":"<p>Le body milk est un lait de corps en haute teneur d&rsquo;acide hyaluronique (plus de 1%) issu de l&rsquo;agriculture biologique. Produit anti-\u00e2ge, nourrissant et hydratant.<\/p>\n<p>Pour une peau nourrit en profondeur et prot\u00e9ger contre les effets du temps.<\/p>","protected":false},"featured_media":7409,"comment_status":"open","ping_status":"closed","template":"","meta":[],"product_brand":[],"product_cat":[100,115,104,118,128,130,129,21,102,131,116],"product_tag":[92,95,82,121,124,127,89,91,90,87,86,105,83,24,88,126],"class_list":{"0":"post-1283","1":"product","2":"type-product","3":"status-publish","4":"has-post-thumbnail","6":"product_cat-acide-hyaluronique","7":"product_cat-correcteur","8":"product_cat-de-jour-et-de-nuit","9":"product_cat-hydratante","10":"product_cat-lait","11":"product_cat-lotion","12":"product_cat-milk","13":"product_cat-produits-anti-age","14":"product_cat-produits-mixtes","15":"product_cat-raffermissant","16":"product_cat-regenerateur","17":"product_tag-acide-hyaluronique","18":"product_tag-anti-age","19":"product_tag-anti-oxydant","20":"product_tag-beurre-de-karite","21":"product_tag-body","22":"product_tag-corps","23":"product_tag-de-jour","24":"product_tag-de-jour-et-de-nuit","25":"product_tag-nuit","26":"product_tag-femme","27":"product_tag-homme","28":"product_tag-hydratante","29":"product_tag-mais-de-corps","30":"product_tag-lotion","31":"product_tag-mixte","32":"product_tag-raffermissante","34":"first","35":"instock","36":"shipping-taxable","37":"purchasable","38":"product-type-simple"},"yoast_head":"<!-- This site is optimized with the Yoast SEO plugin v27.2 - https:\/\/yoast.com\/product\/yoast-seo-wordpress\/ -->\n<title>Body Milk Anti-\u00c2ge en 200 ml karit\u00e9- Gamme Dermocosm\u00e9tique Catherine FEHER<\/title>\n<meta name=\"description\" content=\"Le body milk est un anti-\u00e2ge compos\u00e9 de beurre de karit\u00e9, d&#039;acide hyaluronique biologique avec un l\u00e9ger parfum de Rose. Lotion pour Homme et Femme.\" \/>\n<meta name=\"robots\" content=\"index, follow, max-snippet:-1, max-image-preview:large, max-video-preview:-1\" \/>\n<link rel=\"canonical\" href=\"https:\/\/gamme-anti-age-feher.com\/en\/vente-en-ligne\/body-milk-anti-age-karite\/\" \/>\n<meta property=\"og:locale\" content=\"en_US\" \/>\n<meta property=\"og:type\" content=\"article\" \/>\n<meta property=\"og:title\" content=\"Body Milk Anti-\u00c2ge en 200 ml karit\u00e9- Gamme Dermocosm\u00e9tique Catherine FEHER\" \/>\n<meta property=\"og:description\" content=\"Le body milk est un anti-\u00e2ge compos\u00e9 de beurre de karit\u00e9, d&#039;acide hyaluronique biologique avec un l\u00e9ger parfum de Rose. Lotion pour Homme et Femme.\" \/>\n<meta property=\"og:url\" content=\"https:\/\/gamme-anti-age-feher.com\/en\/vente-en-ligne\/body-milk-anti-age-karite\/\" \/>\n<meta property=\"og:site_name\" content=\"Gamme Dermocosm\u00e9tique Catherine FEHER\" \/>\n<meta property=\"article:modified_time\" content=\"2022-09-04T18:42:05+00:00\" \/>\n<meta property=\"og:image\" content=\"https:\/\/gamme-anti-age-feher.com\/wp-content\/uploads\/2022\/09\/H2.jpg\" \/>\n\t<meta property=\"og:image:width\" content=\"600\" \/>\n\t<meta property=\"og:image:height\" content=\"600\" \/>\n\t<meta property=\"og:image:type\" content=\"image\/jpeg\" \/>\n<meta name=\"twitter:card\" content=\"summary_large_image\" \/>\n<script type=\"application\/ld+json\" class=\"yoast-schema-graph\">{\"@context\":\"https:\/\/schema.org\",\"@graph\":[{\"@type\":\"WebPage\",\"@id\":\"https:\/\/gamme-anti-age-feher.com\/vente-en-ligne\/body-milk-anti-age-karite\/\",\"url\":\"https:\/\/gamme-anti-age-feher.com\/vente-en-ligne\/body-milk-anti-age-karite\/\",\"name\":\"Body Milk Anti-\u00c2ge en 200 ml karit\u00e9- Gamme Dermocosm\u00e9tique Catherine FEHER\",\"isPartOf\":{\"@id\":\"https:\/\/gamme-anti-age-feher.com\/#website\"},\"primaryImageOfPage\":{\"@id\":\"https:\/\/gamme-anti-age-feher.com\/vente-en-ligne\/body-milk-anti-age-karite\/#primaryimage\"},\"image\":{\"@id\":\"https:\/\/gamme-anti-age-feher.com\/vente-en-ligne\/body-milk-anti-age-karite\/#primaryimage\"},\"thumbnailUrl\":\"https:\/\/gamme-anti-age-feher.com\/wp-content\/uploads\/2022\/09\/H2.jpg\",\"datePublished\":\"2019-04-18T14:07:08+00:00\",\"dateModified\":\"2022-09-04T18:42:05+00:00\",\"description\":\"Le body milk est un anti-\u00e2ge compos\u00e9 de beurre de karit\u00e9, d'acide hyaluronique biologique avec un l\u00e9ger parfum de Rose. Lotion pour Homme et Femme.\",\"breadcrumb\":{\"@id\":\"https:\/\/gamme-anti-age-feher.com\/vente-en-ligne\/body-milk-anti-age-karite\/#breadcrumb\"},\"inLanguage\":\"en-US\",\"potentialAction\":[{\"@type\":\"ReadAction\",\"target\":[\"https:\/\/gamme-anti-age-feher.com\/vente-en-ligne\/body-milk-anti-age-karite\/\"]}]},{\"@type\":\"ImageObject\",\"inLanguage\":\"en-US\",\"@id\":\"https:\/\/gamme-anti-age-feher.com\/vente-en-ligne\/body-milk-anti-age-karite\/#primaryimage\",\"url\":\"https:\/\/gamme-anti-age-feher.com\/wp-content\/uploads\/2022\/09\/H2.jpg\",\"contentUrl\":\"https:\/\/gamme-anti-age-feher.com\/wp-content\/uploads\/2022\/09\/H2.jpg\",\"width\":600,\"height\":600},{\"@type\":\"BreadcrumbList\",\"@id\":\"https:\/\/gamme-anti-age-feher.com\/vente-en-ligne\/body-milk-anti-age-karite\/#breadcrumb\",\"itemListElement\":[{\"@type\":\"ListItem\",\"position\":1,\"name\":\"Accueil\",\"item\":\"https:\/\/gamme-anti-age-feher.com\/\"},{\"@type\":\"ListItem\",\"position\":2,\"name\":\"Boutique\",\"item\":\"https:\/\/gamme-anti-age-feher.com\/boutique\/\"},{\"@type\":\"ListItem\",\"position\":3,\"name\":\"Body Milk Anti-\u00c2ge en 200 ml\"}]},{\"@type\":\"WebSite\",\"@id\":\"https:\/\/gamme-anti-age-feher.com\/#website\",\"url\":\"https:\/\/gamme-anti-age-feher.com\/\",\"name\":\"Gamme Dermocosm\u00e9tique Catherine FEHER\",\"description\":\"L&#039;excellence \u00e0 la fran\u00e7aise avec des produits 100% fran\u00e7ais !\",\"potentialAction\":[{\"@type\":\"SearchAction\",\"target\":{\"@type\":\"EntryPoint\",\"urlTemplate\":\"https:\/\/gamme-anti-age-feher.com\/?s={search_term_string}\"},\"query-input\":{\"@type\":\"PropertyValueSpecification\",\"valueRequired\":true,\"valueName\":\"search_term_string\"}}],\"inLanguage\":\"en-US\"}]}<\/script>\n<!-- \/ Yoast SEO plugin. -->","yoast_head_json":{"title":"Body Milk Anti-\u00c2ge en 200 ml karit\u00e9- Gamme Dermocosm\u00e9tique Catherine FEHER","description":"Le body milk est un anti-\u00e2ge compos\u00e9 de beurre de karit\u00e9, d'acide hyaluronique biologique avec un l\u00e9ger parfum de Rose. Lotion pour Homme et Femme.","robots":{"index":"index","follow":"follow","max-snippet":"max-snippet:-1","max-image-preview":"max-image-preview:large","max-video-preview":"max-video-preview:-1"},"canonical":"https:\/\/gamme-anti-age-feher.com\/en\/vente-en-ligne\/body-milk-anti-age-karite\/","og_locale":"en_US","og_type":"article","og_title":"Body Milk Anti-\u00c2ge en 200 ml karit\u00e9- Gamme Dermocosm\u00e9tique Catherine FEHER","og_description":"Le body milk est un anti-\u00e2ge compos\u00e9 de beurre de karit\u00e9, d'acide hyaluronique biologique avec un l\u00e9ger parfum de Rose. Lotion pour Homme et Femme.","og_url":"https:\/\/gamme-anti-age-feher.com\/en\/vente-en-ligne\/body-milk-anti-age-karite\/","og_site_name":"Gamme Dermocosm\u00e9tique Catherine FEHER","article_modified_time":"2022-09-04T18:42:05+00:00","og_image":[{"width":600,"height":600,"url":"https:\/\/gamme-anti-age-feher.com\/wp-content\/uploads\/2022\/09\/H2.jpg","type":"image\/jpeg"}],"twitter_card":"summary_large_image","schema":{"@context":"https:\/\/schema.org","@graph":[{"@type":"WebPage","@id":"https:\/\/gamme-anti-age-feher.com\/vente-en-ligne\/body-milk-anti-age-karite\/","url":"https:\/\/gamme-anti-age-feher.com\/vente-en-ligne\/body-milk-anti-age-karite\/","name":"Body Milk Anti-\u00c2ge en 200 ml karit\u00e9- Gamme Dermocosm\u00e9tique Catherine FEHER","isPartOf":{"@id":"https:\/\/gamme-anti-age-feher.com\/#website"},"primaryImageOfPage":{"@id":"https:\/\/gamme-anti-age-feher.com\/vente-en-ligne\/body-milk-anti-age-karite\/#primaryimage"},"image":{"@id":"https:\/\/gamme-anti-age-feher.com\/vente-en-ligne\/body-milk-anti-age-karite\/#primaryimage"},"thumbnailUrl":"https:\/\/gamme-anti-age-feher.com\/wp-content\/uploads\/2022\/09\/H2.jpg","datePublished":"2019-04-18T14:07:08+00:00","dateModified":"2022-09-04T18:42:05+00:00","description":"Le body milk est un anti-\u00e2ge compos\u00e9 de beurre de karit\u00e9, d'acide hyaluronique biologique avec un l\u00e9ger parfum de Rose. Lotion pour Homme et Femme.","breadcrumb":{"@id":"https:\/\/gamme-anti-age-feher.com\/vente-en-ligne\/body-milk-anti-age-karite\/#breadcrumb"},"inLanguage":"en-US","potentialAction":[{"@type":"ReadAction","target":["https:\/\/gamme-anti-age-feher.com\/vente-en-ligne\/body-milk-anti-age-karite\/"]}]},{"@type":"ImageObject","inLanguage":"en-US","@id":"https:\/\/gamme-anti-age-feher.com\/vente-en-ligne\/body-milk-anti-age-karite\/#primaryimage","url":"https:\/\/gamme-anti-age-feher.com\/wp-content\/uploads\/2022\/09\/H2.jpg","contentUrl":"https:\/\/gamme-anti-age-feher.com\/wp-content\/uploads\/2022\/09\/H2.jpg","width":600,"height":600},{"@type":"BreadcrumbList","@id":"https:\/\/gamme-anti-age-feher.com\/vente-en-ligne\/body-milk-anti-age-karite\/#breadcrumb","itemListElement":[{"@type":"ListItem","position":1,"name":"Accueil","item":"https:\/\/gamme-anti-age-feher.com\/"},{"@type":"ListItem","position":2,"name":"Boutique","item":"https:\/\/gamme-anti-age-feher.com\/boutique\/"},{"@type":"ListItem","position":3,"name":"Body Milk Anti-\u00c2ge en 200 ml"}]},{"@type":"WebSite","@id":"https:\/\/gamme-anti-age-feher.com\/#website","url":"https:\/\/gamme-anti-age-feher.com\/","name":"Gamme Dermocosm\u00e9tique Catherine FEHER","description":"L&#039;excellence \u00e0 la fran\u00e7aise avec des produits 100% fran\u00e7ais !","potentialAction":[{"@type":"SearchAction","target":{"@type":"EntryPoint","urlTemplate":"https:\/\/gamme-anti-age-feher.com\/?s={search_term_string}"},"query-input":{"@type":"PropertyValueSpecification","valueRequired":true,"valueName":"search_term_string"}}],"inLanguage":"en-US"}]}},"_links":{"self":[{"href":"https:\/\/gamme-anti-age-feher.com\/en\/wp-json\/wp\/v2\/product\/1283","targetHints":{"allow":["GET"]}}],"collection":[{"href":"https:\/\/gamme-anti-age-feher.com\/en\/wp-json\/wp\/v2\/product"}],"about":[{"href":"https:\/\/gamme-anti-age-feher.com\/en\/wp-json\/wp\/v2\/types\/product"}],"replies":[{"embeddable":true,"href":"https:\/\/gamme-anti-age-feher.com\/en\/wp-json\/wp\/v2\/comments?post=1283"}],"wp:featuredmedia":[{"embeddable":true,"href":"https:\/\/gamme-anti-age-feher.com\/en\/wp-json\/wp\/v2\/media\/7409"}],"wp:attachment":[{"href":"https:\/\/gamme-anti-age-feher.com\/en\/wp-json\/wp\/v2\/media?parent=1283"}],"wp:term":[{"taxonomy":"product_brand","embeddable":true,"href":"https:\/\/gamme-anti-age-feher.com\/en\/wp-json\/wp\/v2\/product_brand?post=1283"},{"taxonomy":"product_cat","embeddable":true,"href":"https:\/\/gamme-anti-age-feher.com\/en\/wp-json\/wp\/v2\/product_cat?post=1283"},{"taxonomy":"product_tag","embeddable":true,"href":"https:\/\/gamme-anti-age-feher.com\/en\/wp-json\/wp\/v2\/product_tag?post=1283"}],"curies":[{"name":"wp","href":"https:\/\/api.w.org\/{rel}","templated":true}]}}