{"id":7355,"date":"2022-08-28T20:01:44","date_gmt":"2022-08-28T18:01:44","guid":{"rendered":"https:\/\/www.gamme-anti-age-feher.com\/?page_id=7355"},"modified":"2022-09-10T00:13:14","modified_gmt":"2022-09-09T22:13:14","slug":"vdi-cosmetique","status":"publish","type":"page","link":"https:\/\/gamme-anti-age-feher.com\/en\/vdi-cosmetique\/","title":{"rendered":"Vendeur \u00e0 domicile ind\u00e9pendant"},"content":{"rendered":"<div class=\"slider-wrapper relative\" id=\"slider-1975332393\" >\n    <div class=\"slider slider-nav-circle slider-nav-large slider-nav-light slider-style-normal\"\n        data-flickity-options='{            \"cellAlign\": \"center\",            \"imagesLoaded\": true,            \"lazyLoad\": 1,            \"freeScroll\": false,            \"wrapAround\": true,            \"autoPlay\": 6000,            \"pauseAutoPlayOnHover\" : true,            \"prevNextButtons\": true,            \"contain\" : true,            \"adaptiveHeight\" : true,            \"dragThreshold\" : 10,            \"percentPosition\": true,            \"pageDots\": true,            \"rightToLeft\": false,            \"draggable\": true,            \"selectedAttraction\": 0.1,            \"parallax\" : 0,            \"friction\": 0.6        }'\n        >\n        \n\n\n  <div class=\"banner has-hover\" id=\"banner-854509618\">\n          <div class=\"banner-inner fill\">\n        <div class=\"banner-bg fill\" >\n            <div class=\"bg fill bg-fill\"><\/div>\n                                    \n                    <\/div>\n        <div class=\"banner-layers container\">\n            <div class=\"fill banner-link\"><\/div>            \n\n   <div id=\"text-box-428515338\" class=\"text-box banner-layer x0 md-x0 lg-x0 y95 md-y10 lg-y10 res-text\">\n                                <div class=\"text-box-content text box-shadow-1\">\n              \n              <div class=\"text-inner text-left\">\n                  \n\n<h6>Vendeur(euse) \u00e0 domicile ind\u00e9pendant<\/h6>\n<h3 class=\"uppercase\">Augmentez vos revenus sans investissement<\/h3>\n<p>Devenir VDI en cosm\u00e9tique sans investissement, c\u2019est choisir une soci\u00e9t\u00e9 qui vous plait, obtenir une r\u00e9mun\u00e9ration attractive et \u00e9volutive, vous sentir en phase avec ses produits et ses valeurs, et en parler avec passion autour de vous&#8230;<\/p>\n<a class=\"button primary is-gradient\"  >\n    <span>Lancez-vous !<\/span>\n  <\/a>\n\n\n\n              <\/div>\n           <\/div>\n                            \n<style>\n#text-box-428515338 .text-box-content {\n  background-color: rgba(255, 255, 255, 0.85);\n  font-size: 100%;\n}\n#text-box-428515338 .text-inner {\n  padding: 30px 30px 30px 30px;\n}\n#text-box-428515338 {\n  width: 90%;\n}\n@media (min-width:550px) {\n  #text-box-428515338 {\n    width: 35%;\n  }\n}\n<\/style>\n    <\/div>\n \n\n        <\/div>\n      <\/div>\n\n            \n<style>\n#banner-854509618 {\n  padding-top: 637px;\n}\n#banner-854509618 .bg.bg-loaded {\n  background-image: 2126;\n}\n#banner-854509618 .bg {\n  background-position: 52% 56%;\n}\n<\/style>\n  <\/div>\n\n\n\n     <\/div>\n\n     <div class=\"loading-spin dark large centered\"><\/div>\n\n     \t<\/div>\n\n\n\t<section class=\"section\" id=\"section_1253770656\">\n\t\t<div class=\"bg section-bg fill bg-fill  bg-loaded\" >\n\n\t\t\t\n\t\t\t\n\t\t\t\n\n\t\t<\/div>\n\n\t\t<div class=\"section-content relative\">\n\t\t\t\n\n<div class=\"row row-large align-center row-divided\"  id=\"row-294566875\">\n\n\n\t<div id=\"col-1248601688\" class=\"col medium-4 large-4\"  >\n\t\t\t\t<div class=\"col-inner\"  >\n\t\t\t\n\t\t\t\n\n\n\t\t<div class=\"icon-box featured-box icon-box-center text-center\"  style=\"margin:0px 0px 0px 0px;\">\n\t\t\t\t\t<div class=\"icon-box-img has-icon-bg\" style=\"width: 60px\">\n\t\t\t\t<div class=\"icon\">\n\t\t\t\t\t<div class=\"icon-inner\" style=\"border-width:2px;\">\n\t\t\t\t\t\t<?xml version=\"1.0\" encoding=\"iso-8859-1\"?>\r\n<!-- Generator: Adobe Illustrator 16.0.0, SVG Export Plug-In . SVG Version: 6.00 Build 0)  -->\r\n<!DOCTYPE svg PUBLIC \"-\/\/W3C\/\/DTD SVG 1.1\/\/EN\" \"http:\/\/www.w3.org\/Graphics\/SVG\/1.1\/DTD\/svg11.dtd\">\r\n<svg version=\"1.1\" id=\"Capa_1\" xmlns=\"http:\/\/www.w3.org\/2000\/svg\" xmlns:xlink=\"http:\/\/www.w3.org\/1999\/xlink\" x=\"0px\" y=\"0px\"\r\n\t width=\"48px\" height=\"47.999px\" viewbox=\"0 0 48 47.999\" style=\"enable-background:new 0 0 48 47.999;\" xml:space=\"preserve\">\r\n<g>\r\n\t<path d=\"M13.479,28.018l6.831-1.735c-1.866-1.733-4.511-2.948-4.511-2.948S8.465,28.133,7,33.467c-0.4,0.133-0.801,0.133-1.2,0.266\t\tc0.533-6.533,3.467-12,7.6-13.732c0.399-0.133,0.533-0.533,0.533-0.933s-0.267-0.8-0.533-0.934c-4.133-1.6-7.066-7.067-7.6-13.733\t\tc2.399,0.667,5.866,1.067,9.999,1.067c4.134,0,7.601-0.4,10-1.067c-0.533,6.533-3.466,12-7.6,13.733\t\tc-0.4,0.133-0.533,0.533-0.533,0.934c0,0.4,0.267,0.8,0.533,0.933c2,0.8,3.6,2.4,4.934,4.533l1.6-0.667\t\tc-1.199-2.133-2.532-3.733-4.267-4.934c4-2.667,6.667-8.533,6.935-15.2c0.666-0.267,1.066-0.667,1.066-1.067\t\tC28.466,1.2,22.731,0,15.798,0C8.731,0,3.132,1.2,3.132,2.667c0,0.4,0.4,0.667,1.066,1.067c0.267,6.667,3.067,12.533,6.934,15.2\t\tc-4,2.667-6.667,8.534-6.934,15.2C3.533,34.4,3.132,34.8,3.132,35.2c0,1.333,4.479,2.397,10.346,2.532V28.018z M31.533,25.333\t\tl4.4,2.534C35.933,27.867,35.132,25.199,31.533,25.333z M31.23,30.312l-4.801-2.799C25.763,31.246,31.23,30.312,31.23,30.312z\t\t M43.716,26.673c0,0-2.584,1.595-6.051,3.194v2.398c2-0.933,4.135-2,6-3.332L43.716,26.673z M43.437,31.713\t\tc0,0-2.569,1.487-6.037,3.087v2.4c2-0.935,4.134-2,6-3.2L43.437,31.713z M43.66,36.055c0,0-3.193,1.812-6.395,3.412v2.4\t\tc1.866-0.934,4.661-2.348,6.395-3.547V36.055z M30.466,25.066l6.266,3.867c1.201-0.533,4-2.135,5.201-2.935L35.4,22.133\t\tC35.4,22.133,33.132,23.733,30.466,25.066z M33.132,31.867c-2.934,1.199-6,2.266-8.8,2.666L16.065,30v2.133l8.267,4.801\t\tc0,0,3.866-0.934,8.667-2.801L33.132,31.867z M33,36.8c-2.934,1.2-6,2.267-8.801,2.667l-8.201-4.475v2.133l8.201,4.742\t\tc0,0,3.867-0.934,8.801-2.801V36.8z M32.867,41.467c-3.068,1.199-6.268,2.4-9.201,2.801l-7.668-4.217v2.133l7.668,4.482\t\tc0,0,4.135-1.066,9.201-2.934V41.467z M18.333,29.467l6.399,3.467c0,0,4.135-1.065,7.733-2.399l-6.399-3.733\t\tC24.333,27.6,18.333,29.467,18.333,29.467z M44.867,29.867L43.933,30.4l0.902,0.267V34.4l-0.533,0.496l0.533,0.399v3.866\t\tc0,0-10.637,6.97-21.703,8.837l-8.618-5.146v-3.865l0.618-0.59l-0.563-0.611v-4l0.695-0.188L14.6,32.934v-4\t\tc0,0,10.533-2,20.666-8.399L44.867,26V29.867z M15.933,16.934c0,0-1.467-1.2-3.333-3.067c4.8-1.067,8.666-3.333,10.8-6.267\t\tC21.266,12.8,15.933,16.934,15.933,16.934z\"\/>\r\n<\/g>\r\n<g>\r\n<\/g>\r\n<g>\r\n<\/g>\r\n<g>\r\n<\/g>\r\n<g>\r\n<\/g>\r\n<g>\r\n<\/g>\r\n<g>\r\n<\/g>\r\n<g>\r\n<\/g>\r\n<g>\r\n<\/g>\r\n<g>\r\n<\/g>\r\n<g>\r\n<\/g>\r\n<g>\r\n<\/g>\r\n<g>\r\n<\/g>\r\n<g>\r\n<\/g>\r\n<g>\r\n<\/g>\r\n<g>\r\n<\/g>\r\n<\/svg>\r\n\t\t\t\t\t<\/div>\n\t\t\t\t<\/div>\n\t\t\t<\/div>\n\t\t\t\t<div class=\"icon-box-text last-reset\">\n\t\t\t<h5 class=\"uppercase\">Augmentez vos revenus<\/h5>\t\t\t\t\t\t\n\n<p>En compl\u00e9ment de salaire ou suite \u00e0 une reconversion professionnelle, un job \u00e0 temps plein ou mi-temps&#8230; <br>\nC&rsquo;est vous qui d\u00e9cidez !<\/p>\n\n\t\t<\/div>\n\t<\/div>\n\t\n\t\n\n\t\t<\/div>\n\t\t\t\t\t<\/div>\n\n\t\n\n\t<div id=\"col-1628175642\" class=\"col medium-4 large-4\"  >\n\t\t\t\t<div class=\"col-inner\"  >\n\t\t\t\n\t\t\t\n\n\n\t\t<div class=\"icon-box featured-box icon-box-center text-center\"  style=\"margin:0px 0px 0px 0px;\">\n\t\t\t\t\t<div class=\"icon-box-img has-icon-bg\" style=\"width: 60px\">\n\t\t\t\t<div class=\"icon\">\n\t\t\t\t\t<div class=\"icon-inner\" style=\"border-width:2px;\">\n\t\t\t\t\t\t<?xml version=\"1.0\" encoding=\"iso-8859-1\"?>\r\n<!-- Generator: Adobe Illustrator 18.0.0, SVG Export Plug-In . SVG Version: 6.00 Build 0)  -->\r\n<!DOCTYPE svg PUBLIC \"-\/\/W3C\/\/DTD SVG 1.1\/\/EN\" \"http:\/\/www.w3.org\/Graphics\/SVG\/1.1\/DTD\/svg11.dtd\">\r\n<svg version=\"1.1\" id=\"Capa_1\" xmlns=\"http:\/\/www.w3.org\/2000\/svg\" xmlns:xlink=\"http:\/\/www.w3.org\/1999\/xlink\" x=\"0px\" y=\"0px\"\r\n\t viewbox=\"0 0 297 297\" style=\"enable-background:new 0 0 297 297;\" xml:space=\"preserve\">\r\n<g>\r\n\t<path d=\"M291.219,78.753L153.176,9.732c-2.943-1.473-6.409-1.473-9.353,0L5.781,78.753C2.238,80.525,0,84.145,0,88.107v189.808\t\tc0,5.775,4.682,10.458,10.458,10.458h34.511c5.775,0,10.458-4.682,10.458-10.458V115.82h186.148v162.095\t\tc0,5.775,4.682,10.458,10.458,10.458h34.511c5.775,0,10.458-4.682,10.458-10.458V88.107C297,84.145,294.762,80.525,291.219,78.753z\t\t M276.085,267.457h-13.595V105.362c0-5.775-4.682-10.458-10.458-10.458H44.968c-5.775,0-10.458,4.682-10.458,10.458v162.095H20.915\t\tV94.57L148.5,30.778L276.085,94.57V267.457z\"\/>\r\n\t<path d=\"M217.521,132.552H148.5c-4.043,0-7.32,3.277-7.32,7.32v61.701H79.479c-4.043,0-7.32,3.277-7.32,7.32v69.021\t\tc0,4.043,3.277,7.32,7.32,7.32h138.042c4.043,0,7.32-3.277,7.32-7.32V139.873C224.842,135.829,221.564,132.552,217.521,132.552z\t\t M155.82,226.568l16.837,16.837l-16.837,16.837V226.568z M141.18,260.241l-16.837-16.837l16.837-16.837V260.241z M166.174,216.214\t\th33.673l-16.837,16.837L166.174,216.214z M166.174,201.573l16.837-16.837l16.837,16.837H166.174z M210.201,191.22l-16.836-16.837\t\tl16.836-16.837V191.22z M183.011,164.03l-16.837-16.837h33.673L183.011,164.03z M172.657,174.383L155.82,191.22v-33.673\t\tL172.657,174.383z M113.989,233.051l-16.837-16.837h33.673L113.989,233.051z M103.636,243.404l-16.837,16.837v-33.673\t\tL103.636,243.404z M113.989,253.758l16.837,16.837H97.153L113.989,253.758z M183.01,253.758l16.837,16.837h-33.673L183.01,253.758z\t\t M193.364,243.404l16.837-16.837v33.673L193.364,243.404z\"\/>\r\n<\/g>\r\n<g>\r\n<\/g>\r\n<g>\r\n<\/g>\r\n<g>\r\n<\/g>\r\n<g>\r\n<\/g>\r\n<g>\r\n<\/g>\r\n<g>\r\n<\/g>\r\n<g>\r\n<\/g>\r\n<g>\r\n<\/g>\r\n<g>\r\n<\/g>\r\n<g>\r\n<\/g>\r\n<g>\r\n<\/g>\r\n<g>\r\n<\/g>\r\n<g>\r\n<\/g>\r\n<g>\r\n<\/g>\r\n<g>\r\n<\/g>\r\n<\/svg>\r\n\t\t\t\t\t<\/div>\n\t\t\t\t<\/div>\n\t\t\t<\/div>\n\t\t\t\t<div class=\"icon-box-text last-reset\">\n\t\t\t<h5 class=\"uppercase\">0\u20ac n\u00e9cessaire pour se lancer dans l'aventure<\/h5>\t\t\t\t\t\t\n\n<p>D\u00e9marrez votre nouvelle activit\u00e9 en partenariat avec la gamme dermocosm\u00e9tique Catherine FEHER sans investissement. Commencez \u00e0 g\u00e9n\u00e9rer vos profits sans stock \u00e0 constituer !<\/p>\n\n\t\t<\/div>\n\t<\/div>\n\t\n\t\n\n\t\t<\/div>\n\t\t\t\t\t<\/div>\n\n\t\n\n\t<div id=\"col-2067704407\" class=\"col medium-4 large-4\"  >\n\t\t\t\t<div class=\"col-inner\"  >\n\t\t\t\n\t\t\t\n\n\n\t\t<div class=\"icon-box featured-box icon-box-center text-center\"  style=\"margin:0px 0px 0px 0px;\">\n\t\t\t\t\t<div class=\"icon-box-img has-icon-bg\" style=\"width: 60px\">\n\t\t\t\t<div class=\"icon\">\n\t\t\t\t\t<div class=\"icon-inner\" style=\"border-width:2px;\">\n\t\t\t\t\t\t<?xml version=\"1.0\" encoding=\"utf-8\"?>\r\n<!-- Uploaded to SVGRepo https:\/\/www.svgrepo.com -->\r\n<svg version=\"1.1\" id=\"Layer_1\" xmlns=\"http:\/\/www.w3.org\/2000\/svg\" xmlns:xlink=\"http:\/\/www.w3.org\/1999\/xlink\" x=\"0px\" y=\"0px\"\r\n\t width=\"256px\" height=\"190px\" viewbox=\"0 0 256 190\" enable-background=\"new 0 0 256 190\" xml:space=\"preserve\">\r\n<path d=\"M48.12,27.903C48.12,13.564,59.592,2,74.023,2c14.339,0,25.903,11.564,25.903,25.903\tC99.834,42.335,88.27,53.806,74.023,53.806C59.684,53.806,48.12,42.242,48.12,27.903z M191,139h-47V97c0-20.461-17.881-37-38-37H43\tC20.912,60,1.99,79.14,2,98v77c-0.026,8.533,6.001,12.989,12,13c6.014,0.011,12-4.445,12-13v-75h8v88h78v-88h8l0.081,50.37\tc-0.053,8.729,5.342,12.446,10.919,12.63h60C207.363,163,207.363,139,191,139z M170.09,115.515h67.759v11.818H170.09V115.515z\t M246.121,61.938c-4.351,0-7.879,3.527-7.879,7.879c0,1.255,0.301,2.438,0.824,3.491l-16.351,8.092l-14.737-24.9\tc2.314-1.373,3.87-3.889,3.87-6.774c0-4.351-3.527-7.879-7.879-7.879s-7.879,3.527-7.879,7.879c0,2.885,1.556,5.401,3.87,6.774\tl-14.675,24.795l-16.026-7.972c0.527-1.057,0.831-2.245,0.831-3.506c0-4.351-3.527-7.879-7.879-7.879\tc-4.351,0-7.879,3.528-7.879,7.879s3.527,7.879,7.879,7.879c0.524,0,1.034-0.054,1.529-0.151l5.955,30.091h68.547l6.272-30.105\tc0.519,0.107,1.056,0.165,1.607,0.165c4.351,0,7.879-3.527,7.879-7.879C254,65.466,250.473,61.938,246.121,61.938z\"\/>\r\n<\/svg>\r\n\t\t\t\t\t<\/div>\n\t\t\t\t<\/div>\n\t\t\t<\/div>\n\t\t\t\t<div class=\"icon-box-text last-reset\">\n\t\t\t<h5 class=\"uppercase\">Un statut ind\u00e9pendant avantageux<\/h5>\t\t\t\t\t\t\n\n<p>Abattements, avantages fiscaux, cotisation pour la retraite,nombreux sont les avantages de devenir sp\u00e9cialiste VDI.<\/p>\n\n\t\t<\/div>\n\t<\/div>\n\t\n\t\n\n\t\t<\/div>\n\t\t\t\t\t<\/div>\n\n\t\n\n<\/div>\n\n\t\t<\/div>\n\n\t\t\n<style>\n#section_1253770656 {\n  padding-top: 30px;\n  padding-bottom: 30px;\n  background-color: rgb(255, 255, 255);\n}\n<\/style>\n\t<\/section>\n\t\n\t<section class=\"section\" id=\"section_261727472\">\n\t\t<div class=\"bg section-bg fill bg-fill  bg-loaded\" >\n\n\t\t\t\n\t\t\t<div class=\"section-bg-overlay absolute fill\"><\/div>\n\t\t\t\n\t<div class=\"is-border\"\n\t\tstyle=\"border-width:1px 0px 1px 0px;\">\n\t<\/div>\n\n\t\t<\/div>\n\n\t\t<div class=\"section-content relative\">\n\t\t\t\n\n<div class=\"row row-large align-middle\"  id=\"row-365142180\">\n\n\n\t<div id=\"col-1656899006\" class=\"col medium-6 small-12 large-6\"  >\n\t\t\t\t<div class=\"col-inner\"  >\n\t\t\t\n\t\t\t\n\n\t<div class=\"img has-hover x md-x lg-x y md-y lg-y\" id=\"image_579907091\">\n\t\t\t\t\t\t\t\t<div class=\"img-inner box-shadow-4 dark\" >\n\t\t\t<img loading=\"lazy\" decoding=\"async\" width=\"624\" height=\"331\" src=\"https:\/\/gamme-anti-age-feher.com\/wp-content\/uploads\/2022\/09\/biologistes.jpg\" class=\"attachment-large size-large\" alt=\"\" srcset=\"https:\/\/gamme-anti-age-feher.com\/wp-content\/uploads\/2022\/09\/biologistes.jpg 624w, https:\/\/gamme-anti-age-feher.com\/wp-content\/uploads\/2022\/09\/biologistes-247x131.jpg 247w, https:\/\/gamme-anti-age-feher.com\/wp-content\/uploads\/2022\/09\/biologistes-510x271.jpg 510w, https:\/\/gamme-anti-age-feher.com\/wp-content\/uploads\/2022\/09\/biologistes-16x8.jpg 16w\" sizes=\"auto, (max-width: 624px) 100vw, 624px\" \/>\t\t\t\t\t\t\n\t\t\t\t\t<\/div>\n\t\t\t\t\t\t\t\t\n<style>\n#image_579907091 {\n  width: 100%;\n}\n<\/style>\n\t<\/div>\n\t\n\n\n\t\t<\/div>\n\t\t\t\t\t<\/div>\n\n\t\n\n\t<div id=\"col-1738348615\" class=\"col medium-6 small-12 large-6\"  >\n\t\t\t\t<div class=\"col-inner text-left\"  >\n\t\t\t\n\t\t\t\n\n<h2 class=\"uppercase\">Devenez Ambassadeur(rice) de la marque !<\/h2>\n<p>Remplissez le formulaire de contact ci-dessous et commencez \u00e0 g\u00e9n\u00e9rer des profits ! Nous vous recontacterons pour vous pr\u00e9sentez plus en d\u00e9tail le m\u00e9tier de sp\u00e9cialiste VDI !<\/p>\n\n\t\t<\/div>\n\t\t\t\t\t<\/div>\n\n\t\n\n<\/div>\n\n\t\t<\/div>\n\n\t\t\n<style>\n#section_261727472 {\n  padding-top: 60px;\n  padding-bottom: 60px;\n  background-color: rgb(193, 193, 193);\n}\n#section_261727472 .section-bg-overlay {\n  background-color: rgba(255, 255, 255, 0.85);\n}\n<\/style>\n\t<\/section>\n\t\n\n\t<section class=\"section\" id=\"section_2013053716\">\n\t\t<div class=\"bg section-bg fill bg-fill  bg-loaded\" >\n\n\t\t\t\n\t\t\t\n\t\t\t\n\t<div class=\"is-border\"\n\t\tstyle=\"border-width:1px 0px 1px 0px;\">\n\t<\/div>\n\n\t\t<\/div>\n\n\t\t<div class=\"section-content relative\">\n\t\t\t\n\n<div class=\"row align-equal\"  id=\"row-2018991873\">\n\n\n\t<div id=\"col-1218052937\" class=\"col small-12 large-12\"  >\n\t\t\t\t<div class=\"col-inner text-left\"  >\n\t\t\t\n\t\t\t\n\n<div class=\"container section-title-container\" ><h3 class=\"section-title section-title-normal\"><b><\/b><span class=\"section-title-main\" >Envie de vous lancer ? Contactez-nous !<\/span><b><\/b><\/h3><\/div>\n\n<div class=\"cf7sg-container\"><div id=\"cf7sg-form-contact-form-perfect\" class=\"cf7-smart-grid has-grid key_contact-form-perfect\">\n<div class=\"wpcf7 no-js\" id=\"wpcf7-f7378-o1\" lang=\"fr-FR\" dir=\"ltr\" data-wpcf7-id=\"7378\">\n<div class=\"screen-reader-response\"><p role=\"status\" aria-live=\"polite\" aria-atomic=\"true\"><\/p> <ul><\/ul><\/div>\n<form action=\"\/en\/wp-json\/wp\/v2\/pages\/7355#wpcf7-f7378-o1\" method=\"post\" class=\"wpcf7-form init\" aria-label=\"Formulaire de contact\" novalidate=\"novalidate\" data-status=\"init\" data-trp-original-action=\"\/en\/wp-json\/wp\/v2\/pages\/7355#wpcf7-f7378-o1\">\n<fieldset class=\"hidden-fields-container\"><input type=\"hidden\" name=\"_wpcf7\" value=\"7378\" \/><input type=\"hidden\" name=\"_wpcf7_version\" value=\"6.1.5\" \/><input type=\"hidden\" name=\"_wpcf7_locale\" value=\"fr_FR\" \/><input type=\"hidden\" name=\"_wpcf7_unit_tag\" value=\"wpcf7-f7378-o1\" \/><input type=\"hidden\" name=\"_wpcf7_container_post\" value=\"0\" \/><input type=\"hidden\" name=\"_wpcf7_posted_data_hash\" value=\"\" \/><input type=\"hidden\" name=\"_wpcf7_key\" value=\"contact-form-perfect\" \/><input type=\"hidden\" name=\"_cf7sg_toggles\" value=\"\" \/><input type=\"hidden\" name=\"_cf7sg_version\" value=\"4.15.8\" \/><input type=\"hidden\" name=\"_wpnonce\" value=\"82413a1d8a\" \/>\n<\/fieldset>\n<div class=\"container\">\n  <div class=\"row\">\n    <div class=\"columns one-half\">\n      <div class=\"container\">\n        <div class=\"row\">\n          <div class=\"columns full\">\n            <div class=\"field\"><label>Name<em>*<\/em><\/label><span class=\"wpcf7-form-control-wrap\" data-name=\"your-name\"><input size=\"40\" maxlength=\"400\" class=\"wpcf7-form-control wpcf7-text wpcf7-validates-as-required\" aria-required=\"true\" aria-invalid=\"false\" value=\"\" type=\"text\" name=\"your-name\" \/><\/span>\n              <p class=\"info-tip\">Saisissez votre nom complet<\/p>\n            <\/div>\n          <\/div>\n        <\/div>\n      <\/div>\n      <div class=\"container\">\n        <div class=\"row\">\n          <div class=\"columns full\">\n            <div class=\"field\"><label>Email<em>*<\/em><\/label><span class=\"wpcf7-form-control-wrap\" data-name=\"your-email\"><input size=\"40\" maxlength=\"400\" class=\"wpcf7-form-control wpcf7-email wpcf7-validates-as-required wpcf7-text wpcf7-validates-as-email\" aria-required=\"true\" aria-invalid=\"false\" value=\"\" type=\"email\" name=\"your-email\" \/><\/span>\n              <p class=\"info-tip\">Saisissez un courriel valide<\/p>\n            <\/div>\n          <\/div>\n        <\/div>\n      <\/div>\n      <div class=\"container\">\n        <div class=\"row\">\n          <div class=\"columns full\">\n            <div class=\"field\"><label>Objet<em>*<\/em><\/label><span class=\"wpcf7-form-control-wrap\" data-name=\"your-subject\"><input size=\"40\" maxlength=\"400\" class=\"wpcf7-form-control wpcf7-text wpcf7-validates-as-required\" aria-required=\"true\" aria-invalid=\"false\" value=\"\" type=\"text\" name=\"your-subject\" \/><\/span>\n              <p class=\"info-tip\">L'objet de votre message<\/p>\n            <\/div>\n          <\/div>\n        <\/div>\n      <\/div>\n      <div class=\"container\">\n        <div class=\"row\">\n          <div class=\"columns full\">\n            <div class=\"field\"><label>Message<em>*<\/em><\/label><span class=\"wpcf7-form-control-wrap\" data-name=\"your-message\"><textarea cols=\"40\" rows=\"5\" maxlength=\"2000\" class=\"wpcf7-form-control wpcf7-textarea wpcf7-validates-as-required\" aria-required=\"true\" aria-invalid=\"false\" name=\"your-message\"><\/textarea><\/span>\n              <p class=\"info-tip\">Saisissez votre message<\/p>\n            <\/div>\n          <\/div>\n        <\/div>\n      <\/div>\n    <\/div>\n    <div class=\"container\">\n      <div class=\"row\">\n        <div class=\"columns full\">\n          <div class=\"field\"><input class=\"wpcf7-form-control wpcf7-submit has-spinner submit\" id=\"envoi\" type=\"submit\" value=\"Send\" \/><\/div>\n        <\/div>\n      <\/div>\n    <\/div>\n  <\/div>\n<\/div><p style=\"display: none !important;\" class=\"akismet-fields-container\" data-prefix=\"_wpcf7_ak_\"><label>&#916;<textarea name=\"_wpcf7_ak_hp_textarea\" cols=\"45\" rows=\"8\" maxlength=\"100\"><\/textarea><\/label><input type=\"hidden\" id=\"ak_js_1\" name=\"_wpcf7_ak_js\" value=\"242\"\/><script>document.getElementById( \"ak_js_1\" ).setAttribute( \"value\", ( new Date() ).getTime() );<\/script><\/p><div class=\"wpcf7-response-output\" aria-hidden=\"true\"><\/div>\n<input type=\"hidden\" name=\"trp-form-language\" value=\"en\"\/><\/form>\n<\/div>\n<\/div><\/div>\n\n\n\t\t<\/div>\n\t\t\t\t\t<\/div>\n\n\t\n\n<\/div>\n\n\t\t<\/div>\n\n\t\t\n<style>\n#section_2013053716 {\n  padding-top: 43px;\n  padding-bottom: 43px;\n  min-height: 276px;\n  background-color: rgb(241, 241, 241);\n}\n<\/style>\n\t<\/section>","protected":false},"excerpt":{"rendered":"","protected":false},"author":372,"featured_media":0,"parent":0,"menu_order":0,"comment_status":"closed","ping_status":"closed","template":"page-blank.php","meta":{"footnotes":""},"class_list":["post-7355","page","type-page","status-publish","hentry"],"yoast_head":"<!-- This site is optimized with the Yoast SEO plugin v27.2 - https:\/\/yoast.com\/product\/yoast-seo-wordpress\/ -->\n<title>Vendeur \u00e0 domicile ind\u00e9pendant - Gamme Dermocosm\u00e9tique Catherine FEHER<\/title>\n<meta name=\"robots\" content=\"index, follow, max-snippet:-1, max-image-preview:large, max-video-preview:-1\" \/>\n<link rel=\"canonical\" href=\"https:\/\/gamme-anti-age-feher.com\/en\/vdi-cosmetique\/\" \/>\n<meta property=\"og:locale\" content=\"en_US\" \/>\n<meta property=\"og:type\" content=\"article\" \/>\n<meta property=\"og:title\" content=\"Vendeur \u00e0 domicile ind\u00e9pendant - Gamme Dermocosm\u00e9tique Catherine FEHER\" \/>\n<meta property=\"og:url\" content=\"https:\/\/gamme-anti-age-feher.com\/en\/vdi-cosmetique\/\" \/>\n<meta property=\"og:site_name\" content=\"Gamme Dermocosm\u00e9tique Catherine FEHER\" \/>\n<meta property=\"article:modified_time\" content=\"2022-09-09T22:13:14+00:00\" \/>\n<meta name=\"twitter:card\" content=\"summary_large_image\" \/>\n<meta name=\"twitter:label1\" content=\"Est. reading time\" \/>\n\t<meta name=\"twitter:data1\" content=\"2 minutes\" \/>\n<script type=\"application\/ld+json\" class=\"yoast-schema-graph\">{\"@context\":\"https:\/\/schema.org\",\"@graph\":[{\"@type\":\"WebPage\",\"@id\":\"https:\/\/gamme-anti-age-feher.com\/vdi-cosmetique\/\",\"url\":\"https:\/\/gamme-anti-age-feher.com\/vdi-cosmetique\/\",\"name\":\"Vendeur \u00e0 domicile ind\u00e9pendant - Gamme Dermocosm\u00e9tique Catherine FEHER\",\"isPartOf\":{\"@id\":\"https:\/\/gamme-anti-age-feher.com\/#website\"},\"datePublished\":\"2022-08-28T18:01:44+00:00\",\"dateModified\":\"2022-09-09T22:13:14+00:00\",\"breadcrumb\":{\"@id\":\"https:\/\/gamme-anti-age-feher.com\/vdi-cosmetique\/#breadcrumb\"},\"inLanguage\":\"en-US\",\"potentialAction\":[{\"@type\":\"ReadAction\",\"target\":[\"https:\/\/gamme-anti-age-feher.com\/vdi-cosmetique\/\"]}]},{\"@type\":\"BreadcrumbList\",\"@id\":\"https:\/\/gamme-anti-age-feher.com\/vdi-cosmetique\/#breadcrumb\",\"itemListElement\":[{\"@type\":\"ListItem\",\"position\":1,\"name\":\"Accueil\",\"item\":\"https:\/\/gamme-anti-age-feher.com\/\"},{\"@type\":\"ListItem\",\"position\":2,\"name\":\"Vendeur \u00e0 domicile ind\u00e9pendant\"}]},{\"@type\":\"WebSite\",\"@id\":\"https:\/\/gamme-anti-age-feher.com\/#website\",\"url\":\"https:\/\/gamme-anti-age-feher.com\/\",\"name\":\"Gamme Dermocosm\u00e9tique Catherine FEHER\",\"description\":\"L&#039;excellence \u00e0 la fran\u00e7aise avec des produits 100% fran\u00e7ais !\",\"potentialAction\":[{\"@type\":\"SearchAction\",\"target\":{\"@type\":\"EntryPoint\",\"urlTemplate\":\"https:\/\/gamme-anti-age-feher.com\/?s={search_term_string}\"},\"query-input\":{\"@type\":\"PropertyValueSpecification\",\"valueRequired\":true,\"valueName\":\"search_term_string\"}}],\"inLanguage\":\"en-US\"}]}<\/script>\n<!-- \/ Yoast SEO plugin. -->","yoast_head_json":{"title":"Vendeur \u00e0 domicile ind\u00e9pendant - Gamme Dermocosm\u00e9tique Catherine FEHER","robots":{"index":"index","follow":"follow","max-snippet":"max-snippet:-1","max-image-preview":"max-image-preview:large","max-video-preview":"max-video-preview:-1"},"canonical":"https:\/\/gamme-anti-age-feher.com\/en\/vdi-cosmetique\/","og_locale":"en_US","og_type":"article","og_title":"Vendeur \u00e0 domicile ind\u00e9pendant - Gamme Dermocosm\u00e9tique Catherine FEHER","og_url":"https:\/\/gamme-anti-age-feher.com\/en\/vdi-cosmetique\/","og_site_name":"Gamme Dermocosm\u00e9tique Catherine FEHER","article_modified_time":"2022-09-09T22:13:14+00:00","twitter_card":"summary_large_image","twitter_misc":{"Est. reading time":"2 minutes"},"schema":{"@context":"https:\/\/schema.org","@graph":[{"@type":"WebPage","@id":"https:\/\/gamme-anti-age-feher.com\/vdi-cosmetique\/","url":"https:\/\/gamme-anti-age-feher.com\/vdi-cosmetique\/","name":"Vendeur \u00e0 domicile ind\u00e9pendant - Gamme Dermocosm\u00e9tique Catherine FEHER","isPartOf":{"@id":"https:\/\/gamme-anti-age-feher.com\/#website"},"datePublished":"2022-08-28T18:01:44+00:00","dateModified":"2022-09-09T22:13:14+00:00","breadcrumb":{"@id":"https:\/\/gamme-anti-age-feher.com\/vdi-cosmetique\/#breadcrumb"},"inLanguage":"en-US","potentialAction":[{"@type":"ReadAction","target":["https:\/\/gamme-anti-age-feher.com\/vdi-cosmetique\/"]}]},{"@type":"BreadcrumbList","@id":"https:\/\/gamme-anti-age-feher.com\/vdi-cosmetique\/#breadcrumb","itemListElement":[{"@type":"ListItem","position":1,"name":"Accueil","item":"https:\/\/gamme-anti-age-feher.com\/"},{"@type":"ListItem","position":2,"name":"Vendeur \u00e0 domicile ind\u00e9pendant"}]},{"@type":"WebSite","@id":"https:\/\/gamme-anti-age-feher.com\/#website","url":"https:\/\/gamme-anti-age-feher.com\/","name":"Gamme Dermocosm\u00e9tique Catherine FEHER","description":"L&#039;excellence \u00e0 la fran\u00e7aise avec des produits 100% fran\u00e7ais !","potentialAction":[{"@type":"SearchAction","target":{"@type":"EntryPoint","urlTemplate":"https:\/\/gamme-anti-age-feher.com\/?s={search_term_string}"},"query-input":{"@type":"PropertyValueSpecification","valueRequired":true,"valueName":"search_term_string"}}],"inLanguage":"en-US"}]}},"_links":{"self":[{"href":"https:\/\/gamme-anti-age-feher.com\/en\/wp-json\/wp\/v2\/pages\/7355","targetHints":{"allow":["GET"]}}],"collection":[{"href":"https:\/\/gamme-anti-age-feher.com\/en\/wp-json\/wp\/v2\/pages"}],"about":[{"href":"https:\/\/gamme-anti-age-feher.com\/en\/wp-json\/wp\/v2\/types\/page"}],"author":[{"embeddable":true,"href":"https:\/\/gamme-anti-age-feher.com\/en\/wp-json\/wp\/v2\/users\/372"}],"replies":[{"embeddable":true,"href":"https:\/\/gamme-anti-age-feher.com\/en\/wp-json\/wp\/v2\/comments?post=7355"}],"version-history":[{"count":13,"href":"https:\/\/gamme-anti-age-feher.com\/en\/wp-json\/wp\/v2\/pages\/7355\/revisions"}],"predecessor-version":[{"id":7419,"href":"https:\/\/gamme-anti-age-feher.com\/en\/wp-json\/wp\/v2\/pages\/7355\/revisions\/7419"}],"wp:attachment":[{"href":"https:\/\/gamme-anti-age-feher.com\/en\/wp-json\/wp\/v2\/media?parent=7355"}],"curies":[{"name":"wp","href":"https:\/\/api.w.org\/{rel}","templated":true}]}}