{"id":7079,"date":"2020-06-04T16:18:12","date_gmt":"2020-06-04T14:18:12","guid":{"rendered":"https:\/\/www.gamme-anti-age-feher.com\/?page_id=7079"},"modified":"2020-07-07T17:45:10","modified_gmt":"2020-07-07T15:45:10","slug":"ou-sommes-nous","status":"publish","type":"page","link":"https:\/\/gamme-anti-age-feher.com\/en\/ou-sommes-nous\/","title":{"rendered":"O\u00f9 sommes-nous"},"content":{"rendered":"\n<div class=\"container section-title-container\" ><h2 class=\"section-title section-title-center\"><b><\/b><span class=\"section-title-main\" >O\u00f9 sommes-nous<\/span><b><\/b><\/h2><\/div>\n\n\n\t<section class=\"section\" id=\"section_532751525\">\n\t\t<div class=\"bg section-bg fill bg-fill  bg-loaded\" >\n\n\t\t\t\n\t\t\t\n\t\t\t\n\n\t\t<\/div>\n\n\t\t<div class=\"section-content relative\">\n\t\t\t\n\n<div id=\"wpgmza_map\" class=\"wpgmza_map\" data-settings='{\"id\":\"1\",\"map_title\":\"Where are we\",\"map_width\":\"100\",\"map_height\":\"400\",\"map_start_lat\":\"27.872117\",\"map_start_lng\":\"11.468147\",\"map_start_location\":\"27.872117353458364,11.468147302519743\",\"map_start_zoom\":\"2\",\"default_marker\":\"0\",\"type\":\"1\",\"alignment\":\"2\",\"directions_enabled\":\"1\",\"styling_enabled\":\"0\",\"styling_json\":\"\",\"active\":\"0\",\"kml\":\"\",\"bicycle\":\"0\",\"traffic\":\"0\",\"dbox\":\"1\",\"dbox_width\":\"100\",\"listmarkers\":\"0\",\"listmarkers_advanced\":\"0\",\"filterbycat\":\"0\",\"ugm_enabled\":\"0\",\"ugm_category_enabled\":\"0\",\"fusion\":\"\",\"map_width_type\":\"\\\\%\",\"map_height_type\":\"px\",\"mass_marker_support\":\"1\",\"ugm_access\":\"0\",\"order_markers_by\":\"1\",\"order_markers_choice\":\"2\",\"show_user_location\":\"0\",\"default_to\":\"\",\"other_settings\":{\"store_locator_enabled\":2,\"store_locator_distance\":2,\"store_locator_default_radius\":10,\"store_locator_not_found_message\":\"\",\"store_locator_bounce\":1,\"store_locator_query_string\":\"\",\"store_locator_default_address\":\"\",\"wpgmza_store_locator_restrict\":\"fr\",\"wpgmza_store_locator_radius_style\":\"modern\",\"map_max_zoom\":\"1\",\"transport_layer\":0,\"wpgmza_show_points_of_interest\":0,\"wpgmza_auto_night\":0}}' data-map-id='1' Data-maps-engine='open-layers' data-shortcode-attributes='{\"id\":\"1\"}' style=\"display:block; overflow:auto; width:100%; height:400px; float:left;\"><\/div>\n\n\t\t<\/div>\n\n\t\t\n<style>\n#section_532751525 {\n  padding-top: 30px;\n  padding-bottom: 30px;\n}\n<\/style>\n\t<\/section>\n\t\n\t<section class=\"section\" id=\"section_1858460524\">\n\t\t<div class=\"bg section-bg fill bg-fill  bg-loaded\" >\n\n\t\t\t\n\t\t\t\n\t\t\t\n\n\t\t<\/div>\n\n\t\t<div class=\"section-content relative\">\n\t\t\t\n\n<div class='white' style='background:#fafafa; border:solid 1px #f0f0f0; border-radius:5px; padding:8px 8px 8px 8px;'>\n<div id='sample_slider' class='owl-carousel sa_owl_theme owl-pagination-true autohide-arrows' data-slider-id='sample_slider' style='visibility:hidden;'>\n<div id='sample_slider_slide08' class='sa_hover_container' style='padding:5% 5%; margin:0px 2.5%; '><div style=\"text-align: center; padding-bottom: 10px;\">\r\n<div><img decoding=\"async\" src=\"https:\/\/www.gamme-anti-age-feher.com\/wp-content\/uploads\/2020\/07\/ST-bart.jpg\" alt=\"NICE\" \/>\u00a0<\/div>\r\n<h3>Saint Barth\u00e9l\u00e9my - West Indies<\/h3>\r\n<\/div><\/div>\n<div id='sample_slider_slide02' class='sa_hover_container' style='padding:5% 5%; margin:0px 2.5%; background-color:rgb(255, 255, 255); '><div style=\"text-align: center; padding-bottom: 10px;\">\r\n<div><img decoding=\"async\" src=\"https:\/\/www.gamme-anti-age-feher.com\/wp-content\/uploads\/2020\/07\/Paris.jpg\" alt=\"PARIS\" \/><\/div>\r\n<h3>PARIS<\/h3>\r\n<\/div><\/div>\n<div id='sample_slider_slide04' class='sa_hover_container' style='padding:5% 5%; margin:0px 2.5%; background-color:rgb(255, 255, 255); '><div style=\"text-align: center; padding-bottom: 10px;\">\r\n<div><img decoding=\"async\" src=\"https:\/\/www.gamme-anti-age-feher.com\/wp-content\/uploads\/2020\/07\/Monaco.jpg\" alt=\"MONACO\" \/><\/div>\r\n<h3>MONACO<\/h3>\r\n<\/div>\r\n<div id=\"gtx-trans\" style=\"position: absolute; left: 986px; top: 44.3125px;\">\r\n<div class=\"gtx-trans-icon\">\u00a0<\/div>\r\n<\/div><\/div>\n<div id='sample_slider_slide09' class='sa_hover_container' style='padding:5% 5%; margin:0px 2.5%; '><div style=\"text-align: center; padding-bottom: 10px;\">\r\n<div><img decoding=\"async\" src=\"https:\/\/www.gamme-anti-age-feher.com\/wp-content\/uploads\/2021\/01\/belgium-3615566_1920.jpg\" alt=\"BELGIQUE\" \/>\u00a0<\/div>\r\n<h3>BELGIQUE<\/h3>\r\n<\/div><\/div>\n<div id='sample_slider_slide06' class='sa_hover_container' style='padding:5% 5%; margin:0px 2.5%; background-color:rgb(255, 255, 255); '><div style=\"text-align: center; padding-bottom: 10px;\">\r\n<div><img decoding=\"async\" src=\"https:\/\/www.gamme-anti-age-feher.com\/wp-content\/uploads\/2020\/07\/Cannes.jpg\" alt=\"CANNES\" \/><\/div>\r\n<h3>CANNES<\/h3>\r\n<\/div><\/div>\n<div id='sample_slider_slide07' class='sa_hover_container' style='padding:5% 5%; margin:0px 2.5%; background-color:rgb(255, 255, 255); '><div style=\"text-align: center; padding-bottom: 10px;\">\r\n<div><img decoding=\"async\" src=\"https:\/\/www.gamme-anti-age-feher.com\/wp-content\/uploads\/2020\/07\/Dubai.jpg\" alt=\"DUBA\u00cf\" \/><\/div>\r\n<h3>DUBA\u00cf<\/h3>\r\n<\/div>\r\n<div id=\"gtx-trans\" style=\"position: absolute; left: 985px; top: 44.3125px;\">\r\n<div class=\"gtx-trans-icon\">\u00a0<\/div>\r\n<\/div><\/div>\n<div id='sample_slider_slide10' class='sa_hover_container' style='padding:5% 5%; margin:0px 2.5%; '><div style=\"text-align: center; padding-bottom: 10px;\">\r\n<div><img decoding=\"async\" src=\"https:\/\/www.gamme-anti-age-feher.com\/wp-content\/uploads\/2021\/01\/lyon.jpg\" alt=\"LYON\" \/>\u00a0<\/div>\r\n<h3>LYON<\/h3>\r\n<\/div><\/div>\n<div id='sample_slider_slide03' class='sa_hover_container' style='padding:5% 5%; margin:0px 2.5%; background-color:rgb(255, 255, 255); '><div style=\"text-align: center; padding-bottom: 10px;\">\r\n<div><img decoding=\"async\" src=\"https:\/\/www.gamme-anti-age-feher.com\/wp-content\/uploads\/2020\/07\/Maroc.jpg\" alt=\"MAROC\" \/><\/div>\r\n<h3>MAROC<\/h3>\r\n<\/div>\r\n<div id=\"gtx-trans\" style=\"position: absolute; left: 986px; top: 89.3125px;\">\r\n<div class=\"gtx-trans-icon\">\u00a0<\/div>\r\n<\/div><\/div>\n<div id='sample_slider_slide05' class='sa_hover_container' style='padding:5% 5%; margin:0px 2.5%; background-color:rgb(255, 255, 255); '><div style=\"text-align: center; padding-bottom: 10px;\">\r\n<div><img decoding=\"async\" src=\"https:\/\/www.gamme-anti-age-feher.com\/wp-content\/uploads\/2020\/07\/Beaulieu-sur-Mer.jpg\" alt=\"BEAULIEU SUR MER\" \/><\/div>\r\n<h3>BEAULIEU SUR MER<\/h3>\r\n<\/div>\r\n<div id=\"gtx-trans\" style=\"position: absolute; left: 988px; top: 44.3125px;\">\r\n<div class=\"gtx-trans-icon\">\u00a0<\/div>\r\n<\/div><\/div>\n<div id='sample_slider_slide01' class='sa_hover_container' style='padding:5% 5%; margin:0px 2.5%; background-color:rgb(255, 255, 255); '><div style=\"text-align: center; padding-bottom: 10px;\">\r\n<div><img decoding=\"async\" src=\"https:\/\/www.gamme-anti-age-feher.com\/wp-content\/uploads\/2020\/07\/Nice.jpg\" alt=\"NICE\" \/>\u00a0<\/div>\r\n<h3>NICE<\/h3>\r\n<p>SI\u00c8GE SOCIAL<br \/>12 Rue Alphonse Karr 06000 NICE<\/p>\r\n<\/div><\/div>\n<\/div>\n<\/div>\n<script type='text\/javascript'>\n\tjQuery(document).ready(function() {\n\t\tjQuery('#sample_slider').owlCarousel({\n\t\t\tresponsive:{\n\t\t\t\t0:{ items:1 },\n\t\t\t\t480:{ items:2 },\n\t\t\t\t768:{ items:3 },\n\t\t\t\t980:{ items:4 },\n\t\t\t\t1200:{ items:4 },\n\t\t\t\t1500:{ items:4 }\n\t\t\t},\n\t\t\tautoplay : true,\n\t\t\tautoplayTimeout : 4000,\n\t\t\tautoplayHoverPause : true,\n\t\t\tsmartSpeed : 300,\n\t\t\tfluidSpeed : 300,\n\t\t\tautoplaySpeed : 300,\n\t\t\tnavSpeed : 300,\n\t\t\tdotsSpeed : 300,\n\t\t\tdotsEach : 1,\n\t\t\tloop : true,\n\t\t\tnav : true,\n\t\t\tnavText : ['Previous','Next'],\n\t\t\tdots : true,\n\t\t\tresponsiveRefreshRate : 200,\n\t\t\tslideBy : 1,\n\t\t\tmergeFit : true,\n\t\t\tautoHeight : false,\n\t\t\tmouseDrag : true,\n\t\t\ttouchDrag : true\n\t\t});\n\t\tjQuery('#sample_slider').css('visibility', 'visible');\n\t\tsa_resize_sample_slider();\n\t\twindow.addEventListener('resize', sa_resize_sample_slider);\n\t\tfunction sa_resize_sample_slider() {\n\t\t\tvar min_height = '50';\n\t\t\tvar win_width = jQuery(window).width();\n\t\t\tvar slider_width = jQuery('#sample_slider').width();\n\t\t\tif (win_width < 480) {\n\t\t\t\tvar slide_width = slider_width \/ 1;\n\t\t\t} else if (win_width < 768) {\n\t\t\t\tvar slide_width = slider_width \/ 2;\n\t\t\t} else if (win_width < 980) {\n\t\t\t\tvar slide_width = slider_width \/ 3;\n\t\t\t} else if (win_width < 1200) {\n\t\t\t\tvar slide_width = slider_width \/ 4;\n\t\t\t} else if (win_width < 1500) {\n\t\t\t\tvar slide_width = slider_width \/ 4;\n\t\t\t} else {\n\t\t\t\tvar slide_width = slider_width \/ 4;\n\t\t\t}\n\t\t\tslide_width = Math.round(slide_width);\n\t\t\tvar slide_height = '0';\n\t\t\tif (min_height == 'aspect43') {\n\t\t\t\tslide_height = (slide_width \/ 4) * 3;\t\t\t\tslide_height = Math.round(slide_height);\n\t\t\t} else if (min_height == 'aspect169') {\n\t\t\t\tslide_height = (slide_width \/ 16) * 9;\t\t\t\tslide_height = Math.round(slide_height);\n\t\t\t} else {\n\t\t\t\tslide_height = (slide_width \/ 100) * min_height;\t\t\t\tslide_height = Math.round(slide_height);\n\t\t\t}\n\t\t\tjQuery('#sample_slider .owl-item .sa_hover_container').css('min-height', slide_height+'px');\n\t\t}\n\t\tvar owl_goto = jQuery('#sample_slider');\n\t\tjQuery('.sample_slider_goto1').click(function(event){\n\t\t\towl_goto.trigger('to.owl.carousel', 0);\n\t\t});\n\t\tjQuery('.sample_slider_goto2').click(function(event){\n\t\t\towl_goto.trigger('to.owl.carousel', 1);\n\t\t});\n\t\tjQuery('.sample_slider_goto3').click(function(event){\n\t\t\towl_goto.trigger('to.owl.carousel', 2);\n\t\t});\n\t\tjQuery('.sample_slider_goto4').click(function(event){\n\t\t\towl_goto.trigger('to.owl.carousel', 3);\n\t\t});\n\t\tjQuery('.sample_slider_goto5').click(function(event){\n\t\t\towl_goto.trigger('to.owl.carousel', 4);\n\t\t});\n\t\tjQuery('.sample_slider_goto6').click(function(event){\n\t\t\towl_goto.trigger('to.owl.carousel', 5);\n\t\t});\n\t\tjQuery('.sample_slider_goto7').click(function(event){\n\t\t\towl_goto.trigger('to.owl.carousel', 6);\n\t\t});\n\t\tjQuery('.sample_slider_goto8').click(function(event){\n\t\t\towl_goto.trigger('to.owl.carousel', 7);\n\t\t});\n\t\tjQuery('.sample_slider_goto9').click(function(event){\n\t\t\towl_goto.trigger('to.owl.carousel', 8);\n\t\t});\n\t\tjQuery('.sample_slider_goto10').click(function(event){\n\t\t\towl_goto.trigger('to.owl.carousel', 9);\n\t\t});\n\t\tvar resize_7161 = jQuery('.owl-carousel');\n\t\tresize_7161.on('initialized.owl.carousel', function(e) {\n\t\t\tif (typeof(Event) === 'function') {\n\t\t\t\twindow.dispatchEvent(new Event('resize'));\n\t\t\t} else {\n\t\t\t\tvar evt = window.document.createEvent('UIEvents');\n\t\t\t\tevt.initUIEvent('resize', true, false, window, 0);\n\t\t\t\twindow.dispatchEvent(evt);\n\t\t\t}\n\t\t});\n\t});\n<\/script>\n\n\n\t\t<\/div>\n\n\t\t\n<style>\n#section_1858460524 {\n  padding-top: 30px;\n  padding-bottom: 30px;\n}\n<\/style>\n\t<\/section>\n\t\n\n","protected":false},"excerpt":{"rendered":"","protected":false},"author":372,"featured_media":0,"parent":0,"menu_order":0,"comment_status":"closed","ping_status":"closed","template":"","meta":{"footnotes":""},"class_list":["post-7079","page","type-page","status-publish","hentry"],"yoast_head":"<!-- This site is optimized with the Yoast SEO plugin v27.2 - https:\/\/yoast.com\/product\/yoast-seo-wordpress\/ -->\n<title>O\u00f9 sommes-nous - Gamme Dermocosm\u00e9tique Catherine FEHER<\/title>\n<meta name=\"robots\" content=\"index, follow, max-snippet:-1, max-image-preview:large, max-video-preview:-1\" \/>\n<link rel=\"canonical\" href=\"https:\/\/gamme-anti-age-feher.com\/en\/ou-sommes-nous\/\" \/>\n<meta property=\"og:locale\" content=\"en_US\" \/>\n<meta property=\"og:type\" content=\"article\" \/>\n<meta property=\"og:title\" content=\"O\u00f9 sommes-nous - Gamme Dermocosm\u00e9tique Catherine FEHER\" \/>\n<meta property=\"og:url\" content=\"https:\/\/gamme-anti-age-feher.com\/en\/ou-sommes-nous\/\" \/>\n<meta property=\"og:site_name\" content=\"Gamme Dermocosm\u00e9tique Catherine FEHER\" \/>\n<meta property=\"article:modified_time\" content=\"2020-07-07T15:45:10+00:00\" \/>\n<meta property=\"og:image\" content=\"https:\/\/www.gamme-anti-age-feher.com\/wp-content\/uploads\/2020\/05\/coming-soon.png\" \/>\n<meta name=\"twitter:card\" content=\"summary_large_image\" \/>\n<script type=\"application\/ld+json\" class=\"yoast-schema-graph\">{\"@context\":\"https:\/\/schema.org\",\"@graph\":[{\"@type\":\"WebPage\",\"@id\":\"https:\/\/gamme-anti-age-feher.com\/ou-sommes-nous\/\",\"url\":\"https:\/\/gamme-anti-age-feher.com\/ou-sommes-nous\/\",\"name\":\"O\u00f9 sommes-nous - Gamme Dermocosm\u00e9tique Catherine FEHER\",\"isPartOf\":{\"@id\":\"https:\/\/gamme-anti-age-feher.com\/#website\"},\"primaryImageOfPage\":{\"@id\":\"https:\/\/gamme-anti-age-feher.com\/ou-sommes-nous\/#primaryimage\"},\"image\":{\"@id\":\"https:\/\/gamme-anti-age-feher.com\/ou-sommes-nous\/#primaryimage\"},\"thumbnailUrl\":\"https:\/\/www.gamme-anti-age-feher.com\/wp-content\/uploads\/2020\/05\/coming-soon.png\",\"datePublished\":\"2020-06-04T14:18:12+00:00\",\"dateModified\":\"2020-07-07T15:45:10+00:00\",\"breadcrumb\":{\"@id\":\"https:\/\/gamme-anti-age-feher.com\/ou-sommes-nous\/#breadcrumb\"},\"inLanguage\":\"en-US\",\"potentialAction\":[{\"@type\":\"ReadAction\",\"target\":[\"https:\/\/gamme-anti-age-feher.com\/ou-sommes-nous\/\"]}]},{\"@type\":\"ImageObject\",\"inLanguage\":\"en-US\",\"@id\":\"https:\/\/gamme-anti-age-feher.com\/ou-sommes-nous\/#primaryimage\",\"url\":\"https:\/\/www.gamme-anti-age-feher.com\/wp-content\/uploads\/2020\/05\/coming-soon.png\",\"contentUrl\":\"https:\/\/www.gamme-anti-age-feher.com\/wp-content\/uploads\/2020\/05\/coming-soon.png\"},{\"@type\":\"BreadcrumbList\",\"@id\":\"https:\/\/gamme-anti-age-feher.com\/ou-sommes-nous\/#breadcrumb\",\"itemListElement\":[{\"@type\":\"ListItem\",\"position\":1,\"name\":\"Accueil\",\"item\":\"https:\/\/gamme-anti-age-feher.com\/\"},{\"@type\":\"ListItem\",\"position\":2,\"name\":\"O\u00f9 sommes-nous\"}]},{\"@type\":\"WebSite\",\"@id\":\"https:\/\/gamme-anti-age-feher.com\/#website\",\"url\":\"https:\/\/gamme-anti-age-feher.com\/\",\"name\":\"Gamme Dermocosm\u00e9tique Catherine FEHER\",\"description\":\"L&#039;excellence \u00e0 la fran\u00e7aise avec des produits 100% fran\u00e7ais !\",\"potentialAction\":[{\"@type\":\"SearchAction\",\"target\":{\"@type\":\"EntryPoint\",\"urlTemplate\":\"https:\/\/gamme-anti-age-feher.com\/?s={search_term_string}\"},\"query-input\":{\"@type\":\"PropertyValueSpecification\",\"valueRequired\":true,\"valueName\":\"search_term_string\"}}],\"inLanguage\":\"en-US\"}]}<\/script>\n<!-- \/ Yoast SEO plugin. -->","yoast_head_json":{"title":"O\u00f9 sommes-nous - Gamme Dermocosm\u00e9tique Catherine FEHER","robots":{"index":"index","follow":"follow","max-snippet":"max-snippet:-1","max-image-preview":"max-image-preview:large","max-video-preview":"max-video-preview:-1"},"canonical":"https:\/\/gamme-anti-age-feher.com\/en\/ou-sommes-nous\/","og_locale":"en_US","og_type":"article","og_title":"O\u00f9 sommes-nous - Gamme Dermocosm\u00e9tique Catherine FEHER","og_url":"https:\/\/gamme-anti-age-feher.com\/en\/ou-sommes-nous\/","og_site_name":"Gamme Dermocosm\u00e9tique Catherine FEHER","article_modified_time":"2020-07-07T15:45:10+00:00","og_image":[{"url":"https:\/\/www.gamme-anti-age-feher.com\/wp-content\/uploads\/2020\/05\/coming-soon.png","type":"","width":"","height":""}],"twitter_card":"summary_large_image","schema":{"@context":"https:\/\/schema.org","@graph":[{"@type":"WebPage","@id":"https:\/\/gamme-anti-age-feher.com\/ou-sommes-nous\/","url":"https:\/\/gamme-anti-age-feher.com\/ou-sommes-nous\/","name":"O\u00f9 sommes-nous - Gamme Dermocosm\u00e9tique Catherine FEHER","isPartOf":{"@id":"https:\/\/gamme-anti-age-feher.com\/#website"},"primaryImageOfPage":{"@id":"https:\/\/gamme-anti-age-feher.com\/ou-sommes-nous\/#primaryimage"},"image":{"@id":"https:\/\/gamme-anti-age-feher.com\/ou-sommes-nous\/#primaryimage"},"thumbnailUrl":"https:\/\/www.gamme-anti-age-feher.com\/wp-content\/uploads\/2020\/05\/coming-soon.png","datePublished":"2020-06-04T14:18:12+00:00","dateModified":"2020-07-07T15:45:10+00:00","breadcrumb":{"@id":"https:\/\/gamme-anti-age-feher.com\/ou-sommes-nous\/#breadcrumb"},"inLanguage":"en-US","potentialAction":[{"@type":"ReadAction","target":["https:\/\/gamme-anti-age-feher.com\/ou-sommes-nous\/"]}]},{"@type":"ImageObject","inLanguage":"en-US","@id":"https:\/\/gamme-anti-age-feher.com\/ou-sommes-nous\/#primaryimage","url":"https:\/\/www.gamme-anti-age-feher.com\/wp-content\/uploads\/2020\/05\/coming-soon.png","contentUrl":"https:\/\/www.gamme-anti-age-feher.com\/wp-content\/uploads\/2020\/05\/coming-soon.png"},{"@type":"BreadcrumbList","@id":"https:\/\/gamme-anti-age-feher.com\/ou-sommes-nous\/#breadcrumb","itemListElement":[{"@type":"ListItem","position":1,"name":"Accueil","item":"https:\/\/gamme-anti-age-feher.com\/"},{"@type":"ListItem","position":2,"name":"O\u00f9 sommes-nous"}]},{"@type":"WebSite","@id":"https:\/\/gamme-anti-age-feher.com\/#website","url":"https:\/\/gamme-anti-age-feher.com\/","name":"Gamme Dermocosm\u00e9tique Catherine FEHER","description":"L&#039;excellence \u00e0 la fran\u00e7aise avec des produits 100% fran\u00e7ais !","potentialAction":[{"@type":"SearchAction","target":{"@type":"EntryPoint","urlTemplate":"https:\/\/gamme-anti-age-feher.com\/?s={search_term_string}"},"query-input":{"@type":"PropertyValueSpecification","valueRequired":true,"valueName":"search_term_string"}}],"inLanguage":"en-US"}]}},"_links":{"self":[{"href":"https:\/\/gamme-anti-age-feher.com\/en\/wp-json\/wp\/v2\/pages\/7079","targetHints":{"allow":["GET"]}}],"collection":[{"href":"https:\/\/gamme-anti-age-feher.com\/en\/wp-json\/wp\/v2\/pages"}],"about":[{"href":"https:\/\/gamme-anti-age-feher.com\/en\/wp-json\/wp\/v2\/types\/page"}],"author":[{"embeddable":true,"href":"https:\/\/gamme-anti-age-feher.com\/en\/wp-json\/wp\/v2\/users\/372"}],"replies":[{"embeddable":true,"href":"https:\/\/gamme-anti-age-feher.com\/en\/wp-json\/wp\/v2\/comments?post=7079"}],"version-history":[{"count":17,"href":"https:\/\/gamme-anti-age-feher.com\/en\/wp-json\/wp\/v2\/pages\/7079\/revisions"}],"predecessor-version":[{"id":7198,"href":"https:\/\/gamme-anti-age-feher.com\/en\/wp-json\/wp\/v2\/pages\/7079\/revisions\/7198"}],"wp:attachment":[{"href":"https:\/\/gamme-anti-age-feher.com\/en\/wp-json\/wp\/v2\/media?parent=7079"}],"curies":[{"name":"wp","href":"https:\/\/api.w.org\/{rel}","templated":true}]}}