{"id":421,"date":"2018-06-06T19:05:44","date_gmt":"2018-06-06T17:05:44","guid":{"rendered":"https:\/\/www.gamme-anti-age-feher.com\/?page_id=421"},"modified":"2022-11-02T17:36:52","modified_gmt":"2022-11-02T16:36:52","slug":"mentions-legales","status":"publish","type":"page","link":"https:\/\/gamme-anti-age-feher.com\/en\/mentions-legales\/","title":{"rendered":"Mentions l\u00e9gales"},"content":{"rendered":"<div class=\"entry-content\">\n<p>Catherine Feher<br \/>\nSi\u00e8ge social : 12, avenue Alphonse Karr \u2013 06000 Nice<br \/>\nSIRET : 399 003 573 00017<br \/>\nT\u00e9l\u00e9phone : 04.93.88.39.48<\/p>\n<p>H\u00e9bergeur :<br \/>\nOVH (SAS)<br \/>\nSi\u00e8ge social : 2 rue Kellermann \u2013 59100 Roubaix<br \/>\nSIRET : 424 761 419 00045<br \/>\nRCS : Lille M\u00e9tropole 424 761 419 00045<br \/>\nN\u00b0 TVA intracommunautaire : FR 22 424 761 419<\/p>\n<p>Droits de reproduction<\/p>\n<p>Toute repr\u00e9sentation, modification, reproduction, d\u00e9naturation, totale ou partielle, de tout ou partie du site ou de son contenu, par quelque proc\u00e9d\u00e9 que ce soit, et sur quelque support que ce soit constituerait une contrefa\u00e7on sanctionn\u00e9e par les articles L 335-2 et suivants du Code de la Propri\u00e9t\u00e9 Intellectuelle.<\/p>\n<p>Dans l\u2019hypoth\u00e8se o\u00f9 vous souhaiteriez utiliser un des contenus du site (texte, image\u2026), vous devez obtenir l\u2019autorisation \u00e9crite, expresse et pr\u00e9alable de Catherine Feher.<\/p>\n<p>Donn\u00e9es personnelles<\/p>\n<p>D\u2019une fa\u00e7on g\u00e9n\u00e9rale, vous pouvez visiter notre site Internet sans avoir \u00e0 d\u00e9cliner votre identit\u00e9 ni fournir d\u2019informations personnelles vous concernant. Cependant, nous pouvons parfois vous demander des informations, par exemple pour \u00e9tablir une correspondance \u00e9lectronique ou un devis.<\/p>\n<\/div>","protected":false},"excerpt":{"rendered":"<p>Catherine Feher Si\u00e8ge social : 12, avenue Alphonse Karr \u2013 06000 Nice SIRET : 399 003 573 00017 T\u00e9l\u00e9phone : 04.93.88.39.48 H\u00e9bergeur : OVH (SAS) Si\u00e8ge social : 2 rue Kellermann \u2013 59100 Roubaix SIRET : 424 761 419 00045 RCS : Lille M\u00e9tropole 424 761 419 00045 N\u00b0 TVA intracommunautaire : FR 22 424 [&#8230;]\n","protected":false},"author":7,"featured_media":0,"parent":0,"menu_order":0,"comment_status":"closed","ping_status":"closed","template":"","meta":{"footnotes":""},"class_list":["post-421","page","type-page","status-publish","hentry"],"yoast_head":"<!-- This site is optimized with the Yoast SEO plugin v27.2 - https:\/\/yoast.com\/product\/yoast-seo-wordpress\/ -->\n<title>Mentions l\u00e9gales - Gamme Dermocosm\u00e9tique Catherine FEHER<\/title>\n<meta name=\"robots\" content=\"index, follow, max-snippet:-1, max-image-preview:large, max-video-preview:-1\" \/>\n<link rel=\"canonical\" href=\"https:\/\/gamme-anti-age-feher.com\/en\/mentions-legales\/\" \/>\n<meta property=\"og:locale\" content=\"en_US\" \/>\n<meta property=\"og:type\" content=\"article\" \/>\n<meta property=\"og:title\" content=\"Mentions l\u00e9gales - Gamme Dermocosm\u00e9tique Catherine FEHER\" \/>\n<meta property=\"og:description\" content=\"Catherine Feher Si\u00e8ge social : 12, avenue Alphonse Karr \u2013 06000 Nice SIRET : 399 003 573 00017 T\u00e9l\u00e9phone : 04.93.88.39.48 H\u00e9bergeur : OVH (SAS) Si\u00e8ge social : 2 rue Kellermann \u2013 59100 Roubaix SIRET : 424 761 419 00045 RCS : Lille M\u00e9tropole 424 761 419 00045 N\u00b0 TVA intracommunautaire : FR 22 424 [...]\" \/>\n<meta property=\"og:url\" content=\"https:\/\/gamme-anti-age-feher.com\/en\/mentions-legales\/\" \/>\n<meta property=\"og:site_name\" content=\"Gamme Dermocosm\u00e9tique Catherine FEHER\" \/>\n<meta property=\"article:modified_time\" content=\"2022-11-02T16:36:52+00:00\" \/>\n<meta name=\"twitter:card\" content=\"summary_large_image\" \/>\n<meta name=\"twitter:label1\" content=\"Est. reading time\" \/>\n\t<meta name=\"twitter:data1\" content=\"1 minute\" \/>\n<script type=\"application\/ld+json\" class=\"yoast-schema-graph\">{\"@context\":\"https:\/\/schema.org\",\"@graph\":[{\"@type\":\"WebPage\",\"@id\":\"https:\/\/gamme-anti-age-feher.com\/mentions-legales\/\",\"url\":\"https:\/\/gamme-anti-age-feher.com\/mentions-legales\/\",\"name\":\"Mentions l\u00e9gales - Gamme Dermocosm\u00e9tique Catherine FEHER\",\"isPartOf\":{\"@id\":\"https:\/\/gamme-anti-age-feher.com\/#website\"},\"datePublished\":\"2018-06-06T17:05:44+00:00\",\"dateModified\":\"2022-11-02T16:36:52+00:00\",\"breadcrumb\":{\"@id\":\"https:\/\/gamme-anti-age-feher.com\/mentions-legales\/#breadcrumb\"},\"inLanguage\":\"en-US\",\"potentialAction\":[{\"@type\":\"ReadAction\",\"target\":[\"https:\/\/gamme-anti-age-feher.com\/mentions-legales\/\"]}]},{\"@type\":\"BreadcrumbList\",\"@id\":\"https:\/\/gamme-anti-age-feher.com\/mentions-legales\/#breadcrumb\",\"itemListElement\":[{\"@type\":\"ListItem\",\"position\":1,\"name\":\"Accueil\",\"item\":\"https:\/\/gamme-anti-age-feher.com\/\"},{\"@type\":\"ListItem\",\"position\":2,\"name\":\"Mentions l\u00e9gales\"}]},{\"@type\":\"WebSite\",\"@id\":\"https:\/\/gamme-anti-age-feher.com\/#website\",\"url\":\"https:\/\/gamme-anti-age-feher.com\/\",\"name\":\"Gamme Dermocosm\u00e9tique Catherine FEHER\",\"description\":\"L&#039;excellence \u00e0 la fran\u00e7aise avec des produits 100% fran\u00e7ais !\",\"potentialAction\":[{\"@type\":\"SearchAction\",\"target\":{\"@type\":\"EntryPoint\",\"urlTemplate\":\"https:\/\/gamme-anti-age-feher.com\/?s={search_term_string}\"},\"query-input\":{\"@type\":\"PropertyValueSpecification\",\"valueRequired\":true,\"valueName\":\"search_term_string\"}}],\"inLanguage\":\"en-US\"}]}<\/script>\n<!-- \/ Yoast SEO plugin. -->","yoast_head_json":{"title":"Mentions l\u00e9gales - Gamme Dermocosm\u00e9tique Catherine FEHER","robots":{"index":"index","follow":"follow","max-snippet":"max-snippet:-1","max-image-preview":"max-image-preview:large","max-video-preview":"max-video-preview:-1"},"canonical":"https:\/\/gamme-anti-age-feher.com\/en\/mentions-legales\/","og_locale":"en_US","og_type":"article","og_title":"Mentions l\u00e9gales - Gamme Dermocosm\u00e9tique Catherine FEHER","og_description":"Catherine Feher Si\u00e8ge social : 12, avenue Alphonse Karr \u2013 06000 Nice SIRET : 399 003 573 00017 T\u00e9l\u00e9phone : 04.93.88.39.48 H\u00e9bergeur : OVH (SAS) Si\u00e8ge social : 2 rue Kellermann \u2013 59100 Roubaix SIRET : 424 761 419 00045 RCS : Lille M\u00e9tropole 424 761 419 00045 N\u00b0 TVA intracommunautaire : FR 22 424 [...]","og_url":"https:\/\/gamme-anti-age-feher.com\/en\/mentions-legales\/","og_site_name":"Gamme Dermocosm\u00e9tique Catherine FEHER","article_modified_time":"2022-11-02T16:36:52+00:00","twitter_card":"summary_large_image","twitter_misc":{"Est. reading time":"1 minute"},"schema":{"@context":"https:\/\/schema.org","@graph":[{"@type":"WebPage","@id":"https:\/\/gamme-anti-age-feher.com\/mentions-legales\/","url":"https:\/\/gamme-anti-age-feher.com\/mentions-legales\/","name":"Mentions l\u00e9gales - Gamme Dermocosm\u00e9tique Catherine FEHER","isPartOf":{"@id":"https:\/\/gamme-anti-age-feher.com\/#website"},"datePublished":"2018-06-06T17:05:44+00:00","dateModified":"2022-11-02T16:36:52+00:00","breadcrumb":{"@id":"https:\/\/gamme-anti-age-feher.com\/mentions-legales\/#breadcrumb"},"inLanguage":"en-US","potentialAction":[{"@type":"ReadAction","target":["https:\/\/gamme-anti-age-feher.com\/mentions-legales\/"]}]},{"@type":"BreadcrumbList","@id":"https:\/\/gamme-anti-age-feher.com\/mentions-legales\/#breadcrumb","itemListElement":[{"@type":"ListItem","position":1,"name":"Accueil","item":"https:\/\/gamme-anti-age-feher.com\/"},{"@type":"ListItem","position":2,"name":"Mentions l\u00e9gales"}]},{"@type":"WebSite","@id":"https:\/\/gamme-anti-age-feher.com\/#website","url":"https:\/\/gamme-anti-age-feher.com\/","name":"Gamme Dermocosm\u00e9tique Catherine FEHER","description":"L&#039;excellence \u00e0 la fran\u00e7aise avec des produits 100% fran\u00e7ais !","potentialAction":[{"@type":"SearchAction","target":{"@type":"EntryPoint","urlTemplate":"https:\/\/gamme-anti-age-feher.com\/?s={search_term_string}"},"query-input":{"@type":"PropertyValueSpecification","valueRequired":true,"valueName":"search_term_string"}}],"inLanguage":"en-US"}]}},"_links":{"self":[{"href":"https:\/\/gamme-anti-age-feher.com\/en\/wp-json\/wp\/v2\/pages\/421","targetHints":{"allow":["GET"]}}],"collection":[{"href":"https:\/\/gamme-anti-age-feher.com\/en\/wp-json\/wp\/v2\/pages"}],"about":[{"href":"https:\/\/gamme-anti-age-feher.com\/en\/wp-json\/wp\/v2\/types\/page"}],"author":[{"embeddable":true,"href":"https:\/\/gamme-anti-age-feher.com\/en\/wp-json\/wp\/v2\/users\/7"}],"replies":[{"embeddable":true,"href":"https:\/\/gamme-anti-age-feher.com\/en\/wp-json\/wp\/v2\/comments?post=421"}],"version-history":[{"count":1,"href":"https:\/\/gamme-anti-age-feher.com\/en\/wp-json\/wp\/v2\/pages\/421\/revisions"}],"predecessor-version":[{"id":7469,"href":"https:\/\/gamme-anti-age-feher.com\/en\/wp-json\/wp\/v2\/pages\/421\/revisions\/7469"}],"wp:attachment":[{"href":"https:\/\/gamme-anti-age-feher.com\/en\/wp-json\/wp\/v2\/media?parent=421"}],"curies":[{"name":"wp","href":"https:\/\/api.w.org\/{rel}","templated":true}]}}