{"id":413,"date":"2018-06-06T19:03:39","date_gmt":"2018-06-06T17:03:39","guid":{"rendered":"https:\/\/www.gamme-anti-age-feher.com\/?page_id=413"},"modified":"2022-11-02T17:37:00","modified_gmt":"2022-11-02T16:37:00","slug":"face","status":"publish","type":"page","link":"https:\/\/gamme-anti-age-feher.com\/en\/face\/","title":{"rendered":"FACE"},"content":{"rendered":"<div class=\"container section-title-container\" ><h2 class=\"section-title section-title-center\"><b><\/b><span class=\"section-title-main\" >LES SOINS DU VISAGE<\/span><b><\/b><\/h2><\/div>\n\n\t<section class=\"section\" id=\"section_1296978335\">\n\t\t<div class=\"bg section-bg fill bg-fill  bg-loaded\" >\n\n\t\t\t\n\t\t\t\n\t\t\t\n\n\t\t<\/div>\n\n\t\t<div class=\"section-content relative\">\n\t\t\t\n\n  <div class=\"banner-grid-wrapper\">\n  <div id=\"banner-grid-13779408\" class=\"banner-grid row row-grid row-collapse\" data-packery-options=\"\">\n                      \n\n<div class=\"col grid-col small-14 large-4 grid-col-1-2\" ><div class=\"col-inner\">\n\n\n  <div class=\"banner has-hover\" id=\"banner-865495024\">\n          <div class=\"banner-inner fill\">\n        <div class=\"banner-bg fill\" >\n            <div class=\"bg fill bg-fill\"><\/div>\n                                    \n                    <\/div>\n        <div class=\"banner-layers container\">\n            <div class=\"fill banner-link\"><\/div>            \n\n   <div id=\"text-box-1857633523\" class=\"text-box banner-layer x50 md-x50 lg-x50 y50 md-y50 lg-y50 res-text\">\n                                <div class=\"text-box-content text dark\">\n              \n              <div class=\"text-inner text-center\">\n                  \n\n\n              <\/div>\n           <\/div>\n                            \n<style>\n#text-box-1857633523 {\n  width: 60%;\n}\n#text-box-1857633523 .text-box-content {\n  font-size: 100%;\n}\n@media (min-width:550px) {\n  #text-box-1857633523 {\n    width: 60%;\n  }\n}\n<\/style>\n    <\/div>\n \n\n        <\/div>\n      <\/div>\n\n            \n<style>\n#banner-865495024 {\n  padding-top: 500px;\n}\n#banner-865495024 .bg.bg-loaded {\n  background-image: 2865;\n}\n<\/style>\n  <\/div>\n\n\n\n<\/div><\/div>\n<div class=\"col grid-col small-13 large-4 grid-col-1-2\" ><div class=\"col-inner\">\n\n\n  <div class=\"banner has-hover\" id=\"banner-27172199\">\n          <div class=\"banner-inner fill\">\n        <div class=\"banner-bg fill\" >\n            <div class=\"bg fill bg-fill\"><\/div>\n                                    \n                    <\/div>\n        <div class=\"banner-layers container\">\n            <div class=\"fill banner-link\"><\/div>            \n\n   <div id=\"text-box-443206688\" class=\"text-box banner-layer x50 md-x50 lg-x50 y50 md-y50 lg-y50 res-text\">\n                                <div class=\"text-box-content text\">\n              \n              <div class=\"text-inner text-center\">\n                  \n\n<h2 class=\"uppercase thin-font\" style=\"text-align: center\"><b>\u00a0Notre expertise<\/b><\/h2>\n<h4 class=\"uppercase thin-font\" style=\"text-align: center\" data-line-height=\"xl\">Safe anti-age peeling<br \/>Aesthetics face<br \/>Glycolic acid peeling<br \/>Cryolift<\/h4>\n\n              <\/div>\n           <\/div>\n                            \n<style>\n#text-box-443206688 {\n  width: 100%;\n}\n#text-box-443206688 .text-box-content {\n  font-size: 100%;\n}\n<\/style>\n    <\/div>\n \n\n        <\/div>\n      <\/div>\n\n            \n<style>\n#banner-27172199 {\n  padding-top: 500px;\n  background-color: rgb(255, 255, 255);\n}\n<\/style>\n  <\/div>\n\n\n\n<\/div><\/div>\n<div class=\"col grid-col small-12 large-4 grid-col-1-2\" ><div class=\"col-inner\">\n\n\n  <div class=\"banner has-hover\" id=\"banner-1006690976\">\n          <div class=\"banner-inner fill\">\n        <div class=\"banner-bg fill\" >\n            <div class=\"bg fill bg-fill\"><\/div>\n                                    \n                    <\/div>\n        <div class=\"banner-layers container\">\n            <div class=\"fill banner-link\"><\/div>            \n\n   <div id=\"text-box-1128049118\" class=\"text-box banner-layer x50 md-x50 lg-x50 y50 md-y50 lg-y50 res-text\">\n                                <div class=\"text-box-content text dark\">\n              \n              <div class=\"text-inner text-center\">\n                  \n\n\n              <\/div>\n           <\/div>\n                            \n<style>\n#text-box-1128049118 {\n  width: 60%;\n}\n#text-box-1128049118 .text-box-content {\n  font-size: 100%;\n}\n@media (min-width:550px) {\n  #text-box-1128049118 {\n    width: 60%;\n  }\n}\n<\/style>\n    <\/div>\n \n\n        <\/div>\n      <\/div>\n\n            \n<style>\n#banner-1006690976 {\n  padding-top: 500px;\n}\n#banner-1006690976 .bg.bg-loaded {\n  background-image: 2867;\n}\n<\/style>\n  <\/div>\n\n\n\n<\/div><\/div>\n<div class=\"col grid-col small-15 large-4 grid-col-1-2\" ><div class=\"col-inner\">\n\n\n  <div class=\"banner has-hover\" id=\"banner-882674257\">\n          <div class=\"banner-inner fill\">\n        <div class=\"banner-bg fill\" >\n            <div class=\"bg fill bg-fill\"><\/div>\n                                    \n                    <\/div>\n        <div class=\"banner-layers container\">\n            <div class=\"fill banner-link\"><\/div>            \n\n   <div id=\"text-box-829491011\" class=\"text-box banner-layer x50 md-x50 lg-x50 y50 md-y50 lg-y50 res-text\">\n                                <div class=\"text-box-content text\">\n              \n              <div class=\"text-inner text-center\">\n                  \n\n\t<div id=\"gap-424047976\" class=\"gap-element clearfix\" style=\"display:block; height:auto;\">\n\t\t\n<style>\n#gap-424047976 {\n  padding-top: 10px;\n}\n<\/style>\n\t<\/div>\n\t\n\n<h2 class=\"uppercase thin-font\" style=\"text-align: center\">SOINS DU VISAGE<\/h2>\n<h4 class=\"uppercase thin-font\" style=\"text-align: center\" data-line-height=\"xl\">Hydratant<br \/>Raffermissant<br \/>Cicatrisant<\/h4>\n<h4 class=\"uppercase thin-font\" style=\"text-align: center\" data-line-height=\"xl\"><em>(TRACE d&rsquo;acn\u00e9, post intervention chirurgicale)<\/em><br \/>Drainant<br \/>Antirides<\/h4>\n\n              <\/div>\n           <\/div>\n                            \n<style>\n#text-box-829491011 {\n  width: 100%;\n}\n#text-box-829491011 .text-box-content {\n  font-size: 100%;\n}\n<\/style>\n    <\/div>\n \n\n        <\/div>\n      <\/div>\n\n            \n<style>\n#banner-882674257 {\n  padding-top: 500px;\n  background-color: rgb(255, 255, 255);\n}\n<\/style>\n  <\/div>\n\n\n\n<\/div><\/div>\n<div class=\"col grid-col small-12 large-4 grid-col-1-2\" ><div class=\"col-inner\">\n\n\n  <div class=\"banner has-hover\" id=\"banner-541869589\">\n          <div class=\"banner-inner fill\">\n        <div class=\"banner-bg fill\" >\n            <div class=\"bg fill bg-fill\"><\/div>\n                                    \n                    <\/div>\n        <div class=\"banner-layers container\">\n            <div class=\"fill banner-link\"><\/div>            \n\n   <div id=\"text-box-426946782\" class=\"text-box banner-layer x50 md-x50 lg-x50 y50 md-y50 lg-y50 res-text\">\n                                <div class=\"text-box-content text dark\">\n              \n              <div class=\"text-inner text-center\">\n                  \n\n\n              <\/div>\n           <\/div>\n                            \n<style>\n#text-box-426946782 {\n  width: 60%;\n}\n#text-box-426946782 .text-box-content {\n  font-size: 100%;\n}\n@media (min-width:550px) {\n  #text-box-426946782 {\n    width: 60%;\n  }\n}\n<\/style>\n    <\/div>\n \n\n        <\/div>\n      <\/div>\n\n            \n<style>\n#banner-541869589 {\n  padding-top: 500px;\n}\n#banner-541869589 .bg.bg-loaded {\n  background-image: 2866;\n}\n<\/style>\n  <\/div>\n\n\n\n<\/div><\/div>\n<div class=\"col grid-col small-13 large-4 grid-col-1-2\" ><div class=\"col-inner\">\n\n\n  <div class=\"banner has-hover\" id=\"banner-1800142851\">\n          <div class=\"banner-inner fill\">\n        <div class=\"banner-bg fill\" >\n            <div class=\"bg fill bg-fill\"><\/div>\n                                    \n                    <\/div>\n        <div class=\"banner-layers container\">\n            <div class=\"fill banner-link\"><\/div>            \n\n   <div id=\"text-box-1842522621\" class=\"text-box banner-layer x50 md-x50 lg-x50 y50 md-y50 lg-y50 res-text\">\n                                <div class=\"text-box-content text\">\n              \n              <div class=\"text-inner text-center\">\n                  \n\n<blockquote>\n<h3>Un moment suspendu pour prendre soin de vous .<\/h3>\n<\/blockquote>\n\n              <\/div>\n           <\/div>\n                            \n<style>\n#text-box-1842522621 {\n  width: 100%;\n}\n#text-box-1842522621 .text-box-content {\n  font-size: 100%;\n}\n<\/style>\n    <\/div>\n \n\n        <\/div>\n      <\/div>\n\n              <div class=\"height-fix is-invisible\"><\/div>\n            \n<style>\n#banner-1800142851 {\n  background-color: rgb(255,255,255);\n}\n<\/style>\n  <\/div>\n\n\n\n<\/div><\/div>\n<div class=\"col grid-col large-12 grid-col-3-4\" ><div class=\"col-inner\">\n\n\n  <div class=\"banner has-hover\" id=\"banner-1715072897\">\n          <div class=\"banner-inner fill\">\n        <div class=\"banner-bg fill\" >\n            <div class=\"bg fill bg-fill\"><\/div>\n                                    \n                    <\/div>\n        <div class=\"banner-layers container\">\n            <div class=\"fill banner-link\"><\/div>            \n\n   <div id=\"text-box-364871424\" class=\"text-box banner-layer x50 md-x50 lg-x50 y50 md-y50 lg-y50 res-text\">\n                                <div class=\"text-box-content text\">\n              \n              <div class=\"text-inner text-center\">\n                  \n\n\t<div id=\"gap-1248107519\" class=\"gap-element clearfix\" style=\"display:block; height:auto;\">\n\t\t\n<style>\n#gap-1248107519 {\n  padding-top: 35px;\n}\n<\/style>\n\t<\/div>\n\t\n\n<h4 class=\"uppercase\" style=\"text-align: center\" data-line-height=\"l\">LE PEELING s\u00e9curis\u00e9 anti-\u00e2ge<\/h4>\n<p style=\"text-align: left\" data-line-height=\"l\">Peeling based on glycolic acid (sugar cane extract), it is the most effective superficial peel because it has a low molecular weight and therefore dermal skin penetration.<\/p>\n<p style=\"text-align: left\" data-line-height=\"l\">The peeling clears the superficial layers of the epidermis. It makes the skin new. We perform a work on PH variations of the skin, on its acidity and it stimulates cell renewal, collagen production and hyaluronic acid.<\/p>\n<p style=\"text-align: left\" data-line-height=\"l\">There are different types of peels but those made at the Catherine Feher Anti-Age Center are superficial and secure, so any risk of burns is de facto ruled out.<\/p>\n<p style=\"text-align: left\" data-line-height=\"l\">The peeling acts on fine lines, light hyper-pigmentations. The grain of the skin is more refined, the acne scars are faded, the blurred complexion is brightened and unified. Thus, even the most sensitive skin can be treated.<\/p>\n<p style=\"text-align: left\" data-line-height=\"l\">It is possible and even advisable to increase the effectiveness of the peels, using a cold ultra-sound device that will penetrate the sera Lift and Hyal C (Cosmetics Dermo Catherine FEHER range). This device potentiates the action of the peel and thus makes it possible to optimize the results.<\/p>\n\n              <\/div>\n           <\/div>\n                            \n<style>\n#text-box-364871424 {\n  width: 100%;\n}\n#text-box-364871424 .text-box-content {\n  font-size: 100%;\n}\n<\/style>\n    <\/div>\n \n\n        <\/div>\n      <\/div>\n\n            \n<style>\n#banner-1715072897 {\n  padding-top: 500px;\n  background-color: rgb(255,255,255);\n}\n<\/style>\n  <\/div>\n\n\n\n<\/div><\/div>\n\n            <\/div>\n    <style>\n    #banner-grid-13779408 .grid-col-1{height: 550px}\n    #banner-grid-13779408 .grid-col-1-2{height: 275px}\n    #banner-grid-13779408 .grid-col-1-3{height:183.33333333333px}\n    #banner-grid-13779408 .grid-col-2-3{height: 366.66666666667px}\n    #banner-grid-13779408 .grid-col-1-4{height: 137.5px}\n    #banner-grid-13779408 .grid-col-3-4{height: 412.5px}\n\n\n    \n    \n\n  <\/style>\n    <\/div>\n  \n\n\t\t<\/div>\n\n\t\t\n<style>\n#section_1296978335 {\n  padding-top: 0px;\n  padding-bottom: 0px;\n}\n@media (min-width:550px) {\n  #section_1296978335 {\n    padding-top: 80px;\n    padding-bottom: 80px;\n  }\n}\n<\/style>\n\t<\/section>","protected":false},"excerpt":{"rendered":"","protected":false},"author":7,"featured_media":0,"parent":0,"menu_order":0,"comment_status":"closed","ping_status":"closed","template":"","meta":{"footnotes":""},"class_list":["post-413","page","type-page","status-publish","hentry"],"yoast_head":"<!-- This site is optimized with the Yoast SEO plugin v27.2 - https:\/\/yoast.com\/product\/yoast-seo-wordpress\/ -->\n<title>FACE - Gamme Dermocosm\u00e9tique Catherine FEHER<\/title>\n<meta name=\"robots\" content=\"index, follow, max-snippet:-1, max-image-preview:large, max-video-preview:-1\" \/>\n<link rel=\"canonical\" href=\"https:\/\/gamme-anti-age-feher.com\/en\/face\/\" \/>\n<meta property=\"og:locale\" content=\"en_US\" \/>\n<meta property=\"og:type\" content=\"article\" \/>\n<meta property=\"og:title\" content=\"FACE - Gamme Dermocosm\u00e9tique Catherine FEHER\" \/>\n<meta property=\"og:url\" content=\"https:\/\/gamme-anti-age-feher.com\/en\/face\/\" \/>\n<meta property=\"og:site_name\" content=\"Gamme Dermocosm\u00e9tique Catherine FEHER\" \/>\n<meta property=\"article:modified_time\" content=\"2022-11-02T16:37:00+00:00\" \/>\n<meta name=\"twitter:card\" content=\"summary_large_image\" \/>\n<meta name=\"twitter:label1\" content=\"Est. reading time\" \/>\n\t<meta name=\"twitter:data1\" content=\"3 minutes\" \/>\n<script type=\"application\/ld+json\" class=\"yoast-schema-graph\">{\"@context\":\"https:\/\/schema.org\",\"@graph\":[{\"@type\":\"WebPage\",\"@id\":\"https:\/\/gamme-anti-age-feher.com\/face\/\",\"url\":\"https:\/\/gamme-anti-age-feher.com\/face\/\",\"name\":\"FACE - Gamme Dermocosm\u00e9tique Catherine FEHER\",\"isPartOf\":{\"@id\":\"https:\/\/gamme-anti-age-feher.com\/#website\"},\"datePublished\":\"2018-06-06T17:03:39+00:00\",\"dateModified\":\"2022-11-02T16:37:00+00:00\",\"breadcrumb\":{\"@id\":\"https:\/\/gamme-anti-age-feher.com\/face\/#breadcrumb\"},\"inLanguage\":\"en-US\",\"potentialAction\":[{\"@type\":\"ReadAction\",\"target\":[\"https:\/\/gamme-anti-age-feher.com\/face\/\"]}]},{\"@type\":\"BreadcrumbList\",\"@id\":\"https:\/\/gamme-anti-age-feher.com\/face\/#breadcrumb\",\"itemListElement\":[{\"@type\":\"ListItem\",\"position\":1,\"name\":\"Accueil\",\"item\":\"https:\/\/gamme-anti-age-feher.com\/\"},{\"@type\":\"ListItem\",\"position\":2,\"name\":\"FACE\"}]},{\"@type\":\"WebSite\",\"@id\":\"https:\/\/gamme-anti-age-feher.com\/#website\",\"url\":\"https:\/\/gamme-anti-age-feher.com\/\",\"name\":\"Gamme Dermocosm\u00e9tique Catherine FEHER\",\"description\":\"L&#039;excellence \u00e0 la fran\u00e7aise avec des produits 100% fran\u00e7ais !\",\"potentialAction\":[{\"@type\":\"SearchAction\",\"target\":{\"@type\":\"EntryPoint\",\"urlTemplate\":\"https:\/\/gamme-anti-age-feher.com\/?s={search_term_string}\"},\"query-input\":{\"@type\":\"PropertyValueSpecification\",\"valueRequired\":true,\"valueName\":\"search_term_string\"}}],\"inLanguage\":\"en-US\"}]}<\/script>\n<!-- \/ Yoast SEO plugin. -->","yoast_head_json":{"title":"FACE - Gamme Dermocosm\u00e9tique Catherine FEHER","robots":{"index":"index","follow":"follow","max-snippet":"max-snippet:-1","max-image-preview":"max-image-preview:large","max-video-preview":"max-video-preview:-1"},"canonical":"https:\/\/gamme-anti-age-feher.com\/en\/face\/","og_locale":"en_US","og_type":"article","og_title":"FACE - Gamme Dermocosm\u00e9tique Catherine FEHER","og_url":"https:\/\/gamme-anti-age-feher.com\/en\/face\/","og_site_name":"Gamme Dermocosm\u00e9tique Catherine FEHER","article_modified_time":"2022-11-02T16:37:00+00:00","twitter_card":"summary_large_image","twitter_misc":{"Est. reading time":"3 minutes"},"schema":{"@context":"https:\/\/schema.org","@graph":[{"@type":"WebPage","@id":"https:\/\/gamme-anti-age-feher.com\/face\/","url":"https:\/\/gamme-anti-age-feher.com\/face\/","name":"FACE - Gamme Dermocosm\u00e9tique Catherine FEHER","isPartOf":{"@id":"https:\/\/gamme-anti-age-feher.com\/#website"},"datePublished":"2018-06-06T17:03:39+00:00","dateModified":"2022-11-02T16:37:00+00:00","breadcrumb":{"@id":"https:\/\/gamme-anti-age-feher.com\/face\/#breadcrumb"},"inLanguage":"en-US","potentialAction":[{"@type":"ReadAction","target":["https:\/\/gamme-anti-age-feher.com\/face\/"]}]},{"@type":"BreadcrumbList","@id":"https:\/\/gamme-anti-age-feher.com\/face\/#breadcrumb","itemListElement":[{"@type":"ListItem","position":1,"name":"Accueil","item":"https:\/\/gamme-anti-age-feher.com\/"},{"@type":"ListItem","position":2,"name":"FACE"}]},{"@type":"WebSite","@id":"https:\/\/gamme-anti-age-feher.com\/#website","url":"https:\/\/gamme-anti-age-feher.com\/","name":"Gamme Dermocosm\u00e9tique Catherine FEHER","description":"L&#039;excellence \u00e0 la fran\u00e7aise avec des produits 100% fran\u00e7ais !","potentialAction":[{"@type":"SearchAction","target":{"@type":"EntryPoint","urlTemplate":"https:\/\/gamme-anti-age-feher.com\/?s={search_term_string}"},"query-input":{"@type":"PropertyValueSpecification","valueRequired":true,"valueName":"search_term_string"}}],"inLanguage":"en-US"}]}},"_links":{"self":[{"href":"https:\/\/gamme-anti-age-feher.com\/en\/wp-json\/wp\/v2\/pages\/413","targetHints":{"allow":["GET"]}}],"collection":[{"href":"https:\/\/gamme-anti-age-feher.com\/en\/wp-json\/wp\/v2\/pages"}],"about":[{"href":"https:\/\/gamme-anti-age-feher.com\/en\/wp-json\/wp\/v2\/types\/page"}],"author":[{"embeddable":true,"href":"https:\/\/gamme-anti-age-feher.com\/en\/wp-json\/wp\/v2\/users\/7"}],"replies":[{"embeddable":true,"href":"https:\/\/gamme-anti-age-feher.com\/en\/wp-json\/wp\/v2\/comments?post=413"}],"version-history":[{"count":3,"href":"https:\/\/gamme-anti-age-feher.com\/en\/wp-json\/wp\/v2\/pages\/413\/revisions"}],"predecessor-version":[{"id":7447,"href":"https:\/\/gamme-anti-age-feher.com\/en\/wp-json\/wp\/v2\/pages\/413\/revisions\/7447"}],"wp:attachment":[{"href":"https:\/\/gamme-anti-age-feher.com\/en\/wp-json\/wp\/v2\/media?parent=413"}],"curies":[{"name":"wp","href":"https:\/\/api.w.org\/{rel}","templated":true}]}}