{"id":401,"date":"2018-06-06T19:01:15","date_gmt":"2018-06-06T17:01:15","guid":{"rendered":"https:\/\/www.gamme-anti-age-feher.com\/?page_id=401"},"modified":"2022-11-02T17:37:07","modified_gmt":"2022-11-02T16:37:07","slug":"services","status":"publish","type":"page","link":"https:\/\/gamme-anti-age-feher.com\/en\/services\/","title":{"rendered":"Services"},"content":{"rendered":"[mk_page_section layout_structure=\u00a0\u00bbhalf_right\u00a0\u00bb bg_image=\u00a0\u00bbhttps:\/\/www.gamme-anti-age-feher.com\/wp-content\/uploads\/2018\/06\/catherine-feher-services-600.jpg\u00a0\u00bb][vc_column][mk_fancy_title tag_name=\u00a0\u00bbh1&Prime; color=\u00a0\u00bb#000000&Prime; size=\u00a0\u00bb25&Prime; force_font_size=\u00a0\u00bbtrue\u00a0\u00bb txt_transform=\u00a0\u00bbuppercase\u00a0\u00bb font_family=\u00a0\u00bbnone\u00a0\u00bb]\n<p class=\"H_Description__title\">Services : Abonnement Visage et\/ou corps<\/p>\n[\/mk_fancy_title][mk_fancy_title color=\u00a0\u00bb#000000&Prime; size=\u00a0\u00bb20&Prime; force_font_size=\u00a0\u00bbtrue\u00a0\u00bb font_family=\u00a0\u00bbnone\u00a0\u00bb]\n<p class=\"H_Description__subtitle\">Centre sp\u00e9cialis\u00e9 dans la pratique du drainage lymphatique manuel &#8211; visage et corps<\/p>\n[\/mk_fancy_title][vc_column_text css=\u00a0\u00bb.vc_custom_1532674842506{margin-bottom: 0px !important;}\u00a0\u00bb]\n<div class=\"H_Description__content js__content\">\n<p>\u2013 Esth\u00e9tique visage de r\u00e9sultats durables et imm\u00e9diats sans injection<br \/>\n\u2013 Peeling \u00e0 l\u2019Acide glycolique \u2013 concentration selon le type de peau (d\u00e9riv\u00e9 de la canne \u00e0 sucre)<br \/>\n\u2013 Cryolift\u00ae avec p\u00e9n\u00e9tration de s\u00e9rums intradermiques gr\u00e2ce aux ultrasons<br \/>\n\u2013 Cr\u00e9ation d\u2019une gamme de produits adapt\u00e9s \u00e0 ces techniques<\/p>\n<\/div>\n[\/vc_column_text][\/vc_column][\/mk_page_section]\n","protected":false},"excerpt":{"rendered":"[mk_page_section layout_structure=\u00a0\u00bbhalf_right\u00a0\u00bb bg_image=\u00a0\u00bbhttps:\/\/www.gamme-anti-age-feher.com\/wp-content\/uploads\/2018\/06\/catherine-feher-services-600.jpg\u00a0\u00bb][vc_column][mk_fancy_title tag_name=\u00a0\u00bbh1&Prime; color=\u00a0\u00bb#000000&Prime; size=\u00a0\u00bb25&Prime; force_font_size=\u00a0\u00bbtrue\u00a0\u00bb txt_transform=\u00a0\u00bbuppercase\u00a0\u00bb font_family=\u00a0\u00bbnone\u00a0\u00bb] Services : Abonnement Visage et\/ou corps [\/mk_fancy_title][mk_fancy_title color=\u00a0\u00bb#000000&Prime; size=\u00a0\u00bb20&Prime; force_font_size=\u00a0\u00bbtrue\u00a0\u00bb font_family=\u00a0\u00bbnone\u00a0\u00bb] Centre sp\u00e9cialis\u00e9 dans la pratique du drainage lymphatique manuel &#8211; visage et corps [\/mk_fancy_title][vc_column_text css=\u00a0\u00bb.vc_custom_1532674842506{margin-bottom: 0px !important;}\u00a0\u00bb] \u2013 Esth\u00e9tique visage de r\u00e9sultats durables et imm\u00e9diats sans injection \u2013 Peeling \u00e0 l\u2019Acide glycolique \u2013 concentration selon [&#8230;]\n","protected":false},"author":7,"featured_media":0,"parent":0,"menu_order":0,"comment_status":"closed","ping_status":"closed","template":"","meta":{"footnotes":""},"class_list":["post-401","page","type-page","status-publish","hentry"],"yoast_head":"<!-- This site is optimized with the Yoast SEO plugin v27.2 - https:\/\/yoast.com\/product\/yoast-seo-wordpress\/ -->\n<title>Services - Gamme Dermocosm\u00e9tique Catherine FEHER<\/title>\n<meta name=\"robots\" content=\"index, follow, max-snippet:-1, max-image-preview:large, max-video-preview:-1\" \/>\n<link rel=\"canonical\" href=\"https:\/\/gamme-anti-age-feher.com\/en\/services\/\" \/>\n<meta property=\"og:locale\" content=\"en_US\" \/>\n<meta property=\"og:type\" content=\"article\" \/>\n<meta property=\"og:title\" content=\"Services - Gamme Dermocosm\u00e9tique Catherine FEHER\" \/>\n<meta property=\"og:description\" content=\"[mk_page_section layout_structure=\u00a0\u00bbhalf_right\u00a0\u00bb bg_image=\u00a0\u00bbhttps:\/\/www.gamme-anti-age-feher.com\/wp-content\/uploads\/2018\/06\/catherine-feher-services-600.jpg\u00a0\u00bb][vc_column][mk_fancy_title tag_name=\u00a0\u00bbh1&Prime; color=\u00a0\u00bb#000000&Prime; size=\u00a0\u00bb25&Prime; force_font_size=\u00a0\u00bbtrue\u00a0\u00bb txt_transform=\u00a0\u00bbuppercase\u00a0\u00bb font_family=\u00a0\u00bbnone\u00a0\u00bb] Services : Abonnement Visage et\/ou corps [\/mk_fancy_title][mk_fancy_title color=\u00a0\u00bb#000000&Prime; size=\u00a0\u00bb20&Prime; force_font_size=\u00a0\u00bbtrue\u00a0\u00bb font_family=\u00a0\u00bbnone\u00a0\u00bb] Centre sp\u00e9cialis\u00e9 dans la pratique du drainage lymphatique manuel &#8211; visage et corps [\/mk_fancy_title][vc_column_text css=\u00a0\u00bb.vc_custom_1532674842506{margin-bottom: 0px !important;}\u00a0\u00bb] \u2013 Esth\u00e9tique visage de r\u00e9sultats durables et imm\u00e9diats sans injection \u2013 Peeling \u00e0 l\u2019Acide glycolique \u2013 concentration selon [...]\" \/>\n<meta property=\"og:url\" content=\"https:\/\/gamme-anti-age-feher.com\/en\/services\/\" \/>\n<meta property=\"og:site_name\" content=\"Gamme Dermocosm\u00e9tique Catherine FEHER\" \/>\n<meta property=\"article:modified_time\" content=\"2022-11-02T16:37:07+00:00\" \/>\n<meta name=\"twitter:card\" content=\"summary_large_image\" \/>\n<meta name=\"twitter:label1\" content=\"Est. reading time\" \/>\n\t<meta name=\"twitter:data1\" content=\"1 minute\" \/>\n<script type=\"application\/ld+json\" class=\"yoast-schema-graph\">{\"@context\":\"https:\/\/schema.org\",\"@graph\":[{\"@type\":\"WebPage\",\"@id\":\"https:\/\/gamme-anti-age-feher.com\/services\/\",\"url\":\"https:\/\/gamme-anti-age-feher.com\/services\/\",\"name\":\"Services - Gamme Dermocosm\u00e9tique Catherine FEHER\",\"isPartOf\":{\"@id\":\"https:\/\/gamme-anti-age-feher.com\/#website\"},\"datePublished\":\"2018-06-06T17:01:15+00:00\",\"dateModified\":\"2022-11-02T16:37:07+00:00\",\"breadcrumb\":{\"@id\":\"https:\/\/gamme-anti-age-feher.com\/services\/#breadcrumb\"},\"inLanguage\":\"en-US\",\"potentialAction\":[{\"@type\":\"ReadAction\",\"target\":[\"https:\/\/gamme-anti-age-feher.com\/services\/\"]}]},{\"@type\":\"BreadcrumbList\",\"@id\":\"https:\/\/gamme-anti-age-feher.com\/services\/#breadcrumb\",\"itemListElement\":[{\"@type\":\"ListItem\",\"position\":1,\"name\":\"Accueil\",\"item\":\"https:\/\/gamme-anti-age-feher.com\/\"},{\"@type\":\"ListItem\",\"position\":2,\"name\":\"Services\"}]},{\"@type\":\"WebSite\",\"@id\":\"https:\/\/gamme-anti-age-feher.com\/#website\",\"url\":\"https:\/\/gamme-anti-age-feher.com\/\",\"name\":\"Gamme Dermocosm\u00e9tique Catherine FEHER\",\"description\":\"L&#039;excellence \u00e0 la fran\u00e7aise avec des produits 100% fran\u00e7ais !\",\"potentialAction\":[{\"@type\":\"SearchAction\",\"target\":{\"@type\":\"EntryPoint\",\"urlTemplate\":\"https:\/\/gamme-anti-age-feher.com\/?s={search_term_string}\"},\"query-input\":{\"@type\":\"PropertyValueSpecification\",\"valueRequired\":true,\"valueName\":\"search_term_string\"}}],\"inLanguage\":\"en-US\"}]}<\/script>\n<!-- \/ Yoast SEO plugin. -->","yoast_head_json":{"title":"Services - Gamme Dermocosm\u00e9tique Catherine FEHER","robots":{"index":"index","follow":"follow","max-snippet":"max-snippet:-1","max-image-preview":"max-image-preview:large","max-video-preview":"max-video-preview:-1"},"canonical":"https:\/\/gamme-anti-age-feher.com\/en\/services\/","og_locale":"en_US","og_type":"article","og_title":"Services - Gamme Dermocosm\u00e9tique Catherine FEHER","og_description":"[mk_page_section layout_structure=\u00a0\u00bbhalf_right\u00a0\u00bb bg_image=\u00a0\u00bbhttps:\/\/www.gamme-anti-age-feher.com\/wp-content\/uploads\/2018\/06\/catherine-feher-services-600.jpg\u00a0\u00bb][vc_column][mk_fancy_title tag_name=\u00a0\u00bbh1&Prime; color=\u00a0\u00bb#000000&Prime; size=\u00a0\u00bb25&Prime; force_font_size=\u00a0\u00bbtrue\u00a0\u00bb txt_transform=\u00a0\u00bbuppercase\u00a0\u00bb font_family=\u00a0\u00bbnone\u00a0\u00bb] Services : Abonnement Visage et\/ou corps [\/mk_fancy_title][mk_fancy_title color=\u00a0\u00bb#000000&Prime; size=\u00a0\u00bb20&Prime; force_font_size=\u00a0\u00bbtrue\u00a0\u00bb font_family=\u00a0\u00bbnone\u00a0\u00bb] Centre sp\u00e9cialis\u00e9 dans la pratique du drainage lymphatique manuel &#8211; visage et corps [\/mk_fancy_title][vc_column_text css=\u00a0\u00bb.vc_custom_1532674842506{margin-bottom: 0px !important;}\u00a0\u00bb] \u2013 Esth\u00e9tique visage de r\u00e9sultats durables et imm\u00e9diats sans injection \u2013 Peeling \u00e0 l\u2019Acide glycolique \u2013 concentration selon [...]","og_url":"https:\/\/gamme-anti-age-feher.com\/en\/services\/","og_site_name":"Gamme Dermocosm\u00e9tique Catherine FEHER","article_modified_time":"2022-11-02T16:37:07+00:00","twitter_card":"summary_large_image","twitter_misc":{"Est. reading time":"1 minute"},"schema":{"@context":"https:\/\/schema.org","@graph":[{"@type":"WebPage","@id":"https:\/\/gamme-anti-age-feher.com\/services\/","url":"https:\/\/gamme-anti-age-feher.com\/services\/","name":"Services - Gamme Dermocosm\u00e9tique Catherine FEHER","isPartOf":{"@id":"https:\/\/gamme-anti-age-feher.com\/#website"},"datePublished":"2018-06-06T17:01:15+00:00","dateModified":"2022-11-02T16:37:07+00:00","breadcrumb":{"@id":"https:\/\/gamme-anti-age-feher.com\/services\/#breadcrumb"},"inLanguage":"en-US","potentialAction":[{"@type":"ReadAction","target":["https:\/\/gamme-anti-age-feher.com\/services\/"]}]},{"@type":"BreadcrumbList","@id":"https:\/\/gamme-anti-age-feher.com\/services\/#breadcrumb","itemListElement":[{"@type":"ListItem","position":1,"name":"Accueil","item":"https:\/\/gamme-anti-age-feher.com\/"},{"@type":"ListItem","position":2,"name":"Services"}]},{"@type":"WebSite","@id":"https:\/\/gamme-anti-age-feher.com\/#website","url":"https:\/\/gamme-anti-age-feher.com\/","name":"Gamme Dermocosm\u00e9tique Catherine FEHER","description":"L&#039;excellence \u00e0 la fran\u00e7aise avec des produits 100% fran\u00e7ais !","potentialAction":[{"@type":"SearchAction","target":{"@type":"EntryPoint","urlTemplate":"https:\/\/gamme-anti-age-feher.com\/?s={search_term_string}"},"query-input":{"@type":"PropertyValueSpecification","valueRequired":true,"valueName":"search_term_string"}}],"inLanguage":"en-US"}]}},"_links":{"self":[{"href":"https:\/\/gamme-anti-age-feher.com\/en\/wp-json\/wp\/v2\/pages\/401","targetHints":{"allow":["GET"]}}],"collection":[{"href":"https:\/\/gamme-anti-age-feher.com\/en\/wp-json\/wp\/v2\/pages"}],"about":[{"href":"https:\/\/gamme-anti-age-feher.com\/en\/wp-json\/wp\/v2\/types\/page"}],"author":[{"embeddable":true,"href":"https:\/\/gamme-anti-age-feher.com\/en\/wp-json\/wp\/v2\/users\/7"}],"replies":[{"embeddable":true,"href":"https:\/\/gamme-anti-age-feher.com\/en\/wp-json\/wp\/v2\/comments?post=401"}],"version-history":[{"count":1,"href":"https:\/\/gamme-anti-age-feher.com\/en\/wp-json\/wp\/v2\/pages\/401\/revisions"}],"predecessor-version":[{"id":766,"href":"https:\/\/gamme-anti-age-feher.com\/en\/wp-json\/wp\/v2\/pages\/401\/revisions\/766"}],"wp:attachment":[{"href":"https:\/\/gamme-anti-age-feher.com\/en\/wp-json\/wp\/v2\/media?parent=401"}],"curies":[{"name":"wp","href":"https:\/\/api.w.org\/{rel}","templated":true}]}}