{"id":1307,"date":"2019-04-21T20:28:41","date_gmt":"2019-04-21T18:28:41","guid":{"rendered":"https:\/\/www.gamme-anti-age-feher.com\/?page_id=1307"},"modified":"2022-11-02T17:36:37","modified_gmt":"2022-11-02T16:36:37","slug":"video","status":"publish","type":"page","link":"https:\/\/gamme-anti-age-feher.com\/en\/video\/","title":{"rendered":"Vid\u00e9o"},"content":{"rendered":"<div class=\"banner has-hover\" id=\"banner-1064333831\">\n          <div class=\"banner-inner fill\">\n        <div class=\"banner-bg fill\" >\n            <div class=\"bg fill bg-fill\"><\/div>\n                                    \n                    <\/div>\n        <div class=\"banner-layers container\">\n            <div class=\"fill banner-link\"><\/div>            \n\n   <div id=\"text-box-339418046\" class=\"text-box banner-layer x50 md-x50 lg-x50 y50 md-y50 lg-y50 res-text\">\n                                <div class=\"text-box-content text\">\n              \n              <div class=\"text-inner text-center\">\n                  \n\n<h1 class=\"alt-font\"><strong>Nos vid\u00e9os<\/strong><\/h1>\n<div class=\"is-divider divider clearfix\" ><\/div>\n\n\n              <\/div>\n           <\/div>\n                            \n<style>\n#text-box-339418046 {\n  width: 60%;\n}\n#text-box-339418046 .text-box-content {\n  font-size: 100%;\n}\n<\/style>\n    <\/div>\n \n\n        <\/div>\n      <\/div>\n\n            \n<style>\n#banner-1064333831 {\n  padding-top: 250px;\n  background-color: rgb(255,255,255);\n}\n<\/style>\n  <\/div>\n\n\n\t<section class=\"section\" id=\"section_126633937\">\n\t\t<div class=\"bg section-bg fill bg-fill  bg-loaded\" >\n\n\t\t\t\n\t\t\t\n\t\t\t\n\n\t\t<\/div>\n\n\t\t<div class=\"section-content relative\">\n\t\t\t\n\n<div class=\"row\"  id=\"row-1728012947\">\n\n\n\t<div id=\"col-1698602905\" class=\"col small-12 large-12\"  >\n\t\t\t\t<div class=\"col-inner\"  >\n\t\t\t\n\t\t\t\n\n\n  <div class=\"banner has-hover\" id=\"banner-454176858\">\n          <div class=\"banner-inner fill\">\n        <div class=\"banner-bg fill\" >\n            <div class=\"bg fill bg-fill\"><\/div>\n                        <div class=\"overlay\"><\/div>            \n                    <\/div>\n        <div class=\"banner-layers container\">\n            <div class=\"fill banner-link\"><\/div>            \n\n   <div id=\"text-box-355779280\" class=\"text-box banner-layer x50 md-x50 lg-x50 y50 md-y50 lg-y50 res-text\">\n                                <div class=\"text-box-content text dark\">\n              \n              <div class=\"text-inner text-center\">\n                  \n\n\t<div id=\"gap-1628962445\" class=\"gap-element clearfix\" style=\"display:block; height:auto;\">\n\t\t\n<style>\n#gap-1628962445 {\n  padding-top: 20px;\n}\n<\/style>\n\t<\/div>\n\t\n\n\t<div id=\"text-2288437776\" class=\"text\">\n\t\t\n\n<h6>Qui sommes-nous ?<\/h6><h3 class=\"uppercase\">Catherine Feher nous dit tout !<\/h3>\n\t\t\n<style>\n#text-2288437776 {\n  font-size: 1rem;\n  line-height: 1;\n  text-align: center;\n}\n<\/style>\n\t<\/div>\n\t\n<div class=\"video-button-wrapper\" ><a href=\"https:\/\/www.youtube.com\/watch?v=Nu8YDmqJM9U\" class=\"button open-video icon circle is-outline is-xlarge\"><i class=\"icon-play\" style=\"font-size:1.5em;\"><\/i><\/a><\/div>\n\n\n              <\/div>\n           <\/div>\n                            \n<style>\n#text-box-355779280 {\n  width: 84%;\n}\n#text-box-355779280 .text-box-content {\n  font-size: 100%;\n}\n@media (min-width:550px) {\n  #text-box-355779280 {\n    width: 80%;\n  }\n}\n<\/style>\n    <\/div>\n \n\n        <\/div>\n      <\/div>\n\n            \n<style>\n#banner-454176858 {\n  padding-top: 300px;\n  background-color: rgb(255, 255, 255);\n}\n#banner-454176858 .bg.bg-loaded {\n  background-image: url(https:\/\/gamme-anti-age-feher.com\/wp-content\/uploads\/2018\/07\/frigitherapie.jpg);\n}\n#banner-454176858 .overlay {\n  background-color: rgba(0, 0, 0, 0.13);\n}\n#banner-454176858 .bg {\n  background-position: 4% 62%;\n}\n@media (min-width:550px) {\n  #banner-454176858 {\n    padding-top: 580px;\n  }\n}\n<\/style>\n  <\/div>\n\n\n\n\t\t<\/div>\n\t\t\t\t\t<\/div>\n\n\t\n\n<\/div>\n<div class=\"row\"  id=\"row-508245331\">\n\n\n\t<div id=\"col-2017527903\" class=\"col medium-6 small-12 large-6\"  >\n\t\t\t\t<div class=\"col-inner\"  >\n\t\t\t\n\t\t\t\n\n\n  <div class=\"banner has-hover\" id=\"banner-2012281787\">\n          <div class=\"banner-inner fill\">\n        <div class=\"banner-bg fill\" >\n            <div class=\"bg fill bg-fill\"><\/div>\n                        <div class=\"overlay\"><\/div>            \n                    <\/div>\n        <div class=\"banner-layers container\">\n            <div class=\"fill banner-link\"><\/div>            \n\n   <div id=\"text-box-188971985\" class=\"text-box banner-layer x50 md-x50 lg-x50 y50 md-y50 lg-y50 res-text\">\n                                <div class=\"text-box-content text dark\">\n              \n              <div class=\"text-inner text-center\">\n                  \n\n\t<div id=\"gap-1509169805\" class=\"gap-element clearfix\" style=\"display:block; height:auto;\">\n\t\t\n<style>\n#gap-1509169805 {\n  padding-top: 20px;\n}\n<\/style>\n\t<\/div>\n\t\n\n\t<div id=\"text-2411542645\" class=\"text\">\n\t\t\n\n<h6>Pr\u00e9sentation<\/h6><h3 class=\"uppercase\">Nouvelle gamme de cosm\u00e9tiques<\/h3>\n\t\t\n<style>\n#text-2411542645 {\n  font-size: 1rem;\n  line-height: 1;\n  text-align: center;\n}\n<\/style>\n\t<\/div>\n\t\n<div class=\"video-button-wrapper\" ><a href=\"https:\/\/www.youtube.com\/watch?v=hBQwIaz9upI\" class=\"button open-video icon circle is-outline is-xlarge\"><i class=\"icon-play\" style=\"font-size:1.5em;\"><\/i><\/a><\/div>\n\n\n              <\/div>\n           <\/div>\n                            \n<style>\n#text-box-188971985 {\n  width: 84%;\n}\n#text-box-188971985 .text-box-content {\n  font-size: 100%;\n}\n@media (min-width:550px) {\n  #text-box-188971985 {\n    width: 80%;\n  }\n}\n<\/style>\n    <\/div>\n \n\n        <\/div>\n      <\/div>\n\n              <div class=\"height-fix is-invisible\"><\/div>\n            \n<style>\n#banner-2012281787 .bg.bg-loaded {\n  background-image: 2126;\n}\n#banner-2012281787 .overlay {\n  background-color: rgba(0, 0, 0, 0.13);\n}\n#banner-2012281787 {\n  background-color: rgb(255, 255, 255);\n}\n#banner-2012281787 .bg {\n  background-position: 4% 62%;\n}\n<\/style>\n  <\/div>\n\n\n\n\t\t<\/div>\n\t\t\t\t\t<\/div>\n\n\t\n\n\t<div id=\"col-375099969\" class=\"col medium-6 small-12 large-6\"  >\n\t\t\t\t<div class=\"col-inner\"  >\n\t\t\t\n\t\t\t\n\n\n  <div class=\"banner has-hover\" id=\"banner-394142595\">\n          <div class=\"banner-inner fill\">\n        <div class=\"banner-bg fill\" >\n            <div class=\"bg fill bg-fill\"><\/div>\n                        <div class=\"overlay\"><\/div>            \n                    <\/div>\n        <div class=\"banner-layers container\">\n            <div class=\"fill banner-link\"><\/div>            \n\n   <div id=\"text-box-453819686\" class=\"text-box banner-layer x50 md-x50 lg-x50 y50 md-y50 lg-y50 res-text\">\n                                <div class=\"text-box-content text dark\">\n              \n              <div class=\"text-inner text-center\">\n                  \n\n\t<div id=\"gap-775463472\" class=\"gap-element clearfix\" style=\"display:block; height:auto;\">\n\t\t\n<style>\n#gap-775463472 {\n  padding-top: 20px;\n}\n<\/style>\n\t<\/div>\n\t\n\n\t<div id=\"text-2700013885\" class=\"text\">\n\t\t\n\n<h6>Soir\u00e9e<\/h6><h3 class=\"uppercase\">Shangri La Paris<\/h3>\n\t\t\n<style>\n#text-2700013885 {\n  font-size: 1rem;\n  line-height: 1;\n  text-align: center;\n}\n<\/style>\n\t<\/div>\n\t\n<div class=\"video-button-wrapper\" ><a href=\"https:\/\/www.youtube.com\/watch?v=X2NiJQLIrGE\" class=\"button open-video icon circle is-outline is-xlarge\"><i class=\"icon-play\" style=\"font-size:1.5em;\"><\/i><\/a><\/div>\n\n\n              <\/div>\n           <\/div>\n                            \n<style>\n#text-box-453819686 {\n  width: 84%;\n}\n#text-box-453819686 .text-box-content {\n  font-size: 100%;\n}\n@media (min-width:550px) {\n  #text-box-453819686 {\n    width: 80%;\n  }\n}\n<\/style>\n    <\/div>\n \n\n        <\/div>\n      <\/div>\n\n              <div class=\"height-fix is-invisible\"><img loading=\"lazy\" decoding=\"async\" width=\"750\" height=\"750\" src=\"https:\/\/gamme-anti-age-feher.com\/wp-content\/uploads\/2020\/06\/IMG_2719.jpg\" class=\"attachment-large size-large\" alt=\"\" srcset=\"https:\/\/gamme-anti-age-feher.com\/wp-content\/uploads\/2020\/06\/IMG_2719.jpg 750w, https:\/\/gamme-anti-age-feher.com\/wp-content\/uploads\/2020\/06\/IMG_2719-247x247.jpg 247w, https:\/\/gamme-anti-age-feher.com\/wp-content\/uploads\/2020\/06\/IMG_2719-100x100.jpg 100w, https:\/\/gamme-anti-age-feher.com\/wp-content\/uploads\/2020\/06\/IMG_2719-510x510.jpg 510w, https:\/\/gamme-anti-age-feher.com\/wp-content\/uploads\/2020\/06\/IMG_2719-400x400.jpg 400w, https:\/\/gamme-anti-age-feher.com\/wp-content\/uploads\/2020\/06\/IMG_2719-280x280.jpg 280w\" sizes=\"auto, (max-width: 750px) 100vw, 750px\" \/><\/div>\n            \n<style>\n#banner-394142595 .bg.bg-loaded {\n  background-image: url(https:\/\/gamme-anti-age-feher.com\/wp-content\/uploads\/2020\/06\/IMG_2719.jpg);\n}\n#banner-394142595 .overlay {\n  background-color: rgba(0, 0, 0, 0.13);\n}\n#banner-394142595 {\n  background-color: rgb(255, 255, 255);\n}\n#banner-394142595 .bg {\n  background-position: 4% 62%;\n}\n<\/style>\n  <\/div>\n\n\n\n\t\t<\/div>\n\t\t\t\t\t<\/div>\n\n\t\n\n<\/div>\n\n\t\t<\/div>\n\n\t\t\n<style>\n#section_126633937 {\n  padding-top: 0px;\n  padding-bottom: 0px;\n}\n@media (min-width:550px) {\n  #section_126633937 {\n    padding-top: 30px;\n    padding-bottom: 30px;\n  }\n}\n<\/style>\n\t<\/section>","protected":false},"excerpt":{"rendered":"","protected":false},"author":7,"featured_media":0,"parent":0,"menu_order":0,"comment_status":"closed","ping_status":"closed","template":"","meta":{"footnotes":""},"class_list":["post-1307","page","type-page","status-publish","hentry"],"yoast_head":"<!-- This site is optimized with the Yoast SEO plugin v27.2 - https:\/\/yoast.com\/product\/yoast-seo-wordpress\/ -->\n<title>Vid\u00e9o - Gamme Dermocosm\u00e9tique Catherine FEHER<\/title>\n<meta name=\"robots\" content=\"index, follow, max-snippet:-1, max-image-preview:large, max-video-preview:-1\" \/>\n<link rel=\"canonical\" href=\"https:\/\/gamme-anti-age-feher.com\/en\/video\/\" \/>\n<meta property=\"og:locale\" content=\"en_US\" \/>\n<meta property=\"og:type\" content=\"article\" \/>\n<meta property=\"og:title\" content=\"Vid\u00e9o - Gamme Dermocosm\u00e9tique Catherine FEHER\" \/>\n<meta property=\"og:url\" content=\"https:\/\/gamme-anti-age-feher.com\/en\/video\/\" \/>\n<meta property=\"og:site_name\" content=\"Gamme Dermocosm\u00e9tique Catherine FEHER\" \/>\n<meta property=\"article:modified_time\" content=\"2022-11-02T16:36:37+00:00\" \/>\n<meta name=\"twitter:card\" content=\"summary_large_image\" \/>\n<meta name=\"twitter:label1\" content=\"Est. reading time\" \/>\n\t<meta name=\"twitter:data1\" content=\"1 minute\" \/>\n<script type=\"application\/ld+json\" class=\"yoast-schema-graph\">{\"@context\":\"https:\/\/schema.org\",\"@graph\":[{\"@type\":\"WebPage\",\"@id\":\"https:\/\/gamme-anti-age-feher.com\/video\/\",\"url\":\"https:\/\/gamme-anti-age-feher.com\/video\/\",\"name\":\"Vid\u00e9o - Gamme Dermocosm\u00e9tique Catherine FEHER\",\"isPartOf\":{\"@id\":\"https:\/\/gamme-anti-age-feher.com\/#website\"},\"datePublished\":\"2019-04-21T18:28:41+00:00\",\"dateModified\":\"2022-11-02T16:36:37+00:00\",\"breadcrumb\":{\"@id\":\"https:\/\/gamme-anti-age-feher.com\/video\/#breadcrumb\"},\"inLanguage\":\"en-US\",\"potentialAction\":[{\"@type\":\"ReadAction\",\"target\":[\"https:\/\/gamme-anti-age-feher.com\/video\/\"]}]},{\"@type\":\"BreadcrumbList\",\"@id\":\"https:\/\/gamme-anti-age-feher.com\/video\/#breadcrumb\",\"itemListElement\":[{\"@type\":\"ListItem\",\"position\":1,\"name\":\"Accueil\",\"item\":\"https:\/\/gamme-anti-age-feher.com\/\"},{\"@type\":\"ListItem\",\"position\":2,\"name\":\"Vid\u00e9o\"}]},{\"@type\":\"WebSite\",\"@id\":\"https:\/\/gamme-anti-age-feher.com\/#website\",\"url\":\"https:\/\/gamme-anti-age-feher.com\/\",\"name\":\"Gamme Dermocosm\u00e9tique Catherine FEHER\",\"description\":\"L&#039;excellence \u00e0 la fran\u00e7aise avec des produits 100% fran\u00e7ais !\",\"potentialAction\":[{\"@type\":\"SearchAction\",\"target\":{\"@type\":\"EntryPoint\",\"urlTemplate\":\"https:\/\/gamme-anti-age-feher.com\/?s={search_term_string}\"},\"query-input\":{\"@type\":\"PropertyValueSpecification\",\"valueRequired\":true,\"valueName\":\"search_term_string\"}}],\"inLanguage\":\"en-US\"}]}<\/script>\n<!-- \/ Yoast SEO plugin. -->","yoast_head_json":{"title":"Vid\u00e9o - Gamme Dermocosm\u00e9tique Catherine FEHER","robots":{"index":"index","follow":"follow","max-snippet":"max-snippet:-1","max-image-preview":"max-image-preview:large","max-video-preview":"max-video-preview:-1"},"canonical":"https:\/\/gamme-anti-age-feher.com\/en\/video\/","og_locale":"en_US","og_type":"article","og_title":"Vid\u00e9o - Gamme Dermocosm\u00e9tique Catherine FEHER","og_url":"https:\/\/gamme-anti-age-feher.com\/en\/video\/","og_site_name":"Gamme Dermocosm\u00e9tique Catherine FEHER","article_modified_time":"2022-11-02T16:36:37+00:00","twitter_card":"summary_large_image","twitter_misc":{"Est. reading time":"1 minute"},"schema":{"@context":"https:\/\/schema.org","@graph":[{"@type":"WebPage","@id":"https:\/\/gamme-anti-age-feher.com\/video\/","url":"https:\/\/gamme-anti-age-feher.com\/video\/","name":"Vid\u00e9o - Gamme Dermocosm\u00e9tique Catherine FEHER","isPartOf":{"@id":"https:\/\/gamme-anti-age-feher.com\/#website"},"datePublished":"2019-04-21T18:28:41+00:00","dateModified":"2022-11-02T16:36:37+00:00","breadcrumb":{"@id":"https:\/\/gamme-anti-age-feher.com\/video\/#breadcrumb"},"inLanguage":"en-US","potentialAction":[{"@type":"ReadAction","target":["https:\/\/gamme-anti-age-feher.com\/video\/"]}]},{"@type":"BreadcrumbList","@id":"https:\/\/gamme-anti-age-feher.com\/video\/#breadcrumb","itemListElement":[{"@type":"ListItem","position":1,"name":"Accueil","item":"https:\/\/gamme-anti-age-feher.com\/"},{"@type":"ListItem","position":2,"name":"Vid\u00e9o"}]},{"@type":"WebSite","@id":"https:\/\/gamme-anti-age-feher.com\/#website","url":"https:\/\/gamme-anti-age-feher.com\/","name":"Gamme Dermocosm\u00e9tique Catherine FEHER","description":"L&#039;excellence \u00e0 la fran\u00e7aise avec des produits 100% fran\u00e7ais !","potentialAction":[{"@type":"SearchAction","target":{"@type":"EntryPoint","urlTemplate":"https:\/\/gamme-anti-age-feher.com\/?s={search_term_string}"},"query-input":{"@type":"PropertyValueSpecification","valueRequired":true,"valueName":"search_term_string"}}],"inLanguage":"en-US"}]}},"_links":{"self":[{"href":"https:\/\/gamme-anti-age-feher.com\/en\/wp-json\/wp\/v2\/pages\/1307","targetHints":{"allow":["GET"]}}],"collection":[{"href":"https:\/\/gamme-anti-age-feher.com\/en\/wp-json\/wp\/v2\/pages"}],"about":[{"href":"https:\/\/gamme-anti-age-feher.com\/en\/wp-json\/wp\/v2\/types\/page"}],"author":[{"embeddable":true,"href":"https:\/\/gamme-anti-age-feher.com\/en\/wp-json\/wp\/v2\/users\/7"}],"replies":[{"embeddable":true,"href":"https:\/\/gamme-anti-age-feher.com\/en\/wp-json\/wp\/v2\/comments?post=1307"}],"version-history":[{"count":9,"href":"https:\/\/gamme-anti-age-feher.com\/en\/wp-json\/wp\/v2\/pages\/1307\/revisions"}],"predecessor-version":[{"id":7332,"href":"https:\/\/gamme-anti-age-feher.com\/en\/wp-json\/wp\/v2\/pages\/1307\/revisions\/7332"}],"wp:attachment":[{"href":"https:\/\/gamme-anti-age-feher.com\/en\/wp-json\/wp\/v2\/media?parent=1307"}],"curies":[{"name":"wp","href":"https:\/\/api.w.org\/{rel}","templated":true}]}}